{"id":748,"date":"2023-05-26T22:50:03","date_gmt":"2023-05-26T20:50:03","guid":{"rendered":"https:\/\/www.irf-europa.com\/servicios\/cold-repair-furnace-rebuilding\/"},"modified":"2023-10-10T17:30:34","modified_gmt":"2023-10-10T15:30:34","slug":"cold-repair-furnace-rebuilding","status":"publish","type":"page","link":"https:\/\/www.irf-europa.com\/es\/servicios\/cold-repair-furnace-rebuilding\/","title":{"rendered":"COLD REPAIR &amp; FURNACE REBUILDING"},"content":{"rendered":"\n<div class=\"wp-block-group bglightgrey py-5\"><div class=\"wp-block-group__inner-container is-layout-flow wp-block-group-is-layout-flow\">\n<div class=\"wp-block-group container\"><div class=\"wp-block-group__inner-container is-layout-flow wp-block-group-is-layout-flow\">\n<h1 class=\"wp-block-heading has-text-align-center mb-4\">COLD REPAIR &amp; FURNACE REBUILDING<\/h1>\n\n\n\n<p class=\"has-text-align-center\">Servicios de reconstrucci\u00f3n total o parcial de varios tipos de hornos o de partes de ellos, desde la demolici\u00f3n hasta el montaje de los refractarios, desde el suministro de las carpinter\u00edas hasta la reconstrucci\u00f3n in situ.<\/p>\n<\/div><\/div>\n<\/div><\/div>\n\n\n\n<div class=\"wp-block-group container py-5\"><div class=\"wp-block-group__inner-container is-layout-flow wp-block-group-is-layout-flow\">\n<div class=\"wp-block-jetpack-tiled-gallery aligncenter is-style-square\"><div class=\"tiled-gallery__gallery\"><div class=\"tiled-gallery__row columns-8\"><div class=\"tiled-gallery__col\"><figure class=\"tiled-gallery__item\"><a href=\"https:\/\/i0.wp.com\/www.irf-europa.com\/wp-content\/uploads\/2022\/12\/IMG_20180706_010705.jpg?ssl=1\" data-lbwps-width=\"1440\" data-lbwps-height=\"1920\" data-lbwps-srcsmall=\"https:\/\/www.irf-europa.com\/wp-content\/uploads\/2022\/12\/IMG_20180706_010705-525x700.jpg\"><img decoding=\"async\" srcset=\"https:\/\/i0.wp.com\/www.irf-europa.com\/wp-content\/uploads\/2022\/12\/IMG_20180706_010705-768x1024.jpg?resize=600%2C600&#038;strip=info&#038;ssl=1 600w,https:\/\/i0.wp.com\/www.irf-europa.com\/wp-content\/uploads\/2022\/12\/IMG_20180706_010705-768x1024.jpg?resize=900%2C900&#038;strip=info&#038;ssl=1 900w,https:\/\/i0.wp.com\/www.irf-europa.com\/wp-content\/uploads\/2022\/12\/IMG_20180706_010705-768x1024.jpg?resize=1200%2C1200&#038;strip=info&#038;ssl=1 1200w,https:\/\/i0.wp.com\/www.irf-europa.com\/wp-content\/uploads\/2022\/12\/IMG_20180706_010705-768x1024.jpg?resize=1440%2C1440&#038;strip=info&#038;ssl=1 1440w\" alt=\"\" data-height=\"1920\" data-id=\"366\" data-link=\"https:\/\/www.irf-europa.com\/servizi\/cold-repair\/dav\/\" data-url=\"https:\/\/www.irf-europa.com\/wp-content\/uploads\/2022\/12\/IMG_20180706_010705-768x1024.jpg\" data-width=\"1440\" src=\"https:\/\/i0.wp.com\/www.irf-europa.com\/wp-content\/uploads\/2022\/12\/IMG_20180706_010705-768x1024.jpg?ssl=1&amp;resize=1440%2C1440\" data-amp-layout=\"responsive\"\/><\/a><\/figure><\/div><div class=\"tiled-gallery__col\"><figure class=\"tiled-gallery__item\"><a href=\"https:\/\/i0.wp.com\/www.irf-europa.com\/wp-content\/uploads\/2022\/12\/Immagine6.jpg?ssl=1\" data-lbwps-width=\"590\" data-lbwps-height=\"443\" data-lbwps-srcsmall=\"https:\/\/www.irf-europa.com\/wp-content\/uploads\/2022\/12\/Immagine6.jpg\"><img decoding=\"async\" srcset=\"https:\/\/i2.wp.com\/www.irf-europa.com\/wp-content\/uploads\/2022\/12\/Immagine6.jpg?resize=443%2C443&#038;strip=info&#038;ssl=1 443w\" alt=\"\" data-height=\"443\" data-id=\"370\" data-link=\"https:\/\/www.irf-europa.com\/servizi\/cold-repair\/immagine6\/\" data-url=\"https:\/\/www.irf-europa.com\/wp-content\/uploads\/2022\/12\/Immagine6.jpg\" data-width=\"590\" src=\"https:\/\/i2.wp.com\/www.irf-europa.com\/wp-content\/uploads\/2022\/12\/Immagine6.jpg?ssl=1&amp;resize=443%2C443\" data-amp-layout=\"responsive\"\/><\/a><\/figure><\/div><div class=\"tiled-gallery__col\"><figure class=\"tiled-gallery__item\"><a href=\"https:\/\/i0.wp.com\/www.irf-europa.com\/wp-content\/uploads\/2022\/12\/IMG-20201119-WA0029.jpg?ssl=1\" data-lbwps-width=\"1024\" data-lbwps-height=\"768\" data-lbwps-srcsmall=\"https:\/\/www.irf-europa.com\/wp-content\/uploads\/2022\/12\/IMG-20201119-WA0029-730x548.jpg\"><img decoding=\"async\" srcset=\"https:\/\/i1.wp.com\/www.irf-europa.com\/wp-content\/uploads\/2022\/12\/IMG-20201119-WA0029.jpg?resize=600%2C600&#038;strip=info&#038;ssl=1 600w,https:\/\/i1.wp.com\/www.irf-europa.com\/wp-content\/uploads\/2022\/12\/IMG-20201119-WA0029.jpg?resize=768%2C768&#038;strip=info&#038;ssl=1 768w\" alt=\"\" data-height=\"768\" data-id=\"374\" data-link=\"https:\/\/www.irf-europa.com\/servizi\/cold-repair\/img-20201119-wa0029\/\" data-url=\"https:\/\/www.irf-europa.com\/wp-content\/uploads\/2022\/12\/IMG-20201119-WA0029.jpg\" data-width=\"1024\" src=\"https:\/\/i1.wp.com\/www.irf-europa.com\/wp-content\/uploads\/2022\/12\/IMG-20201119-WA0029.jpg?ssl=1&amp;resize=768%2C768\" data-amp-layout=\"responsive\"\/><\/a><\/figure><\/div><div class=\"tiled-gallery__col\"><figure class=\"tiled-gallery__item\"><a href=\"https:\/\/i0.wp.com\/www.irf-europa.com\/wp-content\/uploads\/2022\/12\/IMG-20201119-WA0026.jpg?ssl=1\" data-lbwps-width=\"1024\" data-lbwps-height=\"768\" data-lbwps-srcsmall=\"https:\/\/www.irf-europa.com\/wp-content\/uploads\/2022\/12\/IMG-20201119-WA0026-730x548.jpg\"><img decoding=\"async\" srcset=\"https:\/\/i0.wp.com\/www.irf-europa.com\/wp-content\/uploads\/2022\/12\/IMG-20201119-WA0026.jpg?resize=600%2C600&#038;strip=info&#038;ssl=1 600w,https:\/\/i0.wp.com\/www.irf-europa.com\/wp-content\/uploads\/2022\/12\/IMG-20201119-WA0026.jpg?resize=768%2C768&#038;strip=info&#038;ssl=1 768w\" alt=\"\" data-height=\"768\" data-id=\"378\" data-link=\"https:\/\/www.irf-europa.com\/servizi\/cold-repair\/img-20201119-wa0026\/\" data-url=\"https:\/\/www.irf-europa.com\/wp-content\/uploads\/2022\/12\/IMG-20201119-WA0026.jpg\" data-width=\"1024\" src=\"https:\/\/i0.wp.com\/www.irf-europa.com\/wp-content\/uploads\/2022\/12\/IMG-20201119-WA0026.jpg?ssl=1&amp;resize=768%2C768\" data-amp-layout=\"responsive\"\/><\/a><\/figure><\/div><div class=\"tiled-gallery__col\"><figure class=\"tiled-gallery__item\"><a href=\"https:\/\/i0.wp.com\/www.irf-europa.com\/wp-content\/uploads\/2022\/12\/IMG-20201119-WA0002.jpg?ssl=1\" data-lbwps-width=\"1024\" data-lbwps-height=\"768\" data-lbwps-srcsmall=\"https:\/\/www.irf-europa.com\/wp-content\/uploads\/2022\/12\/IMG-20201119-WA0002-730x548.jpg\"><img decoding=\"async\" srcset=\"https:\/\/i0.wp.com\/www.irf-europa.com\/wp-content\/uploads\/2022\/12\/IMG-20201119-WA0002.jpg?resize=600%2C600&#038;strip=info&#038;ssl=1 600w,https:\/\/i0.wp.com\/www.irf-europa.com\/wp-content\/uploads\/2022\/12\/IMG-20201119-WA0002.jpg?resize=768%2C768&#038;strip=info&#038;ssl=1 768w\" alt=\"\" data-height=\"768\" data-id=\"382\" data-link=\"https:\/\/www.irf-europa.com\/servizi\/cold-repair\/img-20201119-wa0002\/\" data-url=\"https:\/\/www.irf-europa.com\/wp-content\/uploads\/2022\/12\/IMG-20201119-WA0002.jpg\" data-width=\"1024\" src=\"https:\/\/i0.wp.com\/www.irf-europa.com\/wp-content\/uploads\/2022\/12\/IMG-20201119-WA0002.jpg?ssl=1&amp;resize=768%2C768\" data-amp-layout=\"responsive\"\/><\/a><\/figure><\/div><div class=\"tiled-gallery__col\"><figure class=\"tiled-gallery__item\"><a href=\"https:\/\/i0.wp.com\/www.irf-europa.com\/wp-content\/uploads\/2022\/12\/IMG-20201117-WA0011.jpg?ssl=1\" data-lbwps-width=\"1024\" data-lbwps-height=\"768\" data-lbwps-srcsmall=\"https:\/\/www.irf-europa.com\/wp-content\/uploads\/2022\/12\/IMG-20201117-WA0011-730x548.jpg\"><img decoding=\"async\" srcset=\"https:\/\/i1.wp.com\/www.irf-europa.com\/wp-content\/uploads\/2022\/12\/IMG-20201117-WA0011.jpg?resize=600%2C600&#038;strip=info&#038;ssl=1 600w,https:\/\/i1.wp.com\/www.irf-europa.com\/wp-content\/uploads\/2022\/12\/IMG-20201117-WA0011.jpg?resize=768%2C768&#038;strip=info&#038;ssl=1 768w\" alt=\"\" data-height=\"768\" data-id=\"386\" data-link=\"https:\/\/www.irf-europa.com\/servizi\/cold-repair\/img-20201117-wa0011\/\" data-url=\"https:\/\/www.irf-europa.com\/wp-content\/uploads\/2022\/12\/IMG-20201117-WA0011.jpg\" data-width=\"1024\" src=\"https:\/\/i1.wp.com\/www.irf-europa.com\/wp-content\/uploads\/2022\/12\/IMG-20201117-WA0011.jpg?ssl=1&amp;resize=768%2C768\" data-amp-layout=\"responsive\"\/><\/a><\/figure><\/div><div class=\"tiled-gallery__col\"><figure class=\"tiled-gallery__item\"><a href=\"https:\/\/i0.wp.com\/www.irf-europa.com\/wp-content\/uploads\/2022\/12\/DSC_0098.jpg?ssl=1\" data-lbwps-width=\"1920\" data-lbwps-height=\"1272\" data-lbwps-srcsmall=\"https:\/\/www.irf-europa.com\/wp-content\/uploads\/2022\/12\/DSC_0098-730x484.jpg\"><img decoding=\"async\" srcset=\"https:\/\/i0.wp.com\/www.irf-europa.com\/wp-content\/uploads\/2022\/12\/DSC_0098-1110x735.jpg?resize=600%2C600&#038;strip=info&#038;ssl=1 600w,https:\/\/i0.wp.com\/www.irf-europa.com\/wp-content\/uploads\/2022\/12\/DSC_0098-1110x735.jpg?resize=900%2C900&#038;strip=info&#038;ssl=1 900w,https:\/\/i0.wp.com\/www.irf-europa.com\/wp-content\/uploads\/2022\/12\/DSC_0098-1110x735.jpg?resize=1200%2C1200&#038;strip=info&#038;ssl=1 1200w,https:\/\/i0.wp.com\/www.irf-europa.com\/wp-content\/uploads\/2022\/12\/DSC_0098-1110x735.jpg?resize=1272%2C1272&#038;strip=info&#038;ssl=1 1272w\" alt=\"\" data-height=\"1272\" data-id=\"390\" data-link=\"https:\/\/www.irf-europa.com\/servizi\/cold-repair\/dsc_0098\/\" data-url=\"https:\/\/www.irf-europa.com\/wp-content\/uploads\/2022\/12\/DSC_0098-1110x735.jpg\" data-width=\"1920\" src=\"https:\/\/i0.wp.com\/www.irf-europa.com\/wp-content\/uploads\/2022\/12\/DSC_0098-1110x735.jpg?ssl=1&amp;resize=1272%2C1272\" data-amp-layout=\"responsive\"\/><\/a><\/figure><\/div><div class=\"tiled-gallery__col\"><figure class=\"tiled-gallery__item\"><a href=\"https:\/\/i0.wp.com\/www.irf-europa.com\/wp-content\/uploads\/2022\/12\/3.jpg?ssl=1\" data-lbwps-width=\"1920\" data-lbwps-height=\"1440\" data-lbwps-srcsmall=\"https:\/\/www.irf-europa.com\/wp-content\/uploads\/2022\/12\/3-730x548.jpg\"><img decoding=\"async\" srcset=\"https:\/\/i2.wp.com\/www.irf-europa.com\/wp-content\/uploads\/2022\/12\/3-1110x833.jpg?resize=600%2C600&#038;strip=info&#038;ssl=1 600w,https:\/\/i2.wp.com\/www.irf-europa.com\/wp-content\/uploads\/2022\/12\/3-1110x833.jpg?resize=900%2C900&#038;strip=info&#038;ssl=1 900w,https:\/\/i2.wp.com\/www.irf-europa.com\/wp-content\/uploads\/2022\/12\/3-1110x833.jpg?resize=1200%2C1200&#038;strip=info&#038;ssl=1 1200w,https:\/\/i2.wp.com\/www.irf-europa.com\/wp-content\/uploads\/2022\/12\/3-1110x833.jpg?resize=1440%2C1440&#038;strip=info&#038;ssl=1 1440w\" alt=\"\" data-height=\"1440\" data-id=\"394\" data-link=\"https:\/\/www.irf-europa.com\/servizi\/cold-repair\/dav-2\/\" data-url=\"https:\/\/www.irf-europa.com\/wp-content\/uploads\/2022\/12\/3-1110x833.jpg\" data-width=\"1920\" src=\"https:\/\/i2.wp.com\/www.irf-europa.com\/wp-content\/uploads\/2022\/12\/3-1110x833.jpg?ssl=1&amp;resize=1440%2C1440\" data-amp-layout=\"responsive\"\/><\/a><\/figure><\/div><\/div><\/div><\/div>\n\n\n\n<div style=\"height:0.5rem\" aria-hidden=\"true\" class=\"wp-block-spacer\"><\/div>\n\n\n\n<div class=\"wp-block-columns my-5 is-layout-flex wp-container-core-columns-is-layout-9d6595d7 wp-block-columns-is-layout-flex\">\n<div class=\"wp-block-column is-layout-flow wp-block-column-is-layout-flow\">\n<h2 class=\"wp-block-heading underline h3\"><strong><strong><strong><strong><strong>Cast In Place<\/strong><\/strong><\/strong><\/strong><\/strong><\/h2>\n<\/div>\n\n\n\n<div class=\"wp-block-column is-layout-flow wp-block-column-is-layout-flow\">\n<p>En algunas aplicaciones, la instalaci\u00f3n de materiales refractarios en forma de colada es preferible tanto en la zona de contacto con el vidrio como en las superestructuras. Para este fin, IRF cuenta con una bomba de alta presi\u00f3n para materiales refractarios capaz de trabajar con materiales de diferente naturaleza, peso espec\u00edfico y granulometr\u00eda.<\/p>\n<\/div>\n<\/div>\n\n\n\n<hr class=\"wp-block-separator has-css-opacity my-xl\"\/>\n\n\n\n<div class=\"wp-block-columns my-5 is-layout-flex wp-container-core-columns-is-layout-9d6595d7 wp-block-columns-is-layout-flex\">\n<div class=\"wp-block-column is-layout-flow wp-block-column-is-layout-flow\">\n<h2 class=\"wp-block-heading underline h3\"><strong><strong><strong><strong><strong>Reconstrucciones totales o parciales<\/strong><\/strong><\/strong><\/strong><\/strong><\/h2>\n<\/div>\n\n\n\n<div class=\"wp-block-column is-layout-flow wp-block-column-is-layout-flow\">\n<p>El equipo de IRF ha gestionado con \u00e9xito numerosas reconstrucciones totales o parciales en su totalidad: desde las fases de drenaje hasta la demolici\u00f3n, desde la instalaci\u00f3n de los nuevos refractarios hasta la sustituci\u00f3n de las carpinter\u00edas y el precalentamiento del horno.<\/p>\n<\/div>\n<\/div>\n\n\n\n<p><\/p>\n<\/div><\/div>\n","protected":false},"excerpt":{"rendered":"<p>COLD REPAIR &amp; FURNACE REBUILDING Servicios de reconstrucci\u00f3n total o parcial de varios tipos de hornos o de partes de&hellip;<\/p>\n<p><a class=\"btn btn-dark btn-sm websoup-read-more-link\" href=\"https:\/\/www.irf-europa.com\/es\/servicios\/cold-repair-furnace-rebuilding\/\">Read More&#8230;<\/a><\/p>\n","protected":false},"author":1,"featured_media":654,"parent":742,"menu_order":0,"comment_status":"closed","ping_status":"closed","template":"page-templates\/empty.php","meta":{"inline_featured_image":false,"footnotes":""},"class_list":["post-748","page","type-page","status-publish","has-post-thumbnail","hentry"],"yoast_head":"<!-- This site is optimized with the Yoast SEO plugin v27.5 - https:\/\/yoast.com\/product\/yoast-seo-wordpress\/ -->\n<title>COLD REPAIR &amp; FURNACE REBUILDING - IRF Europa<\/title>\n<meta name=\"robots\" content=\"index, follow, max-snippet:-1, max-image-preview:large, max-video-preview:-1\" \/>\n<link rel=\"canonical\" href=\"https:\/\/www.irf-europa.com\/es\/servicios\/cold-repair-furnace-rebuilding\/\" \/>\n<meta property=\"og:locale\" content=\"es_ES\" \/>\n<meta property=\"og:type\" content=\"article\" \/>\n<meta property=\"og:title\" content=\"COLD REPAIR &amp; FURNACE REBUILDING - IRF Europa\" \/>\n<meta property=\"og:description\" content=\"COLD REPAIR &amp; FURNACE REBUILDING Servicios de reconstrucci\u00f3n total o parcial de varios tipos de hornos o de partes de&hellip;Read More...\" \/>\n<meta property=\"og:url\" content=\"https:\/\/www.irf-europa.com\/es\/servicios\/cold-repair-furnace-rebuilding\/\" \/>\n<meta property=\"og:site_name\" content=\"IRF Europa\" \/>\n<meta property=\"article:modified_time\" content=\"2023-10-10T15:30:34+00:00\" \/>\n<meta property=\"og:image\" content=\"https:\/\/www.irf-europa.com\/wp-content\/uploads\/2021\/10\/coldrepair.jpg\" \/>\n\t<meta property=\"og:image:width\" content=\"1024\" \/>\n\t<meta property=\"og:image:height\" content=\"768\" \/>\n\t<meta property=\"og:image:type\" content=\"image\/jpeg\" \/>\n<meta name=\"twitter:card\" content=\"summary_large_image\" \/>\n<meta name=\"twitter:label1\" content=\"Tiempo de lectura\" \/>\n\t<meta name=\"twitter:data1\" content=\"3 minutos\" \/>\n<script type=\"application\/ld+json\" class=\"yoast-schema-graph\">{\"@context\":\"https:\\\/\\\/schema.org\",\"@graph\":[{\"@type\":\"WebPage\",\"@id\":\"https:\\\/\\\/www.irf-europa.com\\\/es\\\/servicios\\\/cold-repair-furnace-rebuilding\\\/\",\"url\":\"https:\\\/\\\/www.irf-europa.com\\\/es\\\/servicios\\\/cold-repair-furnace-rebuilding\\\/\",\"name\":\"COLD REPAIR &amp; FURNACE REBUILDING - IRF Europa\",\"isPartOf\":{\"@id\":\"https:\\\/\\\/www.irf-europa.com\\\/es\\\/#website\"},\"primaryImageOfPage\":{\"@id\":\"https:\\\/\\\/www.irf-europa.com\\\/es\\\/servicios\\\/cold-repair-furnace-rebuilding\\\/#primaryimage\"},\"image\":{\"@id\":\"https:\\\/\\\/www.irf-europa.com\\\/es\\\/servicios\\\/cold-repair-furnace-rebuilding\\\/#primaryimage\"},\"thumbnailUrl\":\"https:\\\/\\\/i0.wp.com\\\/www.irf-europa.com\\\/wp-content\\\/uploads\\\/2021\\\/10\\\/coldrepair.jpg?fit=1024%2C768&ssl=1\",\"datePublished\":\"2023-05-26T20:50:03+00:00\",\"dateModified\":\"2023-10-10T15:30:34+00:00\",\"breadcrumb\":{\"@id\":\"https:\\\/\\\/www.irf-europa.com\\\/es\\\/servicios\\\/cold-repair-furnace-rebuilding\\\/#breadcrumb\"},\"inLanguage\":\"es\",\"potentialAction\":[{\"@type\":\"ReadAction\",\"target\":[\"https:\\\/\\\/www.irf-europa.com\\\/es\\\/servicios\\\/cold-repair-furnace-rebuilding\\\/\"]}]},{\"@type\":\"ImageObject\",\"inLanguage\":\"es\",\"@id\":\"https:\\\/\\\/www.irf-europa.com\\\/es\\\/servicios\\\/cold-repair-furnace-rebuilding\\\/#primaryimage\",\"url\":\"https:\\\/\\\/i0.wp.com\\\/www.irf-europa.com\\\/wp-content\\\/uploads\\\/2021\\\/10\\\/coldrepair.jpg?fit=1024%2C768&ssl=1\",\"contentUrl\":\"https:\\\/\\\/i0.wp.com\\\/www.irf-europa.com\\\/wp-content\\\/uploads\\\/2021\\\/10\\\/coldrepair.jpg?fit=1024%2C768&ssl=1\",\"width\":1024,\"height\":768},{\"@type\":\"BreadcrumbList\",\"@id\":\"https:\\\/\\\/www.irf-europa.com\\\/es\\\/servicios\\\/cold-repair-furnace-rebuilding\\\/#breadcrumb\",\"itemListElement\":[{\"@type\":\"ListItem\",\"position\":1,\"name\":\"Home\",\"item\":\"https:\\\/\\\/www.irf-europa.com\\\/es\\\/\"},{\"@type\":\"ListItem\",\"position\":2,\"name\":\"Servicios\",\"item\":\"https:\\\/\\\/www.irf-europa.com\\\/es\\\/servicios\\\/?lang=es\"},{\"@type\":\"ListItem\",\"position\":3,\"name\":\"COLD REPAIR &amp; FURNACE REBUILDING\"}]},{\"@type\":\"WebSite\",\"@id\":\"https:\\\/\\\/www.irf-europa.com\\\/es\\\/#website\",\"url\":\"https:\\\/\\\/www.irf-europa.com\\\/es\\\/\",\"name\":\"IRF Europa\",\"description\":\"Riparazione e manutenzione di forni per la fusione del vetro\",\"publisher\":{\"@id\":\"https:\\\/\\\/www.irf-europa.com\\\/es\\\/#organization\"},\"potentialAction\":[{\"@type\":\"SearchAction\",\"target\":{\"@type\":\"EntryPoint\",\"urlTemplate\":\"https:\\\/\\\/www.irf-europa.com\\\/es\\\/?s={search_term_string}\"},\"query-input\":{\"@type\":\"PropertyValueSpecification\",\"valueRequired\":true,\"valueName\":\"search_term_string\"}}],\"inLanguage\":\"es\"},{\"@type\":\"Organization\",\"@id\":\"https:\\\/\\\/www.irf-europa.com\\\/es\\\/#organization\",\"name\":\"IRF Europa\",\"url\":\"https:\\\/\\\/www.irf-europa.com\\\/es\\\/\",\"logo\":{\"@type\":\"ImageObject\",\"inLanguage\":\"es\",\"@id\":\"https:\\\/\\\/www.irf-europa.com\\\/es\\\/#\\\/schema\\\/logo\\\/image\\\/\",\"url\":\"https:\\\/\\\/i0.wp.com\\\/www.irf-europa.com\\\/wp-content\\\/uploads\\\/2021\\\/10\\\/irf-europa.png?fit=752%2C248&ssl=1\",\"contentUrl\":\"https:\\\/\\\/i0.wp.com\\\/www.irf-europa.com\\\/wp-content\\\/uploads\\\/2021\\\/10\\\/irf-europa.png?fit=752%2C248&ssl=1\",\"width\":752,\"height\":248,\"caption\":\"IRF Europa\"},\"image\":{\"@id\":\"https:\\\/\\\/www.irf-europa.com\\\/es\\\/#\\\/schema\\\/logo\\\/image\\\/\"},\"sameAs\":[\"https:\\\/\\\/www.linkedin.com\\\/company\\\/irf-europa-srl\\\/\"]}]}<\/script>\n<!-- \/ Yoast SEO plugin. -->","yoast_head_json":{"title":"COLD REPAIR &amp; FURNACE REBUILDING - IRF Europa","robots":{"index":"index","follow":"follow","max-snippet":"max-snippet:-1","max-image-preview":"max-image-preview:large","max-video-preview":"max-video-preview:-1"},"canonical":"https:\/\/www.irf-europa.com\/es\/servicios\/cold-repair-furnace-rebuilding\/","og_locale":"es_ES","og_type":"article","og_title":"COLD REPAIR &amp; FURNACE REBUILDING - IRF Europa","og_description":"COLD REPAIR &amp; FURNACE REBUILDING Servicios de reconstrucci\u00f3n total o parcial de varios tipos de hornos o de partes de&hellip;Read More...","og_url":"https:\/\/www.irf-europa.com\/es\/servicios\/cold-repair-furnace-rebuilding\/","og_site_name":"IRF Europa","article_modified_time":"2023-10-10T15:30:34+00:00","og_image":[{"width":1024,"height":768,"url":"https:\/\/www.irf-europa.com\/wp-content\/uploads\/2021\/10\/coldrepair.jpg","type":"image\/jpeg"}],"twitter_card":"summary_large_image","twitter_misc":{"Tiempo de lectura":"3 minutos"},"schema":{"@context":"https:\/\/schema.org","@graph":[{"@type":"WebPage","@id":"https:\/\/www.irf-europa.com\/es\/servicios\/cold-repair-furnace-rebuilding\/","url":"https:\/\/www.irf-europa.com\/es\/servicios\/cold-repair-furnace-rebuilding\/","name":"COLD REPAIR &amp; FURNACE REBUILDING - IRF Europa","isPartOf":{"@id":"https:\/\/www.irf-europa.com\/es\/#website"},"primaryImageOfPage":{"@id":"https:\/\/www.irf-europa.com\/es\/servicios\/cold-repair-furnace-rebuilding\/#primaryimage"},"image":{"@id":"https:\/\/www.irf-europa.com\/es\/servicios\/cold-repair-furnace-rebuilding\/#primaryimage"},"thumbnailUrl":"https:\/\/i0.wp.com\/www.irf-europa.com\/wp-content\/uploads\/2021\/10\/coldrepair.jpg?fit=1024%2C768&ssl=1","datePublished":"2023-05-26T20:50:03+00:00","dateModified":"2023-10-10T15:30:34+00:00","breadcrumb":{"@id":"https:\/\/www.irf-europa.com\/es\/servicios\/cold-repair-furnace-rebuilding\/#breadcrumb"},"inLanguage":"es","potentialAction":[{"@type":"ReadAction","target":["https:\/\/www.irf-europa.com\/es\/servicios\/cold-repair-furnace-rebuilding\/"]}]},{"@type":"ImageObject","inLanguage":"es","@id":"https:\/\/www.irf-europa.com\/es\/servicios\/cold-repair-furnace-rebuilding\/#primaryimage","url":"https:\/\/i0.wp.com\/www.irf-europa.com\/wp-content\/uploads\/2021\/10\/coldrepair.jpg?fit=1024%2C768&ssl=1","contentUrl":"https:\/\/i0.wp.com\/www.irf-europa.com\/wp-content\/uploads\/2021\/10\/coldrepair.jpg?fit=1024%2C768&ssl=1","width":1024,"height":768},{"@type":"BreadcrumbList","@id":"https:\/\/www.irf-europa.com\/es\/servicios\/cold-repair-furnace-rebuilding\/#breadcrumb","itemListElement":[{"@type":"ListItem","position":1,"name":"Home","item":"https:\/\/www.irf-europa.com\/es\/"},{"@type":"ListItem","position":2,"name":"Servicios","item":"https:\/\/www.irf-europa.com\/es\/servicios\/?lang=es"},{"@type":"ListItem","position":3,"name":"COLD REPAIR &amp; FURNACE REBUILDING"}]},{"@type":"WebSite","@id":"https:\/\/www.irf-europa.com\/es\/#website","url":"https:\/\/www.irf-europa.com\/es\/","name":"IRF Europa","description":"Riparazione e manutenzione di forni per la fusione del vetro","publisher":{"@id":"https:\/\/www.irf-europa.com\/es\/#organization"},"potentialAction":[{"@type":"SearchAction","target":{"@type":"EntryPoint","urlTemplate":"https:\/\/www.irf-europa.com\/es\/?s={search_term_string}"},"query-input":{"@type":"PropertyValueSpecification","valueRequired":true,"valueName":"search_term_string"}}],"inLanguage":"es"},{"@type":"Organization","@id":"https:\/\/www.irf-europa.com\/es\/#organization","name":"IRF Europa","url":"https:\/\/www.irf-europa.com\/es\/","logo":{"@type":"ImageObject","inLanguage":"es","@id":"https:\/\/www.irf-europa.com\/es\/#\/schema\/logo\/image\/","url":"https:\/\/i0.wp.com\/www.irf-europa.com\/wp-content\/uploads\/2021\/10\/irf-europa.png?fit=752%2C248&ssl=1","contentUrl":"https:\/\/i0.wp.com\/www.irf-europa.com\/wp-content\/uploads\/2021\/10\/irf-europa.png?fit=752%2C248&ssl=1","width":752,"height":248,"caption":"IRF Europa"},"image":{"@id":"https:\/\/www.irf-europa.com\/es\/#\/schema\/logo\/image\/"},"sameAs":["https:\/\/www.linkedin.com\/company\/irf-europa-srl\/"]}]}},"jetpack_sharing_enabled":true,"_links":{"self":[{"href":"https:\/\/www.irf-europa.com\/es\/wp-json\/wp\/v2\/pages\/748","targetHints":{"allow":["GET"]}}],"collection":[{"href":"https:\/\/www.irf-europa.com\/es\/wp-json\/wp\/v2\/pages"}],"about":[{"href":"https:\/\/www.irf-europa.com\/es\/wp-json\/wp\/v2\/types\/page"}],"author":[{"embeddable":true,"href":"https:\/\/www.irf-europa.com\/es\/wp-json\/wp\/v2\/users\/1"}],"replies":[{"embeddable":true,"href":"https:\/\/www.irf-europa.com\/es\/wp-json\/wp\/v2\/comments?post=748"}],"version-history":[{"count":4,"href":"https:\/\/www.irf-europa.com\/es\/wp-json\/wp\/v2\/pages\/748\/revisions"}],"predecessor-version":[{"id":961,"href":"https:\/\/www.irf-europa.com\/es\/wp-json\/wp\/v2\/pages\/748\/revisions\/961"}],"up":[{"embeddable":true,"href":"https:\/\/www.irf-europa.com\/es\/wp-json\/wp\/v2\/pages\/742"}],"wp:featuredmedia":[{"embeddable":true,"href":"https:\/\/www.irf-europa.com\/es\/wp-json\/wp\/v2\/media\/654"}],"wp:attachment":[{"href":"https:\/\/www.irf-europa.com\/es\/wp-json\/wp\/v2\/media?parent=748"}],"curies":[{"name":"wp","href":"https:\/\/api.w.org\/{rel}","templated":true}]}}