{"id":750,"date":"2023-05-26T22:50:11","date_gmt":"2023-05-26T20:50:11","guid":{"rendered":"https:\/\/www.irf-europa.com\/servicios\/auditoria\/"},"modified":"2023-10-10T17:29:44","modified_gmt":"2023-10-10T15:29:44","slug":"auditoria","status":"publish","type":"page","link":"https:\/\/www.irf-europa.com\/es\/servicios\/auditoria\/","title":{"rendered":"Auditor\u00eda"},"content":{"rendered":"\n<div class=\"wp-block-group bglightgrey py-5\"><div class=\"wp-block-group__inner-container is-layout-flow wp-block-group-is-layout-flow\">\n<div class=\"wp-block-group container\"><div class=\"wp-block-group__inner-container is-layout-flow wp-block-group-is-layout-flow\">\n<h1 class=\"wp-block-heading has-text-align-center mb-4\">Auditor\u00eda<\/h1>\n\n\n\n<p class=\"has-text-align-center\">Realizar regularmente inspecciones internas y externas permite evaluar el estado del horno y hacer un an\u00e1lisis predictivo de los posibles problemas que podr\u00edan afectar tanto la duraci\u00f3n de la campa\u00f1a de producci\u00f3n como la calidad de la producci\u00f3n, el consumo de energ\u00eda y los aspectos de seguridad de la instalaci\u00f3n. IRF proporciona un servicio de auditor\u00eda completo para mantener bajo control las condiciones del horno y planificar las intervenciones necesarias a corto, mediano y largo plazo.<\/p>\n<\/div><\/div>\n<\/div><\/div>\n\n\n\n<div class=\"wp-block-group container py-5\"><div class=\"wp-block-group__inner-container is-layout-flow wp-block-group-is-layout-flow\">\n<div class=\"wp-block-jetpack-tiled-gallery aligncenter is-style-square\"><div class=\"tiled-gallery__gallery\"><div class=\"tiled-gallery__row columns-7\"><div class=\"tiled-gallery__col\"><figure class=\"tiled-gallery__item\"><a href=\"https:\/\/i0.wp.com\/www.irf-europa.com\/wp-content\/uploads\/2022\/12\/FLIR1313.jpg?ssl=1\" data-lbwps-width=\"464\" data-lbwps-height=\"348\" data-lbwps-srcsmall=\"https:\/\/www.irf-europa.com\/wp-content\/uploads\/2022\/12\/FLIR1313.jpg\"><img decoding=\"async\" srcset=\"https:\/\/i2.wp.com\/www.irf-europa.com\/wp-content\/uploads\/2022\/12\/FLIR1313.jpg?resize=348%2C348&#038;strip=info&#038;ssl=1 348w\" alt=\"\" data-height=\"348\" data-id=\"354\" data-link=\"https:\/\/www.irf-europa.com\/servizi\/inspection\/flir1313\/\" data-url=\"https:\/\/www.irf-europa.com\/wp-content\/uploads\/2022\/12\/FLIR1313.jpg\" data-width=\"464\" src=\"https:\/\/i2.wp.com\/www.irf-europa.com\/wp-content\/uploads\/2022\/12\/FLIR1313.jpg?ssl=1&amp;resize=348%2C348\" data-amp-layout=\"responsive\"\/><\/a><\/figure><\/div><div class=\"tiled-gallery__col\"><figure class=\"tiled-gallery__item\"><a href=\"https:\/\/i0.wp.com\/www.irf-europa.com\/wp-content\/uploads\/2022\/12\/FLIR1685.jpg?ssl=1\" data-lbwps-width=\"464\" data-lbwps-height=\"348\" data-lbwps-srcsmall=\"https:\/\/www.irf-europa.com\/wp-content\/uploads\/2022\/12\/FLIR1685.jpg\"><img decoding=\"async\" srcset=\"https:\/\/i0.wp.com\/www.irf-europa.com\/wp-content\/uploads\/2022\/12\/FLIR1685.jpg?resize=348%2C348&#038;strip=info&#038;ssl=1 348w\" alt=\"\" data-height=\"348\" data-id=\"350\" data-link=\"https:\/\/www.irf-europa.com\/servizi\/inspection\/flir1685\/\" data-url=\"https:\/\/www.irf-europa.com\/wp-content\/uploads\/2022\/12\/FLIR1685.jpg\" data-width=\"464\" src=\"https:\/\/i0.wp.com\/www.irf-europa.com\/wp-content\/uploads\/2022\/12\/FLIR1685.jpg?ssl=1&amp;resize=348%2C348\" data-amp-layout=\"responsive\"\/><\/a><\/figure><\/div><div class=\"tiled-gallery__col\"><figure class=\"tiled-gallery__item\"><a href=\"https:\/\/i0.wp.com\/www.irf-europa.com\/wp-content\/uploads\/2022\/12\/IMG_6833.jpg?ssl=1\" data-lbwps-width=\"1920\" data-lbwps-height=\"1440\" data-lbwps-srcsmall=\"https:\/\/www.irf-europa.com\/wp-content\/uploads\/2022\/12\/IMG_6833-730x548.jpg\"><img decoding=\"async\" srcset=\"https:\/\/i0.wp.com\/www.irf-europa.com\/wp-content\/uploads\/2022\/12\/IMG_6833-1110x833.jpg?resize=600%2C600&#038;strip=info&#038;ssl=1 600w,https:\/\/i0.wp.com\/www.irf-europa.com\/wp-content\/uploads\/2022\/12\/IMG_6833-1110x833.jpg?resize=900%2C900&#038;strip=info&#038;ssl=1 900w,https:\/\/i0.wp.com\/www.irf-europa.com\/wp-content\/uploads\/2022\/12\/IMG_6833-1110x833.jpg?resize=1200%2C1200&#038;strip=info&#038;ssl=1 1200w,https:\/\/i0.wp.com\/www.irf-europa.com\/wp-content\/uploads\/2022\/12\/IMG_6833-1110x833.jpg?resize=1440%2C1440&#038;strip=info&#038;ssl=1 1440w\" alt=\"\" data-height=\"1440\" data-id=\"346\" data-link=\"https:\/\/www.irf-europa.com\/servizi\/inspection\/img_6833\/\" data-url=\"https:\/\/www.irf-europa.com\/wp-content\/uploads\/2022\/12\/IMG_6833-1110x833.jpg\" data-width=\"1920\" src=\"https:\/\/i0.wp.com\/www.irf-europa.com\/wp-content\/uploads\/2022\/12\/IMG_6833-1110x833.jpg?ssl=1&amp;resize=1440%2C1440\" data-amp-layout=\"responsive\"\/><\/a><\/figure><\/div><div class=\"tiled-gallery__col\"><figure class=\"tiled-gallery__item\"><a href=\"https:\/\/i0.wp.com\/www.irf-europa.com\/wp-content\/uploads\/2022\/12\/Immagine10.png?ssl=1\" data-lbwps-width=\"639\" data-lbwps-height=\"410\" data-lbwps-srcsmall=\"https:\/\/www.irf-europa.com\/wp-content\/uploads\/2022\/12\/Immagine10.png\"><img decoding=\"async\" srcset=\"https:\/\/i0.wp.com\/www.irf-europa.com\/wp-content\/uploads\/2022\/12\/Immagine10.png?resize=410%2C410&#038;strip=info&#038;ssl=1 410w\" alt=\"\" data-height=\"410\" data-id=\"342\" data-link=\"https:\/\/www.irf-europa.com\/servizi\/inspection\/immagine10\/\" data-url=\"https:\/\/www.irf-europa.com\/wp-content\/uploads\/2022\/12\/Immagine10.png\" data-width=\"639\" src=\"https:\/\/i0.wp.com\/www.irf-europa.com\/wp-content\/uploads\/2022\/12\/Immagine10.png?ssl=1&amp;resize=410%2C410\" data-amp-layout=\"responsive\"\/><\/a><\/figure><\/div><div class=\"tiled-gallery__col\"><figure class=\"tiled-gallery__item\"><a href=\"https:\/\/i0.wp.com\/www.irf-europa.com\/wp-content\/uploads\/2022\/12\/Immagine7.jpg?ssl=1\" data-lbwps-width=\"470\" data-lbwps-height=\"414\" data-lbwps-srcsmall=\"https:\/\/www.irf-europa.com\/wp-content\/uploads\/2022\/12\/Immagine7.jpg\"><img decoding=\"async\" srcset=\"https:\/\/i0.wp.com\/www.irf-europa.com\/wp-content\/uploads\/2022\/12\/Immagine7.jpg?resize=414%2C414&#038;strip=info&#038;ssl=1 414w\" alt=\"\" data-height=\"414\" data-id=\"338\" data-link=\"https:\/\/www.irf-europa.com\/servizi\/inspection\/immagine7\/\" data-url=\"https:\/\/www.irf-europa.com\/wp-content\/uploads\/2022\/12\/Immagine7.jpg\" data-width=\"470\" src=\"https:\/\/i0.wp.com\/www.irf-europa.com\/wp-content\/uploads\/2022\/12\/Immagine7.jpg?ssl=1&amp;resize=414%2C414\" data-amp-layout=\"responsive\"\/><\/a><\/figure><\/div><div class=\"tiled-gallery__col\"><figure class=\"tiled-gallery__item\"><a href=\"https:\/\/i0.wp.com\/www.irf-europa.com\/wp-content\/uploads\/2022\/12\/Immagine8.jpg?ssl=1\" data-lbwps-width=\"683\" data-lbwps-height=\"850\" data-lbwps-srcsmall=\"https:\/\/www.irf-europa.com\/wp-content\/uploads\/2022\/12\/Immagine8-562x700.jpg\"><img decoding=\"async\" srcset=\"https:\/\/i1.wp.com\/www.irf-europa.com\/wp-content\/uploads\/2022\/12\/Immagine8.jpg?resize=600%2C600&#038;strip=info&#038;ssl=1 600w,https:\/\/i1.wp.com\/www.irf-europa.com\/wp-content\/uploads\/2022\/12\/Immagine8.jpg?resize=683%2C683&#038;strip=info&#038;ssl=1 683w\" alt=\"\" data-height=\"850\" data-id=\"334\" data-link=\"https:\/\/www.irf-europa.com\/servizi\/inspection\/immagine8\/\" data-url=\"https:\/\/www.irf-europa.com\/wp-content\/uploads\/2022\/12\/Immagine8.jpg\" data-width=\"683\" src=\"https:\/\/i1.wp.com\/www.irf-europa.com\/wp-content\/uploads\/2022\/12\/Immagine8.jpg?ssl=1&amp;resize=683%2C683\" data-amp-layout=\"responsive\"\/><\/a><\/figure><\/div><div class=\"tiled-gallery__col\"><figure class=\"tiled-gallery__item\"><a href=\"https:\/\/i0.wp.com\/www.irf-europa.com\/wp-content\/uploads\/2022\/12\/Immagine9.jpg?ssl=1\" data-lbwps-width=\"644\" data-lbwps-height=\"413\" data-lbwps-srcsmall=\"https:\/\/www.irf-europa.com\/wp-content\/uploads\/2022\/12\/Immagine9.jpg\"><img decoding=\"async\" srcset=\"https:\/\/i2.wp.com\/www.irf-europa.com\/wp-content\/uploads\/2022\/12\/Immagine9.jpg?resize=413%2C413&#038;strip=info&#038;ssl=1 413w\" alt=\"\" data-height=\"413\" data-id=\"330\" data-link=\"https:\/\/www.irf-europa.com\/servizi\/inspection\/immagine9\/\" data-url=\"https:\/\/www.irf-europa.com\/wp-content\/uploads\/2022\/12\/Immagine9.jpg\" data-width=\"644\" src=\"https:\/\/i2.wp.com\/www.irf-europa.com\/wp-content\/uploads\/2022\/12\/Immagine9.jpg?ssl=1&amp;resize=413%2C413\" data-amp-layout=\"responsive\"\/><\/a><\/figure><\/div><\/div><\/div><\/div>\n\n\n\n<div style=\"height:0.5rem\" aria-hidden=\"true\" class=\"wp-block-spacer\"><\/div>\n\n\n\n<div class=\"wp-block-columns my-5 is-layout-flex wp-container-core-columns-is-layout-9d6595d7 wp-block-columns-is-layout-flex\">\n<div class=\"wp-block-column is-layout-flow wp-block-column-is-layout-flow\">\n<h2 class=\"wp-block-heading underline h3\"><strong><strong><strong><strong>Endoscopia<\/strong><\/strong><\/strong><\/strong><\/h2>\n<\/div>\n\n\n\n<div class=\"wp-block-column is-layout-flow wp-block-column-is-layout-flow\">\n<p>A trav\u00e9s de un sistema fotogr\u00e1fico equipado con un endoscopio refrigerado por agua, se realizan inspecciones en todas las zonas del horno, incluidas las que no son directamente visibles desde los orificios de inspecci\u00f3n. El endoscopio est\u00e1 equipado con \u00f3pticas especiales que le permiten observar tanto las \u00e1reas alineadas con el endoscopio como aquellas en posiciones m\u00e1s dif\u00edciles de alcanzar.<\/p>\n<\/div>\n<\/div>\n\n\n\n<hr class=\"wp-block-separator has-css-opacity my-xl\"\/>\n\n\n\n<div class=\"wp-block-columns my-5 is-layout-flex wp-container-core-columns-is-layout-9d6595d7 wp-block-columns-is-layout-flex\">\n<div class=\"wp-block-column is-layout-flow wp-block-column-is-layout-flow\">\n<h2 class=\"wp-block-heading underline h3\"><strong><strong><strong><strong>V\u00eddeo endoscopia<\/strong><\/strong><\/strong><\/strong><\/h2>\n<\/div>\n\n\n\n<div class=\"wp-block-column is-layout-flow wp-block-column-is-layout-flow\">\n<p>El v\u00eddeo endoscopio es un endoscopio de producci\u00f3n propia que permite observar zonas de dif\u00edcil acceso con las t\u00e9cnicas cl\u00e1sicas (por ejemplo, el estado de los cruciformes en la base de las c\u00e1maras de los regeneradores).<\/p>\n\n\n\n<p>Al ser un producto IRF, el v\u00eddeo endoscopio se puede realizar espec\u00edficamente con longitudes y \u00e1ngulos de visi\u00f3n espec\u00edficos, convirti\u00e9ndose as\u00ed en una herramienta fundamental que puede dise\u00f1arse en funci\u00f3n de los diferentes entornos del horno y de los espacios externos a disposici\u00f3n.<\/p>\n<\/div>\n<\/div>\n\n\n\n<hr class=\"wp-block-separator has-css-opacity my-xl\"\/>\n\n\n\n<div class=\"wp-block-columns my-5 is-layout-flex wp-container-core-columns-is-layout-9d6595d7 wp-block-columns-is-layout-flex\">\n<div class=\"wp-block-column is-layout-flow wp-block-column-is-layout-flow\">\n<h2 class=\"wp-block-heading underline h3\"><strong><strong><strong><strong><strong>Termograf\u00eda<\/strong><\/strong><\/strong><\/strong><\/strong><\/h2>\n<\/div>\n\n\n\n<div class=\"wp-block-column is-layout-flow wp-block-column-is-layout-flow\">\n<p>Utilizando una c\u00e1mara termogr\u00e1fica es posible verificar el estado de los refractarios tanto del contacto con el vidrio como de la superestructura, previendo de antemano las posibles situaciones cr\u00edticas y planificando las intervenciones adecuadas.<\/p>\n<\/div>\n<\/div>\n\n\n\n<hr class=\"wp-block-separator has-css-opacity my-xl\"\/>\n\n\n\n<div class=\"wp-block-columns my-5 is-layout-flex wp-container-core-columns-is-layout-9d6595d7 wp-block-columns-is-layout-flex\">\n<div class=\"wp-block-column is-layout-flow wp-block-column-is-layout-flow\">\n<h2 class=\"wp-block-heading underline h3\"><strong><strong><strong><strong><strong><strong>Auditor\u00eda completa<\/strong><\/strong><\/strong><\/strong><\/strong><\/strong><\/h2>\n<\/div>\n\n\n\n<div class=\"wp-block-column is-layout-flow wp-block-column-is-layout-flow\">\n<p>Un servicio integral que combina endoscopia, termograf\u00eda y la experiencia de nuestros ingenieros. La auditor\u00eda completa permite elaborar un informe sobre el estado estructural del horno, lo que permite identificar las intervenciones de mantenimiento m\u00e1s adecuadas para reducir al m\u00e1ximo los problemas imprevistos y continuar con la campa\u00f1a de producci\u00f3n del horno.<\/p>\n<\/div>\n<\/div>\n\n\n\n<p><\/p>\n<\/div><\/div>\n","protected":false},"excerpt":{"rendered":"<p>Auditor\u00eda Realizar regularmente inspecciones internas y externas permite evaluar el estado del horno y hacer un an\u00e1lisis predictivo de los&hellip;<\/p>\n<p><a class=\"btn btn-dark btn-sm websoup-read-more-link\" href=\"https:\/\/www.irf-europa.com\/es\/servicios\/auditoria\/\">Read More&#8230;<\/a><\/p>\n","protected":false},"author":1,"featured_media":650,"parent":742,"menu_order":0,"comment_status":"closed","ping_status":"closed","template":"page-templates\/empty.php","meta":{"inline_featured_image":false,"footnotes":""},"class_list":["post-750","page","type-page","status-publish","has-post-thumbnail","hentry"],"yoast_head":"<!-- This site is optimized with the Yoast SEO plugin v27.5 - https:\/\/yoast.com\/product\/yoast-seo-wordpress\/ -->\n<title>Auditor\u00eda - IRF Europa<\/title>\n<meta name=\"robots\" content=\"index, follow, max-snippet:-1, max-image-preview:large, max-video-preview:-1\" \/>\n<link rel=\"canonical\" href=\"https:\/\/www.irf-europa.com\/es\/servicios\/auditoria\/\" \/>\n<meta property=\"og:locale\" content=\"es_ES\" \/>\n<meta property=\"og:type\" content=\"article\" \/>\n<meta property=\"og:title\" content=\"Auditor\u00eda - IRF Europa\" \/>\n<meta property=\"og:description\" content=\"Auditor\u00eda Realizar regularmente inspecciones internas y externas permite evaluar el estado del horno y hacer un an\u00e1lisis predictivo de los&hellip;Read More...\" \/>\n<meta property=\"og:url\" content=\"https:\/\/www.irf-europa.com\/es\/servicios\/auditoria\/\" \/>\n<meta property=\"og:site_name\" content=\"IRF Europa\" \/>\n<meta property=\"article:modified_time\" content=\"2023-10-10T15:29:44+00:00\" \/>\n<meta property=\"og:image\" content=\"https:\/\/www.irf-europa.com\/wp-content\/uploads\/2021\/10\/auditing.jpg\" \/>\n\t<meta property=\"og:image:width\" content=\"2048\" \/>\n\t<meta property=\"og:image:height\" content=\"2048\" \/>\n\t<meta property=\"og:image:type\" content=\"image\/jpeg\" \/>\n<meta name=\"twitter:card\" content=\"summary_large_image\" \/>\n<meta name=\"twitter:label1\" content=\"Tiempo de lectura\" \/>\n\t<meta name=\"twitter:data1\" content=\"4 minutos\" \/>\n<script type=\"application\/ld+json\" class=\"yoast-schema-graph\">{\"@context\":\"https:\\\/\\\/schema.org\",\"@graph\":[{\"@type\":\"WebPage\",\"@id\":\"https:\\\/\\\/www.irf-europa.com\\\/es\\\/servicios\\\/auditoria\\\/\",\"url\":\"https:\\\/\\\/www.irf-europa.com\\\/es\\\/servicios\\\/auditoria\\\/\",\"name\":\"Auditor\u00eda - IRF Europa\",\"isPartOf\":{\"@id\":\"https:\\\/\\\/www.irf-europa.com\\\/es\\\/#website\"},\"primaryImageOfPage\":{\"@id\":\"https:\\\/\\\/www.irf-europa.com\\\/es\\\/servicios\\\/auditoria\\\/#primaryimage\"},\"image\":{\"@id\":\"https:\\\/\\\/www.irf-europa.com\\\/es\\\/servicios\\\/auditoria\\\/#primaryimage\"},\"thumbnailUrl\":\"https:\\\/\\\/i0.wp.com\\\/www.irf-europa.com\\\/wp-content\\\/uploads\\\/2021\\\/10\\\/auditing.jpg?fit=2048%2C2048&ssl=1\",\"datePublished\":\"2023-05-26T20:50:11+00:00\",\"dateModified\":\"2023-10-10T15:29:44+00:00\",\"breadcrumb\":{\"@id\":\"https:\\\/\\\/www.irf-europa.com\\\/es\\\/servicios\\\/auditoria\\\/#breadcrumb\"},\"inLanguage\":\"es\",\"potentialAction\":[{\"@type\":\"ReadAction\",\"target\":[\"https:\\\/\\\/www.irf-europa.com\\\/es\\\/servicios\\\/auditoria\\\/\"]}]},{\"@type\":\"ImageObject\",\"inLanguage\":\"es\",\"@id\":\"https:\\\/\\\/www.irf-europa.com\\\/es\\\/servicios\\\/auditoria\\\/#primaryimage\",\"url\":\"https:\\\/\\\/i0.wp.com\\\/www.irf-europa.com\\\/wp-content\\\/uploads\\\/2021\\\/10\\\/auditing.jpg?fit=2048%2C2048&ssl=1\",\"contentUrl\":\"https:\\\/\\\/i0.wp.com\\\/www.irf-europa.com\\\/wp-content\\\/uploads\\\/2021\\\/10\\\/auditing.jpg?fit=2048%2C2048&ssl=1\",\"width\":2048,\"height\":2048},{\"@type\":\"BreadcrumbList\",\"@id\":\"https:\\\/\\\/www.irf-europa.com\\\/es\\\/servicios\\\/auditoria\\\/#breadcrumb\",\"itemListElement\":[{\"@type\":\"ListItem\",\"position\":1,\"name\":\"Home\",\"item\":\"https:\\\/\\\/www.irf-europa.com\\\/es\\\/\"},{\"@type\":\"ListItem\",\"position\":2,\"name\":\"Servicios\",\"item\":\"https:\\\/\\\/www.irf-europa.com\\\/es\\\/servicios\\\/?lang=es\"},{\"@type\":\"ListItem\",\"position\":3,\"name\":\"Auditor\u00eda\"}]},{\"@type\":\"WebSite\",\"@id\":\"https:\\\/\\\/www.irf-europa.com\\\/es\\\/#website\",\"url\":\"https:\\\/\\\/www.irf-europa.com\\\/es\\\/\",\"name\":\"IRF Europa\",\"description\":\"Riparazione e manutenzione di forni per la fusione del vetro\",\"publisher\":{\"@id\":\"https:\\\/\\\/www.irf-europa.com\\\/es\\\/#organization\"},\"potentialAction\":[{\"@type\":\"SearchAction\",\"target\":{\"@type\":\"EntryPoint\",\"urlTemplate\":\"https:\\\/\\\/www.irf-europa.com\\\/es\\\/?s={search_term_string}\"},\"query-input\":{\"@type\":\"PropertyValueSpecification\",\"valueRequired\":true,\"valueName\":\"search_term_string\"}}],\"inLanguage\":\"es\"},{\"@type\":\"Organization\",\"@id\":\"https:\\\/\\\/www.irf-europa.com\\\/es\\\/#organization\",\"name\":\"IRF Europa\",\"url\":\"https:\\\/\\\/www.irf-europa.com\\\/es\\\/\",\"logo\":{\"@type\":\"ImageObject\",\"inLanguage\":\"es\",\"@id\":\"https:\\\/\\\/www.irf-europa.com\\\/es\\\/#\\\/schema\\\/logo\\\/image\\\/\",\"url\":\"https:\\\/\\\/i0.wp.com\\\/www.irf-europa.com\\\/wp-content\\\/uploads\\\/2021\\\/10\\\/irf-europa.png?fit=752%2C248&ssl=1\",\"contentUrl\":\"https:\\\/\\\/i0.wp.com\\\/www.irf-europa.com\\\/wp-content\\\/uploads\\\/2021\\\/10\\\/irf-europa.png?fit=752%2C248&ssl=1\",\"width\":752,\"height\":248,\"caption\":\"IRF Europa\"},\"image\":{\"@id\":\"https:\\\/\\\/www.irf-europa.com\\\/es\\\/#\\\/schema\\\/logo\\\/image\\\/\"},\"sameAs\":[\"https:\\\/\\\/www.linkedin.com\\\/company\\\/irf-europa-srl\\\/\"]}]}<\/script>\n<!-- \/ Yoast SEO plugin. -->","yoast_head_json":{"title":"Auditor\u00eda - IRF Europa","robots":{"index":"index","follow":"follow","max-snippet":"max-snippet:-1","max-image-preview":"max-image-preview:large","max-video-preview":"max-video-preview:-1"},"canonical":"https:\/\/www.irf-europa.com\/es\/servicios\/auditoria\/","og_locale":"es_ES","og_type":"article","og_title":"Auditor\u00eda - IRF Europa","og_description":"Auditor\u00eda Realizar regularmente inspecciones internas y externas permite evaluar el estado del horno y hacer un an\u00e1lisis predictivo de los&hellip;Read More...","og_url":"https:\/\/www.irf-europa.com\/es\/servicios\/auditoria\/","og_site_name":"IRF Europa","article_modified_time":"2023-10-10T15:29:44+00:00","og_image":[{"width":2048,"height":2048,"url":"https:\/\/www.irf-europa.com\/wp-content\/uploads\/2021\/10\/auditing.jpg","type":"image\/jpeg"}],"twitter_card":"summary_large_image","twitter_misc":{"Tiempo de lectura":"4 minutos"},"schema":{"@context":"https:\/\/schema.org","@graph":[{"@type":"WebPage","@id":"https:\/\/www.irf-europa.com\/es\/servicios\/auditoria\/","url":"https:\/\/www.irf-europa.com\/es\/servicios\/auditoria\/","name":"Auditor\u00eda - IRF Europa","isPartOf":{"@id":"https:\/\/www.irf-europa.com\/es\/#website"},"primaryImageOfPage":{"@id":"https:\/\/www.irf-europa.com\/es\/servicios\/auditoria\/#primaryimage"},"image":{"@id":"https:\/\/www.irf-europa.com\/es\/servicios\/auditoria\/#primaryimage"},"thumbnailUrl":"https:\/\/i0.wp.com\/www.irf-europa.com\/wp-content\/uploads\/2021\/10\/auditing.jpg?fit=2048%2C2048&ssl=1","datePublished":"2023-05-26T20:50:11+00:00","dateModified":"2023-10-10T15:29:44+00:00","breadcrumb":{"@id":"https:\/\/www.irf-europa.com\/es\/servicios\/auditoria\/#breadcrumb"},"inLanguage":"es","potentialAction":[{"@type":"ReadAction","target":["https:\/\/www.irf-europa.com\/es\/servicios\/auditoria\/"]}]},{"@type":"ImageObject","inLanguage":"es","@id":"https:\/\/www.irf-europa.com\/es\/servicios\/auditoria\/#primaryimage","url":"https:\/\/i0.wp.com\/www.irf-europa.com\/wp-content\/uploads\/2021\/10\/auditing.jpg?fit=2048%2C2048&ssl=1","contentUrl":"https:\/\/i0.wp.com\/www.irf-europa.com\/wp-content\/uploads\/2021\/10\/auditing.jpg?fit=2048%2C2048&ssl=1","width":2048,"height":2048},{"@type":"BreadcrumbList","@id":"https:\/\/www.irf-europa.com\/es\/servicios\/auditoria\/#breadcrumb","itemListElement":[{"@type":"ListItem","position":1,"name":"Home","item":"https:\/\/www.irf-europa.com\/es\/"},{"@type":"ListItem","position":2,"name":"Servicios","item":"https:\/\/www.irf-europa.com\/es\/servicios\/?lang=es"},{"@type":"ListItem","position":3,"name":"Auditor\u00eda"}]},{"@type":"WebSite","@id":"https:\/\/www.irf-europa.com\/es\/#website","url":"https:\/\/www.irf-europa.com\/es\/","name":"IRF Europa","description":"Riparazione e manutenzione di forni per la fusione del vetro","publisher":{"@id":"https:\/\/www.irf-europa.com\/es\/#organization"},"potentialAction":[{"@type":"SearchAction","target":{"@type":"EntryPoint","urlTemplate":"https:\/\/www.irf-europa.com\/es\/?s={search_term_string}"},"query-input":{"@type":"PropertyValueSpecification","valueRequired":true,"valueName":"search_term_string"}}],"inLanguage":"es"},{"@type":"Organization","@id":"https:\/\/www.irf-europa.com\/es\/#organization","name":"IRF Europa","url":"https:\/\/www.irf-europa.com\/es\/","logo":{"@type":"ImageObject","inLanguage":"es","@id":"https:\/\/www.irf-europa.com\/es\/#\/schema\/logo\/image\/","url":"https:\/\/i0.wp.com\/www.irf-europa.com\/wp-content\/uploads\/2021\/10\/irf-europa.png?fit=752%2C248&ssl=1","contentUrl":"https:\/\/i0.wp.com\/www.irf-europa.com\/wp-content\/uploads\/2021\/10\/irf-europa.png?fit=752%2C248&ssl=1","width":752,"height":248,"caption":"IRF Europa"},"image":{"@id":"https:\/\/www.irf-europa.com\/es\/#\/schema\/logo\/image\/"},"sameAs":["https:\/\/www.linkedin.com\/company\/irf-europa-srl\/"]}]}},"jetpack_sharing_enabled":true,"_links":{"self":[{"href":"https:\/\/www.irf-europa.com\/es\/wp-json\/wp\/v2\/pages\/750","targetHints":{"allow":["GET"]}}],"collection":[{"href":"https:\/\/www.irf-europa.com\/es\/wp-json\/wp\/v2\/pages"}],"about":[{"href":"https:\/\/www.irf-europa.com\/es\/wp-json\/wp\/v2\/types\/page"}],"author":[{"embeddable":true,"href":"https:\/\/www.irf-europa.com\/es\/wp-json\/wp\/v2\/users\/1"}],"replies":[{"embeddable":true,"href":"https:\/\/www.irf-europa.com\/es\/wp-json\/wp\/v2\/comments?post=750"}],"version-history":[{"count":4,"href":"https:\/\/www.irf-europa.com\/es\/wp-json\/wp\/v2\/pages\/750\/revisions"}],"predecessor-version":[{"id":957,"href":"https:\/\/www.irf-europa.com\/es\/wp-json\/wp\/v2\/pages\/750\/revisions\/957"}],"up":[{"embeddable":true,"href":"https:\/\/www.irf-europa.com\/es\/wp-json\/wp\/v2\/pages\/742"}],"wp:featuredmedia":[{"embeddable":true,"href":"https:\/\/www.irf-europa.com\/es\/wp-json\/wp\/v2\/media\/650"}],"wp:attachment":[{"href":"https:\/\/www.irf-europa.com\/es\/wp-json\/wp\/v2\/media?parent=750"}],"curies":[{"name":"wp","href":"https:\/\/api.w.org\/{rel}","templated":true}]}}