{"id":754,"date":"2023-05-26T22:50:30","date_gmt":"2023-05-26T20:50:30","guid":{"rendered":"https:\/\/www.irf-europa.com\/servicios\/soldadura-ceramica\/"},"modified":"2023-10-10T17:27:31","modified_gmt":"2023-10-10T15:27:31","slug":"soldadura-ceramica","status":"publish","type":"page","link":"https:\/\/www.irf-europa.com\/es\/servicios\/soldadura-ceramica\/","title":{"rendered":"Soldadura cer\u00e1mica"},"content":{"rendered":"\n<div class=\"wp-block-group bglightgrey py-5\"><div class=\"wp-block-group__inner-container is-layout-flow wp-block-group-is-layout-flow\">\n<div class=\"wp-block-group container\"><div class=\"wp-block-group__inner-container is-layout-flow wp-block-group-is-layout-flow\">\n<h1 class=\"wp-block-heading has-text-align-center mb-4\">Soldadura cer\u00e1mica<\/h1>\n\n\n\n<p class=\"has-text-align-center\">La soldadura cer\u00e1mica es una t\u00e9cnica particular que permite reconstruir y restaurar el material refractario de la superestructura del horno.<br>Una mezcla de polvo refractario, especialmente dise\u00f1ada, se aplica a trav\u00e9s de un flujo de ox\u00edgeno en la zona da\u00f1ada. Gracias a la reacci\u00f3n oxit\u00e9rmica resultante, el polvo se \u00abceramiza\u00bb creando una masa s\u00f3lida que reconstruye, protege y sella el \u00e1rea desgastada.<\/p>\n<\/div><\/div>\n<\/div><\/div>\n\n\n\n<div class=\"wp-block-group container py-5\"><div class=\"wp-block-group__inner-container is-layout-flow wp-block-group-is-layout-flow\">\n<div class=\"wp-block-columns my-5 is-layout-flex wp-container-core-columns-is-layout-9d6595d7 wp-block-columns-is-layout-flex\">\n<div class=\"wp-block-column is-layout-flow wp-block-column-is-layout-flow\">\n<h2 class=\"wp-block-heading underline h3\"><strong><strong>Soldadura cer\u00e1mica interna<\/strong><\/strong><\/h2>\n<\/div>\n\n\n\n<div class=\"wp-block-column is-layout-flow wp-block-column-is-layout-flow\">\n<p>La soldadura cer\u00e1mica interna se realiza mediante el uso de lanzas refrigeradas que permiten aplicar el polvo refractario en el interior del horno.<br>IRF fabrica internamente todas sus lanzas refrigeradas, por lo que es posible restaurar cualquier \u00e1rea da\u00f1ada de la superestructura.<\/p>\n<\/div>\n<\/div>\n\n\n\n<div class=\"wp-block-jetpack-tiled-gallery aligncenter is-style-square\"><div class=\"tiled-gallery__gallery\"><div class=\"tiled-gallery__row columns-5\"><div class=\"tiled-gallery__col\"><figure class=\"tiled-gallery__item\"><a href=\"https:\/\/i0.wp.com\/www.irf-europa.com\/wp-content\/uploads\/2022\/12\/lancia-in.jpg?ssl=1\" data-lbwps-width=\"1087\" data-lbwps-height=\"414\" data-lbwps-srcsmall=\"https:\/\/www.irf-europa.com\/wp-content\/uploads\/2022\/12\/lancia-in-730x278.jpg\"><img decoding=\"async\" srcset=\"https:\/\/i0.wp.com\/www.irf-europa.com\/wp-content\/uploads\/2022\/12\/lancia-in.jpg?resize=414%2C414&#038;strip=info&#038;ssl=1 414w\" alt=\"\" data-height=\"414\" data-id=\"438\" data-link=\"https:\/\/www.irf-europa.com\/servizi\/ceramic-welding\/lancia-in\/\" data-url=\"https:\/\/www.irf-europa.com\/wp-content\/uploads\/2022\/12\/lancia-in.jpg\" data-width=\"1087\" src=\"https:\/\/i0.wp.com\/www.irf-europa.com\/wp-content\/uploads\/2022\/12\/lancia-in.jpg?ssl=1&amp;resize=414%2C414\" data-amp-layout=\"responsive\"\/><\/a><\/figure><\/div><div class=\"tiled-gallery__col\"><figure class=\"tiled-gallery__item\"><a href=\"https:\/\/i0.wp.com\/www.irf-europa.com\/wp-content\/uploads\/2022\/12\/IMG_20220711_172108.jpg?ssl=1\" data-lbwps-width=\"1440\" data-lbwps-height=\"1920\" data-lbwps-srcsmall=\"https:\/\/www.irf-europa.com\/wp-content\/uploads\/2022\/12\/IMG_20220711_172108-525x700.jpg\"><img decoding=\"async\" srcset=\"https:\/\/i1.wp.com\/www.irf-europa.com\/wp-content\/uploads\/2022\/12\/IMG_20220711_172108-768x1024.jpg?resize=600%2C600&#038;strip=info&#038;ssl=1 600w,https:\/\/i1.wp.com\/www.irf-europa.com\/wp-content\/uploads\/2022\/12\/IMG_20220711_172108-768x1024.jpg?resize=900%2C900&#038;strip=info&#038;ssl=1 900w,https:\/\/i1.wp.com\/www.irf-europa.com\/wp-content\/uploads\/2022\/12\/IMG_20220711_172108-768x1024.jpg?resize=1200%2C1200&#038;strip=info&#038;ssl=1 1200w,https:\/\/i1.wp.com\/www.irf-europa.com\/wp-content\/uploads\/2022\/12\/IMG_20220711_172108-768x1024.jpg?resize=1440%2C1440&#038;strip=info&#038;ssl=1 1440w\" alt=\"\" data-height=\"1920\" data-id=\"442\" data-link=\"https:\/\/www.irf-europa.com\/servizi\/ceramic-welding\/img_20220711_172108\/\" data-url=\"https:\/\/www.irf-europa.com\/wp-content\/uploads\/2022\/12\/IMG_20220711_172108-768x1024.jpg\" data-width=\"1440\" src=\"https:\/\/i1.wp.com\/www.irf-europa.com\/wp-content\/uploads\/2022\/12\/IMG_20220711_172108-768x1024.jpg?ssl=1&amp;resize=1440%2C1440\" data-amp-layout=\"responsive\"\/><\/a><\/figure><\/div><div class=\"tiled-gallery__col\"><figure class=\"tiled-gallery__item\"><a href=\"https:\/\/i0.wp.com\/www.irf-europa.com\/wp-content\/uploads\/2022\/12\/HOME-1.jpg?ssl=1\" data-lbwps-width=\"1920\" data-lbwps-height=\"1865\" data-lbwps-srcsmall=\"https:\/\/www.irf-europa.com\/wp-content\/uploads\/2022\/12\/HOME-1.jpg\"><img decoding=\"async\" srcset=\"https:\/\/i0.wp.com\/www.irf-europa.com\/wp-content\/uploads\/2022\/12\/HOME-1-1054x1024.jpg?resize=600%2C600&#038;strip=info&#038;ssl=1 600w,https:\/\/i0.wp.com\/www.irf-europa.com\/wp-content\/uploads\/2022\/12\/HOME-1-1054x1024.jpg?resize=900%2C900&#038;strip=info&#038;ssl=1 900w,https:\/\/i0.wp.com\/www.irf-europa.com\/wp-content\/uploads\/2022\/12\/HOME-1-1054x1024.jpg?resize=1200%2C1200&#038;strip=info&#038;ssl=1 1200w,https:\/\/i0.wp.com\/www.irf-europa.com\/wp-content\/uploads\/2022\/12\/HOME-1-1054x1024.jpg?resize=1500%2C1500&#038;strip=info&#038;ssl=1 1500w,https:\/\/i0.wp.com\/www.irf-europa.com\/wp-content\/uploads\/2022\/12\/HOME-1-1054x1024.jpg?resize=1800%2C1800&#038;strip=info&#038;ssl=1 1800w,https:\/\/i0.wp.com\/www.irf-europa.com\/wp-content\/uploads\/2022\/12\/HOME-1-1054x1024.jpg?resize=1865%2C1865&#038;strip=info&#038;ssl=1 1865w\" alt=\"\" data-height=\"1865\" data-id=\"446\" data-link=\"https:\/\/www.irf-europa.com\/servizi\/ceramic-welding\/home-1\/\" data-url=\"https:\/\/www.irf-europa.com\/wp-content\/uploads\/2022\/12\/HOME-1-1054x1024.jpg\" data-width=\"1920\" src=\"https:\/\/i0.wp.com\/www.irf-europa.com\/wp-content\/uploads\/2022\/12\/HOME-1-1054x1024.jpg?ssl=1&amp;resize=1865%2C1865\" data-amp-layout=\"responsive\"\/><\/a><\/figure><\/div><div class=\"tiled-gallery__col\"><figure class=\"tiled-gallery__item\"><a href=\"https:\/\/i0.wp.com\/www.irf-europa.com\/wp-content\/uploads\/2022\/12\/DSCN4565.jpg?ssl=1\" data-lbwps-width=\"1920\" data-lbwps-height=\"1440\" data-lbwps-srcsmall=\"https:\/\/www.irf-europa.com\/wp-content\/uploads\/2022\/12\/DSCN4565-730x548.jpg\"><img decoding=\"async\" srcset=\"https:\/\/i0.wp.com\/www.irf-europa.com\/wp-content\/uploads\/2022\/12\/DSCN4565-1110x833.jpg?resize=600%2C600&#038;strip=info&#038;ssl=1 600w,https:\/\/i0.wp.com\/www.irf-europa.com\/wp-content\/uploads\/2022\/12\/DSCN4565-1110x833.jpg?resize=900%2C900&#038;strip=info&#038;ssl=1 900w,https:\/\/i0.wp.com\/www.irf-europa.com\/wp-content\/uploads\/2022\/12\/DSCN4565-1110x833.jpg?resize=1200%2C1200&#038;strip=info&#038;ssl=1 1200w,https:\/\/i0.wp.com\/www.irf-europa.com\/wp-content\/uploads\/2022\/12\/DSCN4565-1110x833.jpg?resize=1440%2C1440&#038;strip=info&#038;ssl=1 1440w\" alt=\"\" data-height=\"1440\" data-id=\"450\" data-link=\"https:\/\/www.irf-europa.com\/servizi\/ceramic-welding\/dscn4565\/\" data-url=\"https:\/\/www.irf-europa.com\/wp-content\/uploads\/2022\/12\/DSCN4565-1110x833.jpg\" data-width=\"1920\" src=\"https:\/\/i0.wp.com\/www.irf-europa.com\/wp-content\/uploads\/2022\/12\/DSCN4565-1110x833.jpg?ssl=1&amp;resize=1440%2C1440\" data-amp-layout=\"responsive\"\/><\/a><\/figure><\/div><div class=\"tiled-gallery__col\"><figure class=\"tiled-gallery__item\"><a href=\"https:\/\/i0.wp.com\/www.irf-europa.com\/wp-content\/uploads\/2022\/12\/DSCN4303.jpg?ssl=1\" data-lbwps-width=\"1920\" data-lbwps-height=\"1350\" data-lbwps-srcsmall=\"https:\/\/www.irf-europa.com\/wp-content\/uploads\/2022\/12\/DSCN4303-730x513.jpg\"><img decoding=\"async\" srcset=\"https:\/\/i0.wp.com\/www.irf-europa.com\/wp-content\/uploads\/2022\/12\/DSCN4303-1110x780.jpg?resize=600%2C600&#038;strip=info&#038;ssl=1 600w,https:\/\/i0.wp.com\/www.irf-europa.com\/wp-content\/uploads\/2022\/12\/DSCN4303-1110x780.jpg?resize=900%2C900&#038;strip=info&#038;ssl=1 900w,https:\/\/i0.wp.com\/www.irf-europa.com\/wp-content\/uploads\/2022\/12\/DSCN4303-1110x780.jpg?resize=1200%2C1200&#038;strip=info&#038;ssl=1 1200w,https:\/\/i0.wp.com\/www.irf-europa.com\/wp-content\/uploads\/2022\/12\/DSCN4303-1110x780.jpg?resize=1350%2C1350&#038;strip=info&#038;ssl=1 1350w\" alt=\"\" data-height=\"1350\" data-id=\"454\" data-link=\"https:\/\/www.irf-europa.com\/servizi\/ceramic-welding\/dscn4303\/\" data-url=\"https:\/\/www.irf-europa.com\/wp-content\/uploads\/2022\/12\/DSCN4303-1110x780.jpg\" data-width=\"1920\" src=\"https:\/\/i0.wp.com\/www.irf-europa.com\/wp-content\/uploads\/2022\/12\/DSCN4303-1110x780.jpg?ssl=1&amp;resize=1350%2C1350\" data-amp-layout=\"responsive\"\/><\/a><\/figure><\/div><\/div><\/div><\/div>\n\n\n\n<hr class=\"wp-block-separator has-css-opacity my-xl\"\/>\n\n\n\n<div class=\"wp-block-columns my-5 is-layout-flex wp-container-core-columns-is-layout-9d6595d7 wp-block-columns-is-layout-flex\">\n<div class=\"wp-block-column is-layout-flow wp-block-column-is-layout-flow\">\n<h2 class=\"wp-block-heading underline h3\"><strong><strong>Sellado mediante soldadura cer\u00e1mica externa<\/strong><\/strong><\/h2>\n<\/div>\n\n\n\n<div class=\"wp-block-column is-layout-flow wp-block-column-is-layout-flow\">\n<p>La soldadura cer\u00e1mica externa se realiza principalmente para sellar las juntas de dilataci\u00f3n, tanto de hornos nuevos despu\u00e9s del precalentamiento como de hornos en actividad, y para restaurar peque\u00f1os da\u00f1os externos.<\/p>\n<\/div>\n<\/div>\n\n\n\n<div class=\"wp-block-jetpack-tiled-gallery aligncenter is-style-square\"><div class=\"tiled-gallery__gallery\"><div class=\"tiled-gallery__row columns-4\"><div class=\"tiled-gallery__col\"><figure class=\"tiled-gallery__item\"><a href=\"https:\/\/i0.wp.com\/www.irf-europa.com\/wp-content\/uploads\/2022\/12\/IMG-20210724-WA0014.jpg?ssl=1\" data-lbwps-width=\"900\" data-lbwps-height=\"1600\" data-lbwps-srcsmall=\"https:\/\/www.irf-europa.com\/wp-content\/uploads\/2022\/12\/IMG-20210724-WA0014-394x700.jpg\"><img decoding=\"async\" srcset=\"https:\/\/i0.wp.com\/www.irf-europa.com\/wp-content\/uploads\/2022\/12\/IMG-20210724-WA0014-576x1024.jpg?resize=600%2C600&#038;strip=info&#038;ssl=1 600w,https:\/\/i0.wp.com\/www.irf-europa.com\/wp-content\/uploads\/2022\/12\/IMG-20210724-WA0014-576x1024.jpg?resize=900%2C900&#038;strip=info&#038;ssl=1 900w\" alt=\"\" data-height=\"1600\" data-id=\"459\" data-link=\"https:\/\/www.irf-europa.com\/servizi\/ceramic-welding\/img-20210724-wa0014\/\" data-url=\"https:\/\/www.irf-europa.com\/wp-content\/uploads\/2022\/12\/IMG-20210724-WA0014-576x1024.jpg\" data-width=\"900\" src=\"https:\/\/i0.wp.com\/www.irf-europa.com\/wp-content\/uploads\/2022\/12\/IMG-20210724-WA0014-576x1024.jpg?ssl=1&amp;resize=900%2C900\" data-amp-layout=\"responsive\"\/><\/a><\/figure><\/div><div class=\"tiled-gallery__col\"><figure class=\"tiled-gallery__item\"><a href=\"https:\/\/i0.wp.com\/www.irf-europa.com\/wp-content\/uploads\/2022\/12\/Immagine2.jpg?ssl=1\" data-lbwps-width=\"682\" data-lbwps-height=\"378\" data-lbwps-srcsmall=\"https:\/\/www.irf-europa.com\/wp-content\/uploads\/2022\/12\/Immagine2.jpg\"><img decoding=\"async\" srcset=\"https:\/\/i1.wp.com\/www.irf-europa.com\/wp-content\/uploads\/2022\/12\/Immagine2.jpg?resize=378%2C378&#038;strip=info&#038;ssl=1 378w\" alt=\"\" data-height=\"378\" data-id=\"463\" data-link=\"https:\/\/www.irf-europa.com\/servizi\/ceramic-welding\/immagine2\/\" data-url=\"https:\/\/www.irf-europa.com\/wp-content\/uploads\/2022\/12\/Immagine2.jpg\" data-width=\"682\" src=\"https:\/\/i1.wp.com\/www.irf-europa.com\/wp-content\/uploads\/2022\/12\/Immagine2.jpg?ssl=1&amp;resize=378%2C378\" data-amp-layout=\"responsive\"\/><\/a><\/figure><\/div><div class=\"tiled-gallery__col\"><figure class=\"tiled-gallery__item\"><a href=\"https:\/\/i0.wp.com\/www.irf-europa.com\/wp-content\/uploads\/2022\/12\/Immagine1.jpg?ssl=1\" data-lbwps-width=\"506\" data-lbwps-height=\"523\" data-lbwps-srcsmall=\"https:\/\/www.irf-europa.com\/wp-content\/uploads\/2022\/12\/Immagine1.jpg\"><img decoding=\"async\" srcset=\"https:\/\/i1.wp.com\/www.irf-europa.com\/wp-content\/uploads\/2022\/12\/Immagine1.jpg?resize=506%2C506&#038;strip=info&#038;ssl=1 506w\" alt=\"\" data-height=\"523\" data-id=\"467\" data-link=\"https:\/\/www.irf-europa.com\/servizi\/ceramic-welding\/immagine1\/\" data-url=\"https:\/\/www.irf-europa.com\/wp-content\/uploads\/2022\/12\/Immagine1.jpg\" data-width=\"506\" src=\"https:\/\/i1.wp.com\/www.irf-europa.com\/wp-content\/uploads\/2022\/12\/Immagine1.jpg?ssl=1&amp;resize=506%2C506\" data-amp-layout=\"responsive\"\/><\/a><\/figure><\/div><div class=\"tiled-gallery__col\"><figure class=\"tiled-gallery__item\"><a href=\"https:\/\/i0.wp.com\/www.irf-europa.com\/wp-content\/uploads\/2022\/12\/IMG_20220714_182133.jpg?ssl=1\" data-lbwps-width=\"1440\" data-lbwps-height=\"1920\" data-lbwps-srcsmall=\"https:\/\/www.irf-europa.com\/wp-content\/uploads\/2022\/12\/IMG_20220714_182133-525x700.jpg\"><img decoding=\"async\" srcset=\"https:\/\/i1.wp.com\/www.irf-europa.com\/wp-content\/uploads\/2022\/12\/IMG_20220714_182133-768x1024.jpg?resize=600%2C600&#038;strip=info&#038;ssl=1 600w,https:\/\/i1.wp.com\/www.irf-europa.com\/wp-content\/uploads\/2022\/12\/IMG_20220714_182133-768x1024.jpg?resize=900%2C900&#038;strip=info&#038;ssl=1 900w,https:\/\/i1.wp.com\/www.irf-europa.com\/wp-content\/uploads\/2022\/12\/IMG_20220714_182133-768x1024.jpg?resize=1200%2C1200&#038;strip=info&#038;ssl=1 1200w,https:\/\/i1.wp.com\/www.irf-europa.com\/wp-content\/uploads\/2022\/12\/IMG_20220714_182133-768x1024.jpg?resize=1440%2C1440&#038;strip=info&#038;ssl=1 1440w\" alt=\"\" data-height=\"1920\" data-id=\"471\" data-link=\"https:\/\/www.irf-europa.com\/servizi\/ceramic-welding\/img_20220714_182133\/\" data-url=\"https:\/\/www.irf-europa.com\/wp-content\/uploads\/2022\/12\/IMG_20220714_182133-768x1024.jpg\" data-width=\"1440\" src=\"https:\/\/i1.wp.com\/www.irf-europa.com\/wp-content\/uploads\/2022\/12\/IMG_20220714_182133-768x1024.jpg?ssl=1&amp;resize=1440%2C1440\" data-amp-layout=\"responsive\"\/><\/a><\/figure><\/div><\/div><\/div><\/div>\n<\/div><\/div>\n","protected":false},"excerpt":{"rendered":"<p>Soldadura cer\u00e1mica La soldadura cer\u00e1mica es una t\u00e9cnica particular que permite reconstruir y restaurar el material refractario de la superestructura&hellip;<\/p>\n<p><a class=\"btn btn-dark btn-sm websoup-read-more-link\" href=\"https:\/\/www.irf-europa.com\/es\/servicios\/soldadura-ceramica\/\">Read More&#8230;<\/a><\/p>\n","protected":false},"author":1,"featured_media":642,"parent":742,"menu_order":0,"comment_status":"closed","ping_status":"closed","template":"page-templates\/empty.php","meta":{"inline_featured_image":false,"footnotes":""},"class_list":["post-754","page","type-page","status-publish","has-post-thumbnail","hentry"],"yoast_head":"<!-- This site is optimized with the Yoast SEO plugin v27.4 - https:\/\/yoast.com\/product\/yoast-seo-wordpress\/ -->\n<title>Soldadura cer\u00e1mica - IRF Europa<\/title>\n<meta name=\"robots\" content=\"index, follow, max-snippet:-1, max-image-preview:large, max-video-preview:-1\" \/>\n<link rel=\"canonical\" href=\"https:\/\/www.irf-europa.com\/es\/servicios\/soldadura-ceramica\/\" \/>\n<meta property=\"og:locale\" content=\"es_ES\" \/>\n<meta property=\"og:type\" content=\"article\" \/>\n<meta property=\"og:title\" content=\"Soldadura cer\u00e1mica - IRF Europa\" \/>\n<meta property=\"og:description\" content=\"Soldadura cer\u00e1mica La soldadura cer\u00e1mica es una t\u00e9cnica particular que permite reconstruir y restaurar el material refractario de la superestructura&hellip;Read More...\" \/>\n<meta property=\"og:url\" content=\"https:\/\/www.irf-europa.com\/es\/servicios\/soldadura-ceramica\/\" \/>\n<meta property=\"og:site_name\" content=\"IRF Europa\" \/>\n<meta property=\"article:modified_time\" content=\"2023-10-10T15:27:31+00:00\" \/>\n<meta property=\"og:image\" content=\"https:\/\/www.irf-europa.com\/wp-content\/uploads\/2021\/10\/ceramic-welding.jpg\" \/>\n\t<meta property=\"og:image:width\" content=\"1920\" \/>\n\t<meta property=\"og:image:height\" content=\"1079\" \/>\n\t<meta property=\"og:image:type\" content=\"image\/jpeg\" \/>\n<meta name=\"twitter:card\" content=\"summary_large_image\" \/>\n<meta name=\"twitter:label1\" content=\"Tiempo de lectura\" \/>\n\t<meta name=\"twitter:data1\" content=\"3 minutos\" \/>\n<script type=\"application\/ld+json\" class=\"yoast-schema-graph\">{\"@context\":\"https:\\\/\\\/schema.org\",\"@graph\":[{\"@type\":\"WebPage\",\"@id\":\"https:\\\/\\\/www.irf-europa.com\\\/es\\\/servicios\\\/soldadura-ceramica\\\/\",\"url\":\"https:\\\/\\\/www.irf-europa.com\\\/es\\\/servicios\\\/soldadura-ceramica\\\/\",\"name\":\"Soldadura cer\u00e1mica - IRF Europa\",\"isPartOf\":{\"@id\":\"https:\\\/\\\/www.irf-europa.com\\\/es\\\/#website\"},\"primaryImageOfPage\":{\"@id\":\"https:\\\/\\\/www.irf-europa.com\\\/es\\\/servicios\\\/soldadura-ceramica\\\/#primaryimage\"},\"image\":{\"@id\":\"https:\\\/\\\/www.irf-europa.com\\\/es\\\/servicios\\\/soldadura-ceramica\\\/#primaryimage\"},\"thumbnailUrl\":\"https:\\\/\\\/i0.wp.com\\\/www.irf-europa.com\\\/wp-content\\\/uploads\\\/2021\\\/10\\\/ceramic-welding.jpg?fit=1920%2C1079&ssl=1\",\"datePublished\":\"2023-05-26T20:50:30+00:00\",\"dateModified\":\"2023-10-10T15:27:31+00:00\",\"breadcrumb\":{\"@id\":\"https:\\\/\\\/www.irf-europa.com\\\/es\\\/servicios\\\/soldadura-ceramica\\\/#breadcrumb\"},\"inLanguage\":\"es\",\"potentialAction\":[{\"@type\":\"ReadAction\",\"target\":[\"https:\\\/\\\/www.irf-europa.com\\\/es\\\/servicios\\\/soldadura-ceramica\\\/\"]}]},{\"@type\":\"ImageObject\",\"inLanguage\":\"es\",\"@id\":\"https:\\\/\\\/www.irf-europa.com\\\/es\\\/servicios\\\/soldadura-ceramica\\\/#primaryimage\",\"url\":\"https:\\\/\\\/i0.wp.com\\\/www.irf-europa.com\\\/wp-content\\\/uploads\\\/2021\\\/10\\\/ceramic-welding.jpg?fit=1920%2C1079&ssl=1\",\"contentUrl\":\"https:\\\/\\\/i0.wp.com\\\/www.irf-europa.com\\\/wp-content\\\/uploads\\\/2021\\\/10\\\/ceramic-welding.jpg?fit=1920%2C1079&ssl=1\",\"width\":1920,\"height\":1079},{\"@type\":\"BreadcrumbList\",\"@id\":\"https:\\\/\\\/www.irf-europa.com\\\/es\\\/servicios\\\/soldadura-ceramica\\\/#breadcrumb\",\"itemListElement\":[{\"@type\":\"ListItem\",\"position\":1,\"name\":\"Home\",\"item\":\"https:\\\/\\\/www.irf-europa.com\\\/es\\\/\"},{\"@type\":\"ListItem\",\"position\":2,\"name\":\"Servicios\",\"item\":\"https:\\\/\\\/www.irf-europa.com\\\/es\\\/servicios\\\/?lang=es\"},{\"@type\":\"ListItem\",\"position\":3,\"name\":\"Soldadura cer\u00e1mica\"}]},{\"@type\":\"WebSite\",\"@id\":\"https:\\\/\\\/www.irf-europa.com\\\/es\\\/#website\",\"url\":\"https:\\\/\\\/www.irf-europa.com\\\/es\\\/\",\"name\":\"IRF Europa\",\"description\":\"Riparazione e manutenzione di forni per la fusione del vetro\",\"publisher\":{\"@id\":\"https:\\\/\\\/www.irf-europa.com\\\/es\\\/#organization\"},\"potentialAction\":[{\"@type\":\"SearchAction\",\"target\":{\"@type\":\"EntryPoint\",\"urlTemplate\":\"https:\\\/\\\/www.irf-europa.com\\\/es\\\/?s={search_term_string}\"},\"query-input\":{\"@type\":\"PropertyValueSpecification\",\"valueRequired\":true,\"valueName\":\"search_term_string\"}}],\"inLanguage\":\"es\"},{\"@type\":\"Organization\",\"@id\":\"https:\\\/\\\/www.irf-europa.com\\\/es\\\/#organization\",\"name\":\"IRF Europa\",\"url\":\"https:\\\/\\\/www.irf-europa.com\\\/es\\\/\",\"logo\":{\"@type\":\"ImageObject\",\"inLanguage\":\"es\",\"@id\":\"https:\\\/\\\/www.irf-europa.com\\\/es\\\/#\\\/schema\\\/logo\\\/image\\\/\",\"url\":\"https:\\\/\\\/i0.wp.com\\\/www.irf-europa.com\\\/wp-content\\\/uploads\\\/2021\\\/10\\\/irf-europa.png?fit=752%2C248&ssl=1\",\"contentUrl\":\"https:\\\/\\\/i0.wp.com\\\/www.irf-europa.com\\\/wp-content\\\/uploads\\\/2021\\\/10\\\/irf-europa.png?fit=752%2C248&ssl=1\",\"width\":752,\"height\":248,\"caption\":\"IRF Europa\"},\"image\":{\"@id\":\"https:\\\/\\\/www.irf-europa.com\\\/es\\\/#\\\/schema\\\/logo\\\/image\\\/\"},\"sameAs\":[\"https:\\\/\\\/www.linkedin.com\\\/company\\\/irf-europa-srl\\\/\"]}]}<\/script>\n<!-- \/ Yoast SEO plugin. -->","yoast_head_json":{"title":"Soldadura cer\u00e1mica - IRF Europa","robots":{"index":"index","follow":"follow","max-snippet":"max-snippet:-1","max-image-preview":"max-image-preview:large","max-video-preview":"max-video-preview:-1"},"canonical":"https:\/\/www.irf-europa.com\/es\/servicios\/soldadura-ceramica\/","og_locale":"es_ES","og_type":"article","og_title":"Soldadura cer\u00e1mica - IRF Europa","og_description":"Soldadura cer\u00e1mica La soldadura cer\u00e1mica es una t\u00e9cnica particular que permite reconstruir y restaurar el material refractario de la superestructura&hellip;Read More...","og_url":"https:\/\/www.irf-europa.com\/es\/servicios\/soldadura-ceramica\/","og_site_name":"IRF Europa","article_modified_time":"2023-10-10T15:27:31+00:00","og_image":[{"width":1920,"height":1079,"url":"https:\/\/www.irf-europa.com\/wp-content\/uploads\/2021\/10\/ceramic-welding.jpg","type":"image\/jpeg"}],"twitter_card":"summary_large_image","twitter_misc":{"Tiempo de lectura":"3 minutos"},"schema":{"@context":"https:\/\/schema.org","@graph":[{"@type":"WebPage","@id":"https:\/\/www.irf-europa.com\/es\/servicios\/soldadura-ceramica\/","url":"https:\/\/www.irf-europa.com\/es\/servicios\/soldadura-ceramica\/","name":"Soldadura cer\u00e1mica - IRF Europa","isPartOf":{"@id":"https:\/\/www.irf-europa.com\/es\/#website"},"primaryImageOfPage":{"@id":"https:\/\/www.irf-europa.com\/es\/servicios\/soldadura-ceramica\/#primaryimage"},"image":{"@id":"https:\/\/www.irf-europa.com\/es\/servicios\/soldadura-ceramica\/#primaryimage"},"thumbnailUrl":"https:\/\/i0.wp.com\/www.irf-europa.com\/wp-content\/uploads\/2021\/10\/ceramic-welding.jpg?fit=1920%2C1079&ssl=1","datePublished":"2023-05-26T20:50:30+00:00","dateModified":"2023-10-10T15:27:31+00:00","breadcrumb":{"@id":"https:\/\/www.irf-europa.com\/es\/servicios\/soldadura-ceramica\/#breadcrumb"},"inLanguage":"es","potentialAction":[{"@type":"ReadAction","target":["https:\/\/www.irf-europa.com\/es\/servicios\/soldadura-ceramica\/"]}]},{"@type":"ImageObject","inLanguage":"es","@id":"https:\/\/www.irf-europa.com\/es\/servicios\/soldadura-ceramica\/#primaryimage","url":"https:\/\/i0.wp.com\/www.irf-europa.com\/wp-content\/uploads\/2021\/10\/ceramic-welding.jpg?fit=1920%2C1079&ssl=1","contentUrl":"https:\/\/i0.wp.com\/www.irf-europa.com\/wp-content\/uploads\/2021\/10\/ceramic-welding.jpg?fit=1920%2C1079&ssl=1","width":1920,"height":1079},{"@type":"BreadcrumbList","@id":"https:\/\/www.irf-europa.com\/es\/servicios\/soldadura-ceramica\/#breadcrumb","itemListElement":[{"@type":"ListItem","position":1,"name":"Home","item":"https:\/\/www.irf-europa.com\/es\/"},{"@type":"ListItem","position":2,"name":"Servicios","item":"https:\/\/www.irf-europa.com\/es\/servicios\/?lang=es"},{"@type":"ListItem","position":3,"name":"Soldadura cer\u00e1mica"}]},{"@type":"WebSite","@id":"https:\/\/www.irf-europa.com\/es\/#website","url":"https:\/\/www.irf-europa.com\/es\/","name":"IRF Europa","description":"Riparazione e manutenzione di forni per la fusione del vetro","publisher":{"@id":"https:\/\/www.irf-europa.com\/es\/#organization"},"potentialAction":[{"@type":"SearchAction","target":{"@type":"EntryPoint","urlTemplate":"https:\/\/www.irf-europa.com\/es\/?s={search_term_string}"},"query-input":{"@type":"PropertyValueSpecification","valueRequired":true,"valueName":"search_term_string"}}],"inLanguage":"es"},{"@type":"Organization","@id":"https:\/\/www.irf-europa.com\/es\/#organization","name":"IRF Europa","url":"https:\/\/www.irf-europa.com\/es\/","logo":{"@type":"ImageObject","inLanguage":"es","@id":"https:\/\/www.irf-europa.com\/es\/#\/schema\/logo\/image\/","url":"https:\/\/i0.wp.com\/www.irf-europa.com\/wp-content\/uploads\/2021\/10\/irf-europa.png?fit=752%2C248&ssl=1","contentUrl":"https:\/\/i0.wp.com\/www.irf-europa.com\/wp-content\/uploads\/2021\/10\/irf-europa.png?fit=752%2C248&ssl=1","width":752,"height":248,"caption":"IRF Europa"},"image":{"@id":"https:\/\/www.irf-europa.com\/es\/#\/schema\/logo\/image\/"},"sameAs":["https:\/\/www.linkedin.com\/company\/irf-europa-srl\/"]}]}},"jetpack_sharing_enabled":true,"_links":{"self":[{"href":"https:\/\/www.irf-europa.com\/es\/wp-json\/wp\/v2\/pages\/754","targetHints":{"allow":["GET"]}}],"collection":[{"href":"https:\/\/www.irf-europa.com\/es\/wp-json\/wp\/v2\/pages"}],"about":[{"href":"https:\/\/www.irf-europa.com\/es\/wp-json\/wp\/v2\/types\/page"}],"author":[{"embeddable":true,"href":"https:\/\/www.irf-europa.com\/es\/wp-json\/wp\/v2\/users\/1"}],"replies":[{"embeddable":true,"href":"https:\/\/www.irf-europa.com\/es\/wp-json\/wp\/v2\/comments?post=754"}],"version-history":[{"count":4,"href":"https:\/\/www.irf-europa.com\/es\/wp-json\/wp\/v2\/pages\/754\/revisions"}],"predecessor-version":[{"id":949,"href":"https:\/\/www.irf-europa.com\/es\/wp-json\/wp\/v2\/pages\/754\/revisions\/949"}],"up":[{"embeddable":true,"href":"https:\/\/www.irf-europa.com\/es\/wp-json\/wp\/v2\/pages\/742"}],"wp:featuredmedia":[{"embeddable":true,"href":"https:\/\/www.irf-europa.com\/es\/wp-json\/wp\/v2\/media\/642"}],"wp:attachment":[{"href":"https:\/\/www.irf-europa.com\/es\/wp-json\/wp\/v2\/media?parent=754"}],"curies":[{"name":"wp","href":"https:\/\/api.w.org\/{rel}","templated":true}]}}