{"id":757,"date":"2023-05-26T22:50:54","date_gmt":"2023-05-26T20:50:54","guid":{"rendered":"https:\/\/www.irf-europa.com\/inicio\/"},"modified":"2023-10-10T17:26:09","modified_gmt":"2023-10-10T15:26:09","slug":"inicio","status":"publish","type":"page","link":"https:\/\/www.irf-europa.com\/es\/","title":{"rendered":"Inicio"},"content":{"rendered":"\n<div class=\"wp-block-cover mb-5 px-0\"><span aria-hidden=\"true\" class=\"wp-block-cover__background has-background-dim-30 has-background-dim\"><\/span><img data-recalc-dims=\"1\" loading=\"lazy\" decoding=\"async\" width=\"696\" height=\"928\" class=\"wp-block-cover__image-background wp-image-289\" alt=\"\" src=\"https:\/\/i0.wp.com\/www.irf-europa.com\/wp-content\/uploads\/2022\/12\/HOME.jpg?resize=696%2C928&#038;ssl=1\" data-object-fit=\"cover\" srcset=\"https:\/\/i0.wp.com\/www.irf-europa.com\/wp-content\/uploads\/2022\/12\/HOME.jpg?w=1536&amp;ssl=1 1536w, https:\/\/i0.wp.com\/www.irf-europa.com\/wp-content\/uploads\/2022\/12\/HOME.jpg?resize=525%2C700&amp;ssl=1 525w, https:\/\/i0.wp.com\/www.irf-europa.com\/wp-content\/uploads\/2022\/12\/HOME.jpg?resize=768%2C1024&amp;ssl=1 768w, https:\/\/i0.wp.com\/www.irf-europa.com\/wp-content\/uploads\/2022\/12\/HOME.jpg?resize=1152%2C1536&amp;ssl=1 1152w, https:\/\/i0.wp.com\/www.irf-europa.com\/wp-content\/uploads\/2022\/12\/HOME.jpg?w=1392&amp;ssl=1 1392w\" sizes=\"auto, (max-width: 696px) 100vw, 696px\" \/><div class=\"wp-block-cover__inner-container is-layout-flow wp-block-cover-is-layout-flow\">\n<div class=\"wp-block-group container\"><div class=\"wp-block-group__inner-container is-layout-constrained wp-block-group-is-layout-constrained\">\n<div class=\"wp-block-columns is-layout-flex wp-container-core-columns-is-layout-9d6595d7 wp-block-columns-is-layout-flex\">\n<div class=\"wp-block-column is-layout-flow wp-block-column-is-layout-flow\"><\/div>\n\n\n\n<div class=\"wp-block-column is-layout-flow wp-block-column-is-layout-flow\">\n<h1 class=\"wp-block-heading h2 underline my-4 tshad text-uppercase\"><strong>Complete Refractory<br>Maintenance Services &amp;<\/strong><br><strong>Repair for Glass Furnaces<\/strong><\/h1>\n<\/div>\n<\/div>\n<\/div><\/div>\n<\/div><\/div>\n\n\n\n<div class=\"wp-block-group container\"><div class=\"wp-block-group__inner-container is-layout-flow wp-block-group-is-layout-flow\">\n<h2 class=\"wp-block-heading h6 text-uppercase underline mb-4\"><strong>IRF EUROPA<\/strong><\/h2>\n\n\n\n<p class=\"mb-5 lead\">IRF es una empresa multinacional con experiencia en servicios refractarios completos para hornos de fusi\u00f3n de vidrio. Nuestra amplia experiencia nos ha permitido consolidar nuestra fiabilidad y profesionalidad en cada rinc\u00f3n de Europa y Am\u00e9rica del Sur.<\/p>\n\n\n\n<div class=\"wp-block-group pt-4 mb-5\"><div class=\"wp-block-group__inner-container is-layout-flow wp-block-group-is-layout-flow\"><div class=\"owl-carousel owl-theme irfcarousel\">\n<div class=\"item\">\n<div class=\"slimg\">\n<img decoding=\"async\" src=\"https:\/\/i0.wp.com\/www.irf-europa.com\/wp-content\/uploads\/2021\/10\/ceramic-welding.jpg?resize=280%2C280&ssl=1\" alt=\"\">\n<\/div>\n<div class=\"sltxt p-4\">\n<h4 class=\"sltitle text-uppercase\">Soldadura cer\u00e1mica<\/h4>\n<div class=\"slcont\"><a href=\"https:\/\/www.irf-europa.com\/es\/servicios\/soldadura-ceramica\/\" rel=\"bookmark\">M\u00c1S INFORMACI\u00d3N<\/a><\/div>\n<\/div>\n<\/div>\n<div class=\"item\">\n<div class=\"slimg\">\n<img decoding=\"async\" src=\"https:\/\/i0.wp.com\/www.irf-europa.com\/wp-content\/uploads\/2021\/10\/hot-repair.jpg?resize=280%2C280&ssl=1\" alt=\"\">\n<\/div>\n<div class=\"sltxt p-4\">\n<h4 class=\"sltitle text-uppercase\">HOT REPAIR<\/h4>\n<div class=\"slcont\"><a href=\"https:\/\/www.irf-europa.com\/es\/servicios\/hot-repair\/\" rel=\"bookmark\">M\u00c1S INFORMACI\u00d3N<\/a><\/div>\n<\/div>\n<\/div>\n<div class=\"item\">\n<div class=\"slimg\">\n<img decoding=\"async\" src=\"https:\/\/i0.wp.com\/www.irf-europa.com\/wp-content\/uploads\/2021\/10\/auditing.jpg?resize=280%2C280&ssl=1\" alt=\"\">\n<\/div>\n<div class=\"sltxt p-4\">\n<h4 class=\"sltitle text-uppercase\">Auditor\u00eda<\/h4>\n<div class=\"slcont\"><a href=\"https:\/\/www.irf-europa.com\/es\/servicios\/auditoria\/\" rel=\"bookmark\">M\u00c1S INFORMACI\u00d3N<\/a><\/div>\n<\/div>\n<\/div>\n<div class=\"item\">\n<div class=\"slimg\">\n<img decoding=\"async\" src=\"https:\/\/i0.wp.com\/www.irf-europa.com\/wp-content\/uploads\/2021\/10\/coldrepair.jpg?resize=280%2C280&ssl=1\" alt=\"\">\n<\/div>\n<div class=\"sltxt p-4\">\n<h4 class=\"sltitle text-uppercase\">COLD REPAIR &amp; FURNACE REBUILDING<\/h4>\n<div class=\"slcont\"><a href=\"https:\/\/www.irf-europa.com\/es\/servicios\/cold-repair-furnace-rebuilding\/\" rel=\"bookmark\">M\u00c1S INFORMACI\u00d3N<\/a><\/div>\n<\/div>\n<\/div>\n<div class=\"item\">\n<div class=\"slimg\">\n<img decoding=\"async\" src=\"https:\/\/i0.wp.com\/www.irf-europa.com\/wp-content\/uploads\/2021\/10\/steel-workshop.jpg?resize=280%2C280&ssl=1\" alt=\"\">\n<\/div>\n<div class=\"sltxt p-4\">\n<h4 class=\"sltitle text-uppercase\">STEEL WORKSHOP<\/h4>\n<div class=\"slcont\"><a href=\"https:\/\/www.irf-europa.com\/es\/servicios\/steel-workshop\/\" rel=\"bookmark\">M\u00c1S INFORMACI\u00d3N<\/a><\/div>\n<\/div>\n<\/div>\n<\/div>\n<\/div><\/div>\n\n\n\n<div class=\"wp-block-buttons mb-5 is-horizontal is-content-justification-center is-layout-flex wp-container-core-buttons-is-layout-499968f5 wp-block-buttons-is-layout-flex\">\n<div class=\"wp-block-button\"><a class=\"wp-block-button__link no-border-radius wp-element-button\" href=\"https:\/\/www.irf-europa.com\/contatti\/\">M\u00c1S INFORMACI\u00d3N<\/a><\/div>\n<\/div>\n<\/div><\/div>\n","protected":false},"excerpt":{"rendered":"<p>IRF EUROPA IRF es una empresa multinacional con experiencia en servicios refractarios completos para hornos de fusi\u00f3n de vidrio. Nuestra&hellip;<\/p>\n<p><a class=\"btn btn-dark btn-sm websoup-read-more-link\" href=\"https:\/\/www.irf-europa.com\/es\/servicios\/steel-workshop\/\">Read More&#8230;<\/a><\/p>\n","protected":false},"author":1,"featured_media":0,"parent":0,"menu_order":0,"comment_status":"closed","ping_status":"closed","template":"page-templates\/empty.php","meta":{"inline_featured_image":false,"footnotes":""},"class_list":["post-757","page","type-page","status-publish","hentry"],"yoast_head":"<!-- This site is optimized with the Yoast SEO plugin v27.5 - https:\/\/yoast.com\/product\/yoast-seo-wordpress\/ -->\n<title>Inicio - IRF Europa<\/title>\n<meta name=\"robots\" content=\"index, follow, max-snippet:-1, max-image-preview:large, max-video-preview:-1\" \/>\n<link rel=\"canonical\" href=\"https:\/\/www.irf-europa.com\/es\/\" \/>\n<meta property=\"og:locale\" content=\"es_ES\" \/>\n<meta property=\"og:type\" content=\"article\" \/>\n<meta property=\"og:title\" content=\"Inicio - IRF Europa\" \/>\n<meta property=\"og:description\" content=\"IRF EUROPA IRF es una empresa multinacional con experiencia en servicios refractarios completos para hornos de fusi\u00f3n de vidrio. Nuestra&hellip;Read More...\" \/>\n<meta property=\"og:url\" content=\"https:\/\/www.irf-europa.com\/es\/\" \/>\n<meta property=\"og:site_name\" content=\"IRF Europa\" \/>\n<meta property=\"article:modified_time\" content=\"2023-10-10T15:26:09+00:00\" \/>\n<meta property=\"og:image\" content=\"https:\/\/www.irf-europa.com\/wp-content\/uploads\/2022\/12\/HOME.jpg\" \/>\n<meta name=\"twitter:card\" content=\"summary_large_image\" \/>\n<meta name=\"twitter:label1\" content=\"Tiempo de lectura\" \/>\n\t<meta name=\"twitter:data1\" content=\"1 minuto\" \/>\n<script type=\"application\/ld+json\" class=\"yoast-schema-graph\">{\"@context\":\"https:\\\/\\\/schema.org\",\"@graph\":[{\"@type\":\"WebPage\",\"@id\":\"https:\\\/\\\/www.irf-europa.com\\\/es\\\/\",\"url\":\"https:\\\/\\\/www.irf-europa.com\\\/es\\\/\",\"name\":\"Inicio - IRF Europa\",\"isPartOf\":{\"@id\":\"https:\\\/\\\/www.irf-europa.com\\\/es\\\/#website\"},\"primaryImageOfPage\":{\"@id\":\"https:\\\/\\\/www.irf-europa.com\\\/es\\\/#primaryimage\"},\"image\":{\"@id\":\"https:\\\/\\\/www.irf-europa.com\\\/es\\\/#primaryimage\"},\"thumbnailUrl\":\"https:\\\/\\\/www.irf-europa.com\\\/wp-content\\\/uploads\\\/2022\\\/12\\\/HOME.jpg\",\"datePublished\":\"2023-05-26T20:50:54+00:00\",\"dateModified\":\"2023-10-10T15:26:09+00:00\",\"breadcrumb\":{\"@id\":\"https:\\\/\\\/www.irf-europa.com\\\/es\\\/#breadcrumb\"},\"inLanguage\":\"es\",\"potentialAction\":[{\"@type\":\"ReadAction\",\"target\":[\"https:\\\/\\\/www.irf-europa.com\\\/es\\\/\"]}]},{\"@type\":\"ImageObject\",\"inLanguage\":\"es\",\"@id\":\"https:\\\/\\\/www.irf-europa.com\\\/es\\\/#primaryimage\",\"url\":\"https:\\\/\\\/www.irf-europa.com\\\/wp-content\\\/uploads\\\/2022\\\/12\\\/HOME.jpg\",\"contentUrl\":\"https:\\\/\\\/www.irf-europa.com\\\/wp-content\\\/uploads\\\/2022\\\/12\\\/HOME.jpg\"},{\"@type\":\"BreadcrumbList\",\"@id\":\"https:\\\/\\\/www.irf-europa.com\\\/es\\\/#breadcrumb\",\"itemListElement\":[{\"@type\":\"ListItem\",\"position\":1,\"name\":\"Home\",\"item\":\"https:\\\/\\\/www.irf-europa.com\\\/es\\\/\"},{\"@type\":\"ListItem\",\"position\":2,\"name\":\"Inicio\"}]},{\"@type\":\"WebSite\",\"@id\":\"https:\\\/\\\/www.irf-europa.com\\\/es\\\/#website\",\"url\":\"https:\\\/\\\/www.irf-europa.com\\\/es\\\/\",\"name\":\"IRF Europa\",\"description\":\"Riparazione e manutenzione di forni per la fusione del vetro\",\"publisher\":{\"@id\":\"https:\\\/\\\/www.irf-europa.com\\\/es\\\/#organization\"},\"potentialAction\":[{\"@type\":\"SearchAction\",\"target\":{\"@type\":\"EntryPoint\",\"urlTemplate\":\"https:\\\/\\\/www.irf-europa.com\\\/es\\\/?s={search_term_string}\"},\"query-input\":{\"@type\":\"PropertyValueSpecification\",\"valueRequired\":true,\"valueName\":\"search_term_string\"}}],\"inLanguage\":\"es\"},{\"@type\":\"Organization\",\"@id\":\"https:\\\/\\\/www.irf-europa.com\\\/es\\\/#organization\",\"name\":\"IRF Europa\",\"url\":\"https:\\\/\\\/www.irf-europa.com\\\/es\\\/\",\"logo\":{\"@type\":\"ImageObject\",\"inLanguage\":\"es\",\"@id\":\"https:\\\/\\\/www.irf-europa.com\\\/es\\\/#\\\/schema\\\/logo\\\/image\\\/\",\"url\":\"https:\\\/\\\/i0.wp.com\\\/www.irf-europa.com\\\/wp-content\\\/uploads\\\/2021\\\/10\\\/irf-europa.png?fit=752%2C248&ssl=1\",\"contentUrl\":\"https:\\\/\\\/i0.wp.com\\\/www.irf-europa.com\\\/wp-content\\\/uploads\\\/2021\\\/10\\\/irf-europa.png?fit=752%2C248&ssl=1\",\"width\":752,\"height\":248,\"caption\":\"IRF Europa\"},\"image\":{\"@id\":\"https:\\\/\\\/www.irf-europa.com\\\/es\\\/#\\\/schema\\\/logo\\\/image\\\/\"},\"sameAs\":[\"https:\\\/\\\/www.linkedin.com\\\/company\\\/irf-europa-srl\\\/\"]}]}<\/script>\n<!-- \/ Yoast SEO plugin. -->","yoast_head_json":{"title":"Inicio - IRF Europa","robots":{"index":"index","follow":"follow","max-snippet":"max-snippet:-1","max-image-preview":"max-image-preview:large","max-video-preview":"max-video-preview:-1"},"canonical":"https:\/\/www.irf-europa.com\/es\/","og_locale":"es_ES","og_type":"article","og_title":"Inicio - IRF Europa","og_description":"IRF EUROPA IRF es una empresa multinacional con experiencia en servicios refractarios completos para hornos de fusi\u00f3n de vidrio. Nuestra&hellip;Read More...","og_url":"https:\/\/www.irf-europa.com\/es\/","og_site_name":"IRF Europa","article_modified_time":"2023-10-10T15:26:09+00:00","og_image":[{"url":"https:\/\/www.irf-europa.com\/wp-content\/uploads\/2022\/12\/HOME.jpg","type":"","width":"","height":""}],"twitter_card":"summary_large_image","twitter_misc":{"Tiempo de lectura":"1 minuto"},"schema":{"@context":"https:\/\/schema.org","@graph":[{"@type":"WebPage","@id":"https:\/\/www.irf-europa.com\/es\/","url":"https:\/\/www.irf-europa.com\/es\/","name":"Inicio - IRF Europa","isPartOf":{"@id":"https:\/\/www.irf-europa.com\/es\/#website"},"primaryImageOfPage":{"@id":"https:\/\/www.irf-europa.com\/es\/#primaryimage"},"image":{"@id":"https:\/\/www.irf-europa.com\/es\/#primaryimage"},"thumbnailUrl":"https:\/\/www.irf-europa.com\/wp-content\/uploads\/2022\/12\/HOME.jpg","datePublished":"2023-05-26T20:50:54+00:00","dateModified":"2023-10-10T15:26:09+00:00","breadcrumb":{"@id":"https:\/\/www.irf-europa.com\/es\/#breadcrumb"},"inLanguage":"es","potentialAction":[{"@type":"ReadAction","target":["https:\/\/www.irf-europa.com\/es\/"]}]},{"@type":"ImageObject","inLanguage":"es","@id":"https:\/\/www.irf-europa.com\/es\/#primaryimage","url":"https:\/\/www.irf-europa.com\/wp-content\/uploads\/2022\/12\/HOME.jpg","contentUrl":"https:\/\/www.irf-europa.com\/wp-content\/uploads\/2022\/12\/HOME.jpg"},{"@type":"BreadcrumbList","@id":"https:\/\/www.irf-europa.com\/es\/#breadcrumb","itemListElement":[{"@type":"ListItem","position":1,"name":"Home","item":"https:\/\/www.irf-europa.com\/es\/"},{"@type":"ListItem","position":2,"name":"Inicio"}]},{"@type":"WebSite","@id":"https:\/\/www.irf-europa.com\/es\/#website","url":"https:\/\/www.irf-europa.com\/es\/","name":"IRF Europa","description":"Riparazione e manutenzione di forni per la fusione del vetro","publisher":{"@id":"https:\/\/www.irf-europa.com\/es\/#organization"},"potentialAction":[{"@type":"SearchAction","target":{"@type":"EntryPoint","urlTemplate":"https:\/\/www.irf-europa.com\/es\/?s={search_term_string}"},"query-input":{"@type":"PropertyValueSpecification","valueRequired":true,"valueName":"search_term_string"}}],"inLanguage":"es"},{"@type":"Organization","@id":"https:\/\/www.irf-europa.com\/es\/#organization","name":"IRF Europa","url":"https:\/\/www.irf-europa.com\/es\/","logo":{"@type":"ImageObject","inLanguage":"es","@id":"https:\/\/www.irf-europa.com\/es\/#\/schema\/logo\/image\/","url":"https:\/\/i0.wp.com\/www.irf-europa.com\/wp-content\/uploads\/2021\/10\/irf-europa.png?fit=752%2C248&ssl=1","contentUrl":"https:\/\/i0.wp.com\/www.irf-europa.com\/wp-content\/uploads\/2021\/10\/irf-europa.png?fit=752%2C248&ssl=1","width":752,"height":248,"caption":"IRF Europa"},"image":{"@id":"https:\/\/www.irf-europa.com\/es\/#\/schema\/logo\/image\/"},"sameAs":["https:\/\/www.linkedin.com\/company\/irf-europa-srl\/"]}]}},"jetpack_sharing_enabled":true,"_links":{"self":[{"href":"https:\/\/www.irf-europa.com\/es\/wp-json\/wp\/v2\/pages\/757","targetHints":{"allow":["GET"]}}],"collection":[{"href":"https:\/\/www.irf-europa.com\/es\/wp-json\/wp\/v2\/pages"}],"about":[{"href":"https:\/\/www.irf-europa.com\/es\/wp-json\/wp\/v2\/types\/page"}],"author":[{"embeddable":true,"href":"https:\/\/www.irf-europa.com\/es\/wp-json\/wp\/v2\/users\/1"}],"replies":[{"embeddable":true,"href":"https:\/\/www.irf-europa.com\/es\/wp-json\/wp\/v2\/comments?post=757"}],"version-history":[{"count":2,"href":"https:\/\/www.irf-europa.com\/es\/wp-json\/wp\/v2\/pages\/757\/revisions"}],"predecessor-version":[{"id":848,"href":"https:\/\/www.irf-europa.com\/es\/wp-json\/wp\/v2\/pages\/757\/revisions\/848"}],"wp:attachment":[{"href":"https:\/\/www.irf-europa.com\/es\/wp-json\/wp\/v2\/media?parent=757"}],"curies":[{"name":"wp","href":"https:\/\/api.w.org\/{rel}","templated":true}]}}