{"id":729,"date":"2023-05-23T13:22:46","date_gmt":"2023-05-23T11:22:46","guid":{"rendered":"https:\/\/www.irf-europa.com\/services\/reparation-a-froid-et-reconstruction-de-four\/"},"modified":"2024-01-26T11:54:41","modified_gmt":"2024-01-26T10:54:41","slug":"reparation-a-froid-et-reconstruction-four","status":"publish","type":"page","link":"https:\/\/www.irf-europa.com\/fr\/services\/reparation-a-froid-et-reconstruction-four\/","title":{"rendered":"R\u00c9PARATION \u00c0 FROID ET RECONSTRUCTION FOUR"},"content":{"rendered":"\n<div class=\"wp-block-group bglightgrey py-5\"><div class=\"wp-block-group__inner-container is-layout-flow wp-block-group-is-layout-flow\">\n<div class=\"wp-block-group container\"><div class=\"wp-block-group__inner-container is-layout-flow wp-block-group-is-layout-flow\">\n<h1 class=\"wp-block-heading has-text-align-center mb-4\">R\u00c9PARATION \u00c0 FROID ET RECONSTRUCTION FOUR<\/h1>\n\n\n\n<p class=\"has-text-align-center\">Services de reconstruction totale ou partielle de diff\u00e9rents types de fours ou de parties de fours, de la d\u00e9molition au montage des r\u00e9fractaires, en passant par la fourniture des charpentes et la reconstruction sur place.<\/p>\n<\/div><\/div>\n<\/div><\/div>\n\n\n\n<div class=\"wp-block-group container py-5\"><div class=\"wp-block-group__inner-container is-layout-flow wp-block-group-is-layout-flow\">\n<div class=\"wp-block-jetpack-tiled-gallery aligncenter is-style-square\"><div class=\"tiled-gallery__gallery\"><div class=\"tiled-gallery__row columns-8\"><div class=\"tiled-gallery__col\"><figure class=\"tiled-gallery__item\"><a href=\"https:\/\/i0.wp.com\/www.irf-europa.com\/wp-content\/uploads\/2022\/12\/IMG_20180706_010705.jpg?ssl=1\" data-lbwps-width=\"1440\" data-lbwps-height=\"1920\" data-lbwps-srcsmall=\"https:\/\/www.irf-europa.com\/wp-content\/uploads\/2022\/12\/IMG_20180706_010705-525x700.jpg\"><img decoding=\"async\" srcset=\"https:\/\/i0.wp.com\/www.irf-europa.com\/wp-content\/uploads\/2022\/12\/IMG_20180706_010705-768x1024.jpg?resize=600%2C600&#038;strip=info&#038;ssl=1 600w,https:\/\/i0.wp.com\/www.irf-europa.com\/wp-content\/uploads\/2022\/12\/IMG_20180706_010705-768x1024.jpg?resize=900%2C900&#038;strip=info&#038;ssl=1 900w,https:\/\/i0.wp.com\/www.irf-europa.com\/wp-content\/uploads\/2022\/12\/IMG_20180706_010705-768x1024.jpg?resize=1200%2C1200&#038;strip=info&#038;ssl=1 1200w,https:\/\/i0.wp.com\/www.irf-europa.com\/wp-content\/uploads\/2022\/12\/IMG_20180706_010705-768x1024.jpg?resize=1440%2C1440&#038;strip=info&#038;ssl=1 1440w\" alt=\"\" data-height=\"1920\" data-id=\"366\" data-link=\"https:\/\/www.irf-europa.com\/servizi\/cold-repair\/dav\/\" data-url=\"https:\/\/www.irf-europa.com\/wp-content\/uploads\/2022\/12\/IMG_20180706_010705-768x1024.jpg\" data-width=\"1440\" src=\"https:\/\/i0.wp.com\/www.irf-europa.com\/wp-content\/uploads\/2022\/12\/IMG_20180706_010705-768x1024.jpg?ssl=1&amp;resize=1440%2C1440\" data-amp-layout=\"responsive\"\/><\/a><\/figure><\/div><div class=\"tiled-gallery__col\"><figure class=\"tiled-gallery__item\"><a href=\"https:\/\/i0.wp.com\/www.irf-europa.com\/wp-content\/uploads\/2022\/12\/Immagine6.jpg?ssl=1\" data-lbwps-width=\"590\" data-lbwps-height=\"443\" data-lbwps-srcsmall=\"https:\/\/www.irf-europa.com\/wp-content\/uploads\/2022\/12\/Immagine6.jpg\"><img decoding=\"async\" srcset=\"https:\/\/i2.wp.com\/www.irf-europa.com\/wp-content\/uploads\/2022\/12\/Immagine6.jpg?resize=443%2C443&#038;strip=info&#038;ssl=1 443w\" alt=\"\" data-height=\"443\" data-id=\"370\" data-link=\"https:\/\/www.irf-europa.com\/servizi\/cold-repair\/immagine6\/\" data-url=\"https:\/\/www.irf-europa.com\/wp-content\/uploads\/2022\/12\/Immagine6.jpg\" data-width=\"590\" src=\"https:\/\/i2.wp.com\/www.irf-europa.com\/wp-content\/uploads\/2022\/12\/Immagine6.jpg?ssl=1&amp;resize=443%2C443\" data-amp-layout=\"responsive\"\/><\/a><\/figure><\/div><div class=\"tiled-gallery__col\"><figure class=\"tiled-gallery__item\"><a href=\"https:\/\/i0.wp.com\/www.irf-europa.com\/wp-content\/uploads\/2022\/12\/IMG-20201119-WA0029.jpg?ssl=1\" data-lbwps-width=\"1024\" data-lbwps-height=\"768\" data-lbwps-srcsmall=\"https:\/\/www.irf-europa.com\/wp-content\/uploads\/2022\/12\/IMG-20201119-WA0029-730x548.jpg\"><img decoding=\"async\" srcset=\"https:\/\/i1.wp.com\/www.irf-europa.com\/wp-content\/uploads\/2022\/12\/IMG-20201119-WA0029.jpg?resize=600%2C600&#038;strip=info&#038;ssl=1 600w,https:\/\/i1.wp.com\/www.irf-europa.com\/wp-content\/uploads\/2022\/12\/IMG-20201119-WA0029.jpg?resize=768%2C768&#038;strip=info&#038;ssl=1 768w\" alt=\"\" data-height=\"768\" data-id=\"374\" data-link=\"https:\/\/www.irf-europa.com\/servizi\/cold-repair\/img-20201119-wa0029\/\" data-url=\"https:\/\/www.irf-europa.com\/wp-content\/uploads\/2022\/12\/IMG-20201119-WA0029.jpg\" data-width=\"1024\" src=\"https:\/\/i1.wp.com\/www.irf-europa.com\/wp-content\/uploads\/2022\/12\/IMG-20201119-WA0029.jpg?ssl=1&amp;resize=768%2C768\" data-amp-layout=\"responsive\"\/><\/a><\/figure><\/div><div class=\"tiled-gallery__col\"><figure class=\"tiled-gallery__item\"><a href=\"https:\/\/i0.wp.com\/www.irf-europa.com\/wp-content\/uploads\/2022\/12\/IMG-20201119-WA0026.jpg?ssl=1\" data-lbwps-width=\"1024\" data-lbwps-height=\"768\" data-lbwps-srcsmall=\"https:\/\/www.irf-europa.com\/wp-content\/uploads\/2022\/12\/IMG-20201119-WA0026-730x548.jpg\"><img decoding=\"async\" srcset=\"https:\/\/i0.wp.com\/www.irf-europa.com\/wp-content\/uploads\/2022\/12\/IMG-20201119-WA0026.jpg?resize=600%2C600&#038;strip=info&#038;ssl=1 600w,https:\/\/i0.wp.com\/www.irf-europa.com\/wp-content\/uploads\/2022\/12\/IMG-20201119-WA0026.jpg?resize=768%2C768&#038;strip=info&#038;ssl=1 768w\" alt=\"\" data-height=\"768\" data-id=\"378\" data-link=\"https:\/\/www.irf-europa.com\/servizi\/cold-repair\/img-20201119-wa0026\/\" data-url=\"https:\/\/www.irf-europa.com\/wp-content\/uploads\/2022\/12\/IMG-20201119-WA0026.jpg\" data-width=\"1024\" src=\"https:\/\/i0.wp.com\/www.irf-europa.com\/wp-content\/uploads\/2022\/12\/IMG-20201119-WA0026.jpg?ssl=1&amp;resize=768%2C768\" data-amp-layout=\"responsive\"\/><\/a><\/figure><\/div><div class=\"tiled-gallery__col\"><figure class=\"tiled-gallery__item\"><a href=\"https:\/\/i0.wp.com\/www.irf-europa.com\/wp-content\/uploads\/2022\/12\/IMG-20201119-WA0002.jpg?ssl=1\" data-lbwps-width=\"1024\" data-lbwps-height=\"768\" data-lbwps-srcsmall=\"https:\/\/www.irf-europa.com\/wp-content\/uploads\/2022\/12\/IMG-20201119-WA0002-730x548.jpg\"><img decoding=\"async\" srcset=\"https:\/\/i0.wp.com\/www.irf-europa.com\/wp-content\/uploads\/2022\/12\/IMG-20201119-WA0002.jpg?resize=600%2C600&#038;strip=info&#038;ssl=1 600w,https:\/\/i0.wp.com\/www.irf-europa.com\/wp-content\/uploads\/2022\/12\/IMG-20201119-WA0002.jpg?resize=768%2C768&#038;strip=info&#038;ssl=1 768w\" alt=\"\" data-height=\"768\" data-id=\"382\" data-link=\"https:\/\/www.irf-europa.com\/servizi\/cold-repair\/img-20201119-wa0002\/\" data-url=\"https:\/\/www.irf-europa.com\/wp-content\/uploads\/2022\/12\/IMG-20201119-WA0002.jpg\" data-width=\"1024\" src=\"https:\/\/i0.wp.com\/www.irf-europa.com\/wp-content\/uploads\/2022\/12\/IMG-20201119-WA0002.jpg?ssl=1&amp;resize=768%2C768\" data-amp-layout=\"responsive\"\/><\/a><\/figure><\/div><div class=\"tiled-gallery__col\"><figure class=\"tiled-gallery__item\"><a href=\"https:\/\/i0.wp.com\/www.irf-europa.com\/wp-content\/uploads\/2022\/12\/IMG-20201117-WA0011.jpg?ssl=1\" data-lbwps-width=\"1024\" data-lbwps-height=\"768\" data-lbwps-srcsmall=\"https:\/\/www.irf-europa.com\/wp-content\/uploads\/2022\/12\/IMG-20201117-WA0011-730x548.jpg\"><img decoding=\"async\" srcset=\"https:\/\/i1.wp.com\/www.irf-europa.com\/wp-content\/uploads\/2022\/12\/IMG-20201117-WA0011.jpg?resize=600%2C600&#038;strip=info&#038;ssl=1 600w,https:\/\/i1.wp.com\/www.irf-europa.com\/wp-content\/uploads\/2022\/12\/IMG-20201117-WA0011.jpg?resize=768%2C768&#038;strip=info&#038;ssl=1 768w\" alt=\"\" data-height=\"768\" data-id=\"386\" data-link=\"https:\/\/www.irf-europa.com\/servizi\/cold-repair\/img-20201117-wa0011\/\" data-url=\"https:\/\/www.irf-europa.com\/wp-content\/uploads\/2022\/12\/IMG-20201117-WA0011.jpg\" data-width=\"1024\" src=\"https:\/\/i1.wp.com\/www.irf-europa.com\/wp-content\/uploads\/2022\/12\/IMG-20201117-WA0011.jpg?ssl=1&amp;resize=768%2C768\" data-amp-layout=\"responsive\"\/><\/a><\/figure><\/div><div class=\"tiled-gallery__col\"><figure class=\"tiled-gallery__item\"><a href=\"https:\/\/i0.wp.com\/www.irf-europa.com\/wp-content\/uploads\/2022\/12\/DSC_0098.jpg?ssl=1\" data-lbwps-width=\"1920\" data-lbwps-height=\"1272\" data-lbwps-srcsmall=\"https:\/\/www.irf-europa.com\/wp-content\/uploads\/2022\/12\/DSC_0098-730x484.jpg\"><img decoding=\"async\" srcset=\"https:\/\/i0.wp.com\/www.irf-europa.com\/wp-content\/uploads\/2022\/12\/DSC_0098-1110x735.jpg?resize=600%2C600&#038;strip=info&#038;ssl=1 600w,https:\/\/i0.wp.com\/www.irf-europa.com\/wp-content\/uploads\/2022\/12\/DSC_0098-1110x735.jpg?resize=900%2C900&#038;strip=info&#038;ssl=1 900w,https:\/\/i0.wp.com\/www.irf-europa.com\/wp-content\/uploads\/2022\/12\/DSC_0098-1110x735.jpg?resize=1200%2C1200&#038;strip=info&#038;ssl=1 1200w,https:\/\/i0.wp.com\/www.irf-europa.com\/wp-content\/uploads\/2022\/12\/DSC_0098-1110x735.jpg?resize=1272%2C1272&#038;strip=info&#038;ssl=1 1272w\" alt=\"\" data-height=\"1272\" data-id=\"390\" data-link=\"https:\/\/www.irf-europa.com\/servizi\/cold-repair\/dsc_0098\/\" data-url=\"https:\/\/www.irf-europa.com\/wp-content\/uploads\/2022\/12\/DSC_0098-1110x735.jpg\" data-width=\"1920\" src=\"https:\/\/i0.wp.com\/www.irf-europa.com\/wp-content\/uploads\/2022\/12\/DSC_0098-1110x735.jpg?ssl=1&amp;resize=1272%2C1272\" data-amp-layout=\"responsive\"\/><\/a><\/figure><\/div><div class=\"tiled-gallery__col\"><figure class=\"tiled-gallery__item\"><a href=\"https:\/\/i0.wp.com\/www.irf-europa.com\/wp-content\/uploads\/2022\/12\/3.jpg?ssl=1\" data-lbwps-width=\"1920\" data-lbwps-height=\"1440\" data-lbwps-srcsmall=\"https:\/\/www.irf-europa.com\/wp-content\/uploads\/2022\/12\/3-730x548.jpg\"><img decoding=\"async\" srcset=\"https:\/\/i2.wp.com\/www.irf-europa.com\/wp-content\/uploads\/2022\/12\/3-1110x833.jpg?resize=600%2C600&#038;strip=info&#038;ssl=1 600w,https:\/\/i2.wp.com\/www.irf-europa.com\/wp-content\/uploads\/2022\/12\/3-1110x833.jpg?resize=900%2C900&#038;strip=info&#038;ssl=1 900w,https:\/\/i2.wp.com\/www.irf-europa.com\/wp-content\/uploads\/2022\/12\/3-1110x833.jpg?resize=1200%2C1200&#038;strip=info&#038;ssl=1 1200w,https:\/\/i2.wp.com\/www.irf-europa.com\/wp-content\/uploads\/2022\/12\/3-1110x833.jpg?resize=1440%2C1440&#038;strip=info&#038;ssl=1 1440w\" alt=\"\" data-height=\"1440\" data-id=\"394\" data-link=\"https:\/\/www.irf-europa.com\/servizi\/cold-repair\/dav-2\/\" data-url=\"https:\/\/www.irf-europa.com\/wp-content\/uploads\/2022\/12\/3-1110x833.jpg\" data-width=\"1920\" src=\"https:\/\/i2.wp.com\/www.irf-europa.com\/wp-content\/uploads\/2022\/12\/3-1110x833.jpg?ssl=1&amp;resize=1440%2C1440\" data-amp-layout=\"responsive\"\/><\/a><\/figure><\/div><\/div><\/div><\/div>\n\n\n\n<div style=\"height:0.5rem\" aria-hidden=\"true\" class=\"wp-block-spacer\"><\/div>\n\n\n\n<div class=\"wp-block-columns my-5 is-layout-flex wp-container-core-columns-is-layout-9d6595d7 wp-block-columns-is-layout-flex\">\n<div class=\"wp-block-column is-layout-flow wp-block-column-is-layout-flow\">\n<h2 class=\"wp-block-heading underline h3\"><strong><strong><strong><strong><strong><strong>Cast In Place<\/strong><\/strong><\/strong><\/strong><\/strong><\/strong><\/h2>\n<\/div>\n\n\n\n<div class=\"wp-block-column is-layout-flow wp-block-column-is-layout-flow\">\n<p>Dans certaines applications, l\u2019installation de mat\u00e9riaux r\u00e9fractaires par coulage est pr\u00e9f\u00e9rable dans la zone de contact du verre comme au niveau des superstructures. Pour ce faire, IRF est \u00e9quip\u00e9e d\u2019une pompe \u00e0 haute pression pour mat\u00e9riaux r\u00e9fractaires qui fonctionne\u00a0avec une large gamme de produits monolithiques.<\/p>\n<\/div>\n<\/div>\n\n\n\n<hr class=\"wp-block-separator has-css-opacity my-xl\"\/>\n\n\n\n<div class=\"wp-block-columns my-5 is-layout-flex wp-container-core-columns-is-layout-9d6595d7 wp-block-columns-is-layout-flex\">\n<div class=\"wp-block-column is-layout-flow wp-block-column-is-layout-flow\">\n<h2 class=\"wp-block-heading underline h3\"><strong><strong><strong><strong><strong>Reconstructions totales ou partielles<\/strong><\/strong><\/strong><\/strong><\/strong><\/h2>\n<\/div>\n\n\n\n<div class=\"wp-block-column is-layout-flow wp-block-column-is-layout-flow\">\n<p>L\u2019\u00e9quipe d\u2019IRF a g\u00e9r\u00e9 enti\u00e8rement avec succ\u00e8s de nombreuses reconstructions totales ou partielles&nbsp;: des \u00e9tapes de drainage \u00e0 la d\u00e9molition, en passant par l\u2019installation des nouveaux r\u00e9fractaires, le remplacement des charpentes et le pr\u00e9chauffage du four.<\/p>\n<\/div>\n<\/div>\n\n\n\n<p><\/p>\n<\/div><\/div>\n","protected":false},"excerpt":{"rendered":"<p>R\u00c9PARATION \u00c0 FROID ET RECONSTRUCTION FOUR Services de reconstruction totale ou partielle de diff\u00e9rents types de fours ou de parties&hellip;<\/p>\n<p><a class=\"btn btn-dark btn-sm websoup-read-more-link\" href=\"https:\/\/www.irf-europa.com\/fr\/services\/reparation-a-froid-et-reconstruction-four\/\">Read More&#8230;<\/a><\/p>\n","protected":false},"author":1,"featured_media":652,"parent":723,"menu_order":0,"comment_status":"closed","ping_status":"closed","template":"page-templates\/empty.php","meta":{"inline_featured_image":false,"footnotes":""},"class_list":["post-729","page","type-page","status-publish","has-post-thumbnail","hentry"],"yoast_head":"<!-- This site is optimized with the Yoast SEO plugin v27.5 - https:\/\/yoast.com\/product\/yoast-seo-wordpress\/ -->\n<title>R\u00c9PARATION \u00c0 FROID ET RECONSTRUCTION FOUR - IRF Europa<\/title>\n<meta name=\"robots\" content=\"index, follow, max-snippet:-1, max-image-preview:large, max-video-preview:-1\" \/>\n<link rel=\"canonical\" href=\"https:\/\/www.irf-europa.com\/fr\/services\/reparation-a-froid-et-reconstruction-four\/\" \/>\n<meta property=\"og:locale\" content=\"fr_FR\" \/>\n<meta property=\"og:type\" content=\"article\" \/>\n<meta property=\"og:title\" content=\"R\u00c9PARATION \u00c0 FROID ET RECONSTRUCTION FOUR - IRF Europa\" \/>\n<meta property=\"og:description\" content=\"R\u00c9PARATION \u00c0 FROID ET RECONSTRUCTION FOUR Services de reconstruction totale ou partielle de diff\u00e9rents types de fours ou de parties&hellip;Read More...\" \/>\n<meta property=\"og:url\" content=\"https:\/\/www.irf-europa.com\/fr\/services\/reparation-a-froid-et-reconstruction-four\/\" \/>\n<meta property=\"og:site_name\" content=\"IRF Europa\" \/>\n<meta property=\"article:modified_time\" content=\"2024-01-26T10:54:41+00:00\" \/>\n<meta property=\"og:image\" content=\"https:\/\/www.irf-europa.com\/wp-content\/uploads\/2021\/10\/coldrepair.jpg\" \/>\n\t<meta property=\"og:image:width\" content=\"1024\" \/>\n\t<meta property=\"og:image:height\" content=\"768\" \/>\n\t<meta property=\"og:image:type\" content=\"image\/jpeg\" \/>\n<meta name=\"twitter:card\" content=\"summary_large_image\" \/>\n<meta name=\"twitter:label1\" content=\"Dur\u00e9e de lecture estim\u00e9e\" \/>\n\t<meta name=\"twitter:data1\" content=\"3 minutes\" \/>\n<script type=\"application\/ld+json\" class=\"yoast-schema-graph\">{\"@context\":\"https:\\\/\\\/schema.org\",\"@graph\":[{\"@type\":\"WebPage\",\"@id\":\"https:\\\/\\\/www.irf-europa.com\\\/fr\\\/services\\\/reparation-a-froid-et-reconstruction-four\\\/\",\"url\":\"https:\\\/\\\/www.irf-europa.com\\\/fr\\\/services\\\/reparation-a-froid-et-reconstruction-four\\\/\",\"name\":\"R\u00c9PARATION \u00c0 FROID ET RECONSTRUCTION FOUR - IRF Europa\",\"isPartOf\":{\"@id\":\"https:\\\/\\\/www.irf-europa.com\\\/fr\\\/#website\"},\"primaryImageOfPage\":{\"@id\":\"https:\\\/\\\/www.irf-europa.com\\\/fr\\\/services\\\/reparation-a-froid-et-reconstruction-four\\\/#primaryimage\"},\"image\":{\"@id\":\"https:\\\/\\\/www.irf-europa.com\\\/fr\\\/services\\\/reparation-a-froid-et-reconstruction-four\\\/#primaryimage\"},\"thumbnailUrl\":\"https:\\\/\\\/i0.wp.com\\\/www.irf-europa.com\\\/wp-content\\\/uploads\\\/2021\\\/10\\\/coldrepair.jpg?fit=1024%2C768&ssl=1\",\"datePublished\":\"2023-05-23T11:22:46+00:00\",\"dateModified\":\"2024-01-26T10:54:41+00:00\",\"breadcrumb\":{\"@id\":\"https:\\\/\\\/www.irf-europa.com\\\/fr\\\/services\\\/reparation-a-froid-et-reconstruction-four\\\/#breadcrumb\"},\"inLanguage\":\"fr-FR\",\"potentialAction\":[{\"@type\":\"ReadAction\",\"target\":[\"https:\\\/\\\/www.irf-europa.com\\\/fr\\\/services\\\/reparation-a-froid-et-reconstruction-four\\\/\"]}]},{\"@type\":\"ImageObject\",\"inLanguage\":\"fr-FR\",\"@id\":\"https:\\\/\\\/www.irf-europa.com\\\/fr\\\/services\\\/reparation-a-froid-et-reconstruction-four\\\/#primaryimage\",\"url\":\"https:\\\/\\\/i0.wp.com\\\/www.irf-europa.com\\\/wp-content\\\/uploads\\\/2021\\\/10\\\/coldrepair.jpg?fit=1024%2C768&ssl=1\",\"contentUrl\":\"https:\\\/\\\/i0.wp.com\\\/www.irf-europa.com\\\/wp-content\\\/uploads\\\/2021\\\/10\\\/coldrepair.jpg?fit=1024%2C768&ssl=1\",\"width\":1024,\"height\":768},{\"@type\":\"BreadcrumbList\",\"@id\":\"https:\\\/\\\/www.irf-europa.com\\\/fr\\\/services\\\/reparation-a-froid-et-reconstruction-four\\\/#breadcrumb\",\"itemListElement\":[{\"@type\":\"ListItem\",\"position\":1,\"name\":\"Home\",\"item\":\"https:\\\/\\\/www.irf-europa.com\\\/fr\\\/\"},{\"@type\":\"ListItem\",\"position\":2,\"name\":\"Services\",\"item\":\"https:\\\/\\\/www.irf-europa.com\\\/fr\\\/services\\\/?lang=fr\"},{\"@type\":\"ListItem\",\"position\":3,\"name\":\"R\u00c9PARATION \u00c0 FROID ET RECONSTRUCTION FOUR\"}]},{\"@type\":\"WebSite\",\"@id\":\"https:\\\/\\\/www.irf-europa.com\\\/fr\\\/#website\",\"url\":\"https:\\\/\\\/www.irf-europa.com\\\/fr\\\/\",\"name\":\"IRF Europa\",\"description\":\"Riparazione e manutenzione di forni per la fusione del vetro\",\"publisher\":{\"@id\":\"https:\\\/\\\/www.irf-europa.com\\\/fr\\\/#organization\"},\"potentialAction\":[{\"@type\":\"SearchAction\",\"target\":{\"@type\":\"EntryPoint\",\"urlTemplate\":\"https:\\\/\\\/www.irf-europa.com\\\/fr\\\/?s={search_term_string}\"},\"query-input\":{\"@type\":\"PropertyValueSpecification\",\"valueRequired\":true,\"valueName\":\"search_term_string\"}}],\"inLanguage\":\"fr-FR\"},{\"@type\":\"Organization\",\"@id\":\"https:\\\/\\\/www.irf-europa.com\\\/fr\\\/#organization\",\"name\":\"IRF Europa\",\"url\":\"https:\\\/\\\/www.irf-europa.com\\\/fr\\\/\",\"logo\":{\"@type\":\"ImageObject\",\"inLanguage\":\"fr-FR\",\"@id\":\"https:\\\/\\\/www.irf-europa.com\\\/fr\\\/#\\\/schema\\\/logo\\\/image\\\/\",\"url\":\"https:\\\/\\\/i0.wp.com\\\/www.irf-europa.com\\\/wp-content\\\/uploads\\\/2021\\\/10\\\/irf-europa.png?fit=752%2C248&ssl=1\",\"contentUrl\":\"https:\\\/\\\/i0.wp.com\\\/www.irf-europa.com\\\/wp-content\\\/uploads\\\/2021\\\/10\\\/irf-europa.png?fit=752%2C248&ssl=1\",\"width\":752,\"height\":248,\"caption\":\"IRF Europa\"},\"image\":{\"@id\":\"https:\\\/\\\/www.irf-europa.com\\\/fr\\\/#\\\/schema\\\/logo\\\/image\\\/\"},\"sameAs\":[\"https:\\\/\\\/www.linkedin.com\\\/company\\\/irf-europa-srl\\\/\"]}]}<\/script>\n<!-- \/ Yoast SEO plugin. -->","yoast_head_json":{"title":"R\u00c9PARATION \u00c0 FROID ET RECONSTRUCTION FOUR - IRF Europa","robots":{"index":"index","follow":"follow","max-snippet":"max-snippet:-1","max-image-preview":"max-image-preview:large","max-video-preview":"max-video-preview:-1"},"canonical":"https:\/\/www.irf-europa.com\/fr\/services\/reparation-a-froid-et-reconstruction-four\/","og_locale":"fr_FR","og_type":"article","og_title":"R\u00c9PARATION \u00c0 FROID ET RECONSTRUCTION FOUR - IRF Europa","og_description":"R\u00c9PARATION \u00c0 FROID ET RECONSTRUCTION FOUR Services de reconstruction totale ou partielle de diff\u00e9rents types de fours ou de parties&hellip;Read More...","og_url":"https:\/\/www.irf-europa.com\/fr\/services\/reparation-a-froid-et-reconstruction-four\/","og_site_name":"IRF Europa","article_modified_time":"2024-01-26T10:54:41+00:00","og_image":[{"width":1024,"height":768,"url":"https:\/\/www.irf-europa.com\/wp-content\/uploads\/2021\/10\/coldrepair.jpg","type":"image\/jpeg"}],"twitter_card":"summary_large_image","twitter_misc":{"Dur\u00e9e de lecture estim\u00e9e":"3 minutes"},"schema":{"@context":"https:\/\/schema.org","@graph":[{"@type":"WebPage","@id":"https:\/\/www.irf-europa.com\/fr\/services\/reparation-a-froid-et-reconstruction-four\/","url":"https:\/\/www.irf-europa.com\/fr\/services\/reparation-a-froid-et-reconstruction-four\/","name":"R\u00c9PARATION \u00c0 FROID ET RECONSTRUCTION FOUR - IRF Europa","isPartOf":{"@id":"https:\/\/www.irf-europa.com\/fr\/#website"},"primaryImageOfPage":{"@id":"https:\/\/www.irf-europa.com\/fr\/services\/reparation-a-froid-et-reconstruction-four\/#primaryimage"},"image":{"@id":"https:\/\/www.irf-europa.com\/fr\/services\/reparation-a-froid-et-reconstruction-four\/#primaryimage"},"thumbnailUrl":"https:\/\/i0.wp.com\/www.irf-europa.com\/wp-content\/uploads\/2021\/10\/coldrepair.jpg?fit=1024%2C768&ssl=1","datePublished":"2023-05-23T11:22:46+00:00","dateModified":"2024-01-26T10:54:41+00:00","breadcrumb":{"@id":"https:\/\/www.irf-europa.com\/fr\/services\/reparation-a-froid-et-reconstruction-four\/#breadcrumb"},"inLanguage":"fr-FR","potentialAction":[{"@type":"ReadAction","target":["https:\/\/www.irf-europa.com\/fr\/services\/reparation-a-froid-et-reconstruction-four\/"]}]},{"@type":"ImageObject","inLanguage":"fr-FR","@id":"https:\/\/www.irf-europa.com\/fr\/services\/reparation-a-froid-et-reconstruction-four\/#primaryimage","url":"https:\/\/i0.wp.com\/www.irf-europa.com\/wp-content\/uploads\/2021\/10\/coldrepair.jpg?fit=1024%2C768&ssl=1","contentUrl":"https:\/\/i0.wp.com\/www.irf-europa.com\/wp-content\/uploads\/2021\/10\/coldrepair.jpg?fit=1024%2C768&ssl=1","width":1024,"height":768},{"@type":"BreadcrumbList","@id":"https:\/\/www.irf-europa.com\/fr\/services\/reparation-a-froid-et-reconstruction-four\/#breadcrumb","itemListElement":[{"@type":"ListItem","position":1,"name":"Home","item":"https:\/\/www.irf-europa.com\/fr\/"},{"@type":"ListItem","position":2,"name":"Services","item":"https:\/\/www.irf-europa.com\/fr\/services\/?lang=fr"},{"@type":"ListItem","position":3,"name":"R\u00c9PARATION \u00c0 FROID ET RECONSTRUCTION FOUR"}]},{"@type":"WebSite","@id":"https:\/\/www.irf-europa.com\/fr\/#website","url":"https:\/\/www.irf-europa.com\/fr\/","name":"IRF Europa","description":"Riparazione e manutenzione di forni per la fusione del vetro","publisher":{"@id":"https:\/\/www.irf-europa.com\/fr\/#organization"},"potentialAction":[{"@type":"SearchAction","target":{"@type":"EntryPoint","urlTemplate":"https:\/\/www.irf-europa.com\/fr\/?s={search_term_string}"},"query-input":{"@type":"PropertyValueSpecification","valueRequired":true,"valueName":"search_term_string"}}],"inLanguage":"fr-FR"},{"@type":"Organization","@id":"https:\/\/www.irf-europa.com\/fr\/#organization","name":"IRF Europa","url":"https:\/\/www.irf-europa.com\/fr\/","logo":{"@type":"ImageObject","inLanguage":"fr-FR","@id":"https:\/\/www.irf-europa.com\/fr\/#\/schema\/logo\/image\/","url":"https:\/\/i0.wp.com\/www.irf-europa.com\/wp-content\/uploads\/2021\/10\/irf-europa.png?fit=752%2C248&ssl=1","contentUrl":"https:\/\/i0.wp.com\/www.irf-europa.com\/wp-content\/uploads\/2021\/10\/irf-europa.png?fit=752%2C248&ssl=1","width":752,"height":248,"caption":"IRF Europa"},"image":{"@id":"https:\/\/www.irf-europa.com\/fr\/#\/schema\/logo\/image\/"},"sameAs":["https:\/\/www.linkedin.com\/company\/irf-europa-srl\/"]}]}},"jetpack_sharing_enabled":true,"_links":{"self":[{"href":"https:\/\/www.irf-europa.com\/fr\/wp-json\/wp\/v2\/pages\/729","targetHints":{"allow":["GET"]}}],"collection":[{"href":"https:\/\/www.irf-europa.com\/fr\/wp-json\/wp\/v2\/pages"}],"about":[{"href":"https:\/\/www.irf-europa.com\/fr\/wp-json\/wp\/v2\/types\/page"}],"author":[{"embeddable":true,"href":"https:\/\/www.irf-europa.com\/fr\/wp-json\/wp\/v2\/users\/1"}],"replies":[{"embeddable":true,"href":"https:\/\/www.irf-europa.com\/fr\/wp-json\/wp\/v2\/comments?post=729"}],"version-history":[{"count":6,"href":"https:\/\/www.irf-europa.com\/fr\/wp-json\/wp\/v2\/pages\/729\/revisions"}],"predecessor-version":[{"id":996,"href":"https:\/\/www.irf-europa.com\/fr\/wp-json\/wp\/v2\/pages\/729\/revisions\/996"}],"up":[{"embeddable":true,"href":"https:\/\/www.irf-europa.com\/fr\/wp-json\/wp\/v2\/pages\/723"}],"wp:featuredmedia":[{"embeddable":true,"href":"https:\/\/www.irf-europa.com\/fr\/wp-json\/wp\/v2\/media\/652"}],"wp:attachment":[{"href":"https:\/\/www.irf-europa.com\/fr\/wp-json\/wp\/v2\/media?parent=729"}],"curies":[{"name":"wp","href":"https:\/\/api.w.org\/{rel}","templated":true}]}}