{"id":731,"date":"2023-05-23T13:22:58","date_gmt":"2023-05-23T11:22:58","guid":{"rendered":"https:\/\/www.irf-europa.com\/services\/audit\/"},"modified":"2024-01-26T11:54:06","modified_gmt":"2024-01-26T10:54:06","slug":"audit","status":"publish","type":"page","link":"https:\/\/www.irf-europa.com\/fr\/services\/audit\/","title":{"rendered":"Audit"},"content":{"rendered":"\n<div class=\"wp-block-group bglightgrey py-5\"><div class=\"wp-block-group__inner-container is-layout-flow wp-block-group-is-layout-flow\">\n<div class=\"wp-block-group container\"><div class=\"wp-block-group__inner-container is-layout-flow wp-block-group-is-layout-flow\">\n<h1 class=\"wp-block-heading has-text-align-center mb-4\">Audit<\/h1>\n\n\n\n<p class=\"has-text-align-center\">Les inspections r\u00e9guli\u00e8res internes et externes permettent d\u2019\u00e9valuer l\u2019\u00e9tat du four et de faire une analyse pr\u00e9dictive des probl\u00e9matiques susceptibles d\u2019influencer la dur\u00e9e de la campagne de production, la qualit\u00e9 de la production, la consommation \u00e9nerg\u00e9tique et les aspects de s\u00e9curit\u00e9 de l\u2019installation. IRF fournit un service d\u2019audit complet pour garder sous contr\u00f4le les conditions du four et planifier les interventions n\u00e9cessaires \u00e0 court, moyen et long termes.<\/p>\n<\/div><\/div>\n<\/div><\/div>\n\n\n\n<div class=\"wp-block-group container py-5\"><div class=\"wp-block-group__inner-container is-layout-flow wp-block-group-is-layout-flow\">\n<div class=\"wp-block-jetpack-tiled-gallery aligncenter is-style-square\"><div class=\"tiled-gallery__gallery\"><div class=\"tiled-gallery__row columns-7\"><div class=\"tiled-gallery__col\"><figure class=\"tiled-gallery__item\"><a href=\"https:\/\/i0.wp.com\/www.irf-europa.com\/wp-content\/uploads\/2022\/12\/FLIR1313.jpg?ssl=1\" data-lbwps-width=\"464\" data-lbwps-height=\"348\" data-lbwps-srcsmall=\"https:\/\/www.irf-europa.com\/wp-content\/uploads\/2022\/12\/FLIR1313.jpg\"><img decoding=\"async\" srcset=\"https:\/\/i2.wp.com\/www.irf-europa.com\/wp-content\/uploads\/2022\/12\/FLIR1313.jpg?resize=348%2C348&#038;strip=info&#038;ssl=1 348w\" alt=\"\" data-height=\"348\" data-id=\"354\" data-link=\"https:\/\/www.irf-europa.com\/servizi\/inspection\/flir1313\/\" data-url=\"https:\/\/www.irf-europa.com\/wp-content\/uploads\/2022\/12\/FLIR1313.jpg\" data-width=\"464\" src=\"https:\/\/i2.wp.com\/www.irf-europa.com\/wp-content\/uploads\/2022\/12\/FLIR1313.jpg?ssl=1&amp;resize=348%2C348\" data-amp-layout=\"responsive\"\/><\/a><\/figure><\/div><div class=\"tiled-gallery__col\"><figure class=\"tiled-gallery__item\"><a href=\"https:\/\/i0.wp.com\/www.irf-europa.com\/wp-content\/uploads\/2022\/12\/FLIR1685.jpg?ssl=1\" data-lbwps-width=\"464\" data-lbwps-height=\"348\" data-lbwps-srcsmall=\"https:\/\/www.irf-europa.com\/wp-content\/uploads\/2022\/12\/FLIR1685.jpg\"><img decoding=\"async\" srcset=\"https:\/\/i0.wp.com\/www.irf-europa.com\/wp-content\/uploads\/2022\/12\/FLIR1685.jpg?resize=348%2C348&#038;strip=info&#038;ssl=1 348w\" alt=\"\" data-height=\"348\" data-id=\"350\" data-link=\"https:\/\/www.irf-europa.com\/servizi\/inspection\/flir1685\/\" data-url=\"https:\/\/www.irf-europa.com\/wp-content\/uploads\/2022\/12\/FLIR1685.jpg\" data-width=\"464\" src=\"https:\/\/i0.wp.com\/www.irf-europa.com\/wp-content\/uploads\/2022\/12\/FLIR1685.jpg?ssl=1&amp;resize=348%2C348\" data-amp-layout=\"responsive\"\/><\/a><\/figure><\/div><div class=\"tiled-gallery__col\"><figure class=\"tiled-gallery__item\"><a href=\"https:\/\/i0.wp.com\/www.irf-europa.com\/wp-content\/uploads\/2022\/12\/IMG_6833.jpg?ssl=1\" data-lbwps-width=\"1920\" data-lbwps-height=\"1440\" data-lbwps-srcsmall=\"https:\/\/www.irf-europa.com\/wp-content\/uploads\/2022\/12\/IMG_6833-730x548.jpg\"><img decoding=\"async\" srcset=\"https:\/\/i0.wp.com\/www.irf-europa.com\/wp-content\/uploads\/2022\/12\/IMG_6833-1110x833.jpg?resize=600%2C600&#038;strip=info&#038;ssl=1 600w,https:\/\/i0.wp.com\/www.irf-europa.com\/wp-content\/uploads\/2022\/12\/IMG_6833-1110x833.jpg?resize=900%2C900&#038;strip=info&#038;ssl=1 900w,https:\/\/i0.wp.com\/www.irf-europa.com\/wp-content\/uploads\/2022\/12\/IMG_6833-1110x833.jpg?resize=1200%2C1200&#038;strip=info&#038;ssl=1 1200w,https:\/\/i0.wp.com\/www.irf-europa.com\/wp-content\/uploads\/2022\/12\/IMG_6833-1110x833.jpg?resize=1440%2C1440&#038;strip=info&#038;ssl=1 1440w\" alt=\"\" data-height=\"1440\" data-id=\"346\" data-link=\"https:\/\/www.irf-europa.com\/servizi\/inspection\/img_6833\/\" data-url=\"https:\/\/www.irf-europa.com\/wp-content\/uploads\/2022\/12\/IMG_6833-1110x833.jpg\" data-width=\"1920\" src=\"https:\/\/i0.wp.com\/www.irf-europa.com\/wp-content\/uploads\/2022\/12\/IMG_6833-1110x833.jpg?ssl=1&amp;resize=1440%2C1440\" data-amp-layout=\"responsive\"\/><\/a><\/figure><\/div><div class=\"tiled-gallery__col\"><figure class=\"tiled-gallery__item\"><a href=\"https:\/\/i0.wp.com\/www.irf-europa.com\/wp-content\/uploads\/2022\/12\/Immagine10.png?ssl=1\" data-lbwps-width=\"639\" data-lbwps-height=\"410\" data-lbwps-srcsmall=\"https:\/\/www.irf-europa.com\/wp-content\/uploads\/2022\/12\/Immagine10.png\"><img decoding=\"async\" srcset=\"https:\/\/i0.wp.com\/www.irf-europa.com\/wp-content\/uploads\/2022\/12\/Immagine10.png?resize=410%2C410&#038;strip=info&#038;ssl=1 410w\" alt=\"\" data-height=\"410\" data-id=\"342\" data-link=\"https:\/\/www.irf-europa.com\/servizi\/inspection\/immagine10\/\" data-url=\"https:\/\/www.irf-europa.com\/wp-content\/uploads\/2022\/12\/Immagine10.png\" data-width=\"639\" src=\"https:\/\/i0.wp.com\/www.irf-europa.com\/wp-content\/uploads\/2022\/12\/Immagine10.png?ssl=1&amp;resize=410%2C410\" data-amp-layout=\"responsive\"\/><\/a><\/figure><\/div><div class=\"tiled-gallery__col\"><figure class=\"tiled-gallery__item\"><a href=\"https:\/\/i0.wp.com\/www.irf-europa.com\/wp-content\/uploads\/2022\/12\/Immagine7.jpg?ssl=1\" data-lbwps-width=\"470\" data-lbwps-height=\"414\" data-lbwps-srcsmall=\"https:\/\/www.irf-europa.com\/wp-content\/uploads\/2022\/12\/Immagine7.jpg\"><img decoding=\"async\" srcset=\"https:\/\/i0.wp.com\/www.irf-europa.com\/wp-content\/uploads\/2022\/12\/Immagine7.jpg?resize=414%2C414&#038;strip=info&#038;ssl=1 414w\" alt=\"\" data-height=\"414\" data-id=\"338\" data-link=\"https:\/\/www.irf-europa.com\/servizi\/inspection\/immagine7\/\" data-url=\"https:\/\/www.irf-europa.com\/wp-content\/uploads\/2022\/12\/Immagine7.jpg\" data-width=\"470\" src=\"https:\/\/i0.wp.com\/www.irf-europa.com\/wp-content\/uploads\/2022\/12\/Immagine7.jpg?ssl=1&amp;resize=414%2C414\" data-amp-layout=\"responsive\"\/><\/a><\/figure><\/div><div class=\"tiled-gallery__col\"><figure class=\"tiled-gallery__item\"><a href=\"https:\/\/i0.wp.com\/www.irf-europa.com\/wp-content\/uploads\/2022\/12\/Immagine8.jpg?ssl=1\" data-lbwps-width=\"683\" data-lbwps-height=\"850\" data-lbwps-srcsmall=\"https:\/\/www.irf-europa.com\/wp-content\/uploads\/2022\/12\/Immagine8-562x700.jpg\"><img decoding=\"async\" srcset=\"https:\/\/i1.wp.com\/www.irf-europa.com\/wp-content\/uploads\/2022\/12\/Immagine8.jpg?resize=600%2C600&#038;strip=info&#038;ssl=1 600w,https:\/\/i1.wp.com\/www.irf-europa.com\/wp-content\/uploads\/2022\/12\/Immagine8.jpg?resize=683%2C683&#038;strip=info&#038;ssl=1 683w\" alt=\"\" data-height=\"850\" data-id=\"334\" data-link=\"https:\/\/www.irf-europa.com\/servizi\/inspection\/immagine8\/\" data-url=\"https:\/\/www.irf-europa.com\/wp-content\/uploads\/2022\/12\/Immagine8.jpg\" data-width=\"683\" src=\"https:\/\/i1.wp.com\/www.irf-europa.com\/wp-content\/uploads\/2022\/12\/Immagine8.jpg?ssl=1&amp;resize=683%2C683\" data-amp-layout=\"responsive\"\/><\/a><\/figure><\/div><div class=\"tiled-gallery__col\"><figure class=\"tiled-gallery__item\"><a href=\"https:\/\/i0.wp.com\/www.irf-europa.com\/wp-content\/uploads\/2022\/12\/Immagine9.jpg?ssl=1\" data-lbwps-width=\"644\" data-lbwps-height=\"413\" data-lbwps-srcsmall=\"https:\/\/www.irf-europa.com\/wp-content\/uploads\/2022\/12\/Immagine9.jpg\"><img decoding=\"async\" srcset=\"https:\/\/i2.wp.com\/www.irf-europa.com\/wp-content\/uploads\/2022\/12\/Immagine9.jpg?resize=413%2C413&#038;strip=info&#038;ssl=1 413w\" alt=\"\" data-height=\"413\" data-id=\"330\" data-link=\"https:\/\/www.irf-europa.com\/servizi\/inspection\/immagine9\/\" data-url=\"https:\/\/www.irf-europa.com\/wp-content\/uploads\/2022\/12\/Immagine9.jpg\" data-width=\"644\" src=\"https:\/\/i2.wp.com\/www.irf-europa.com\/wp-content\/uploads\/2022\/12\/Immagine9.jpg?ssl=1&amp;resize=413%2C413\" data-amp-layout=\"responsive\"\/><\/a><\/figure><\/div><\/div><\/div><\/div>\n\n\n\n<div style=\"height:0.5rem\" aria-hidden=\"true\" class=\"wp-block-spacer\"><\/div>\n\n\n\n<div class=\"wp-block-columns my-5 is-layout-flex wp-container-core-columns-is-layout-9d6595d7 wp-block-columns-is-layout-flex\">\n<div class=\"wp-block-column is-layout-flow wp-block-column-is-layout-flow\">\n<h2 class=\"wp-block-heading underline h3\"><strong><strong><strong><strong>Endoscopie<\/strong><\/strong><\/strong><\/strong><\/h2>\n<\/div>\n\n\n\n<div class=\"wp-block-column is-layout-flow wp-block-column-is-layout-flow\">\n<p>Des inspections sont pratiqu\u00e9es dans chaque zone du four au moyen d\u2019un syst\u00e8me photographique \u00e9quip\u00e9 d\u2019un endoscope refroidi \u00e0 l\u2019eau, y compris dans les coins qui ne sont pas directement visibles par les\u00a0ouvreaux\u00a0d\u2019inspection. L\u2019endoscope est \u00e9quip\u00e9 de lentilles particuli\u00e8res qui permettent d\u2019observer les zones dans l\u2019axe de l\u2019endoscope comme celles situ\u00e9es dans des positions plus difficiles d\u2019acc\u00e8s.<\/p>\n<\/div>\n<\/div>\n\n\n\n<hr class=\"wp-block-separator has-css-opacity my-xl\"\/>\n\n\n\n<div class=\"wp-block-columns my-5 is-layout-flex wp-container-core-columns-is-layout-9d6595d7 wp-block-columns-is-layout-flex\">\n<div class=\"wp-block-column is-layout-flow wp-block-column-is-layout-flow\">\n<h2 class=\"wp-block-heading underline h3\"><strong><strong><strong><strong>Vid\u00e9o Endoscopie<\/strong><\/strong><\/strong><\/strong><\/h2>\n<\/div>\n\n\n\n<div class=\"wp-block-column is-layout-flow wp-block-column-is-layout-flow\">\n<p>Le vid\u00e9o-endoscope est un endoscope produit par nos soins qui permet d\u2019observer des zones difficilement accessibles avec les techniques classiques (par exemple l\u2019\u00e9tat des cruciformes \u00e0 la base des chambres des r\u00e9g\u00e9n\u00e9rateurs).<\/p>\n\n\n\n<p>S&rsquo;agissant d&rsquo;un produit IRF, le vid\u00e9o-endoscope peut \u00eatre fabriqu\u00e9 sur mesure avec des longueurs et des angles de prise de vue sp\u00e9cifiques. Il devient alors un outil fondamental qui peut \u00eatre \u00e9tudi\u00e9 selon les diff\u00e9rentes pi\u00e8ces du four et les espaces ext\u00e9rieurs \u00e0 disposition.<\/p>\n<\/div>\n<\/div>\n\n\n\n<hr class=\"wp-block-separator has-css-opacity my-xl\"\/>\n\n\n\n<div class=\"wp-block-columns my-5 is-layout-flex wp-container-core-columns-is-layout-9d6595d7 wp-block-columns-is-layout-flex\">\n<div class=\"wp-block-column is-layout-flow wp-block-column-is-layout-flow\">\n<h2 class=\"wp-block-heading underline h3\"><strong><strong><strong><strong><strong>Thermographie<\/strong><\/strong><\/strong><\/strong><\/strong><\/h2>\n<\/div>\n\n\n\n<div class=\"wp-block-column is-layout-flow wp-block-column-is-layout-flow\">\n<p>En utilisant une cam\u00e9ra thermique, on peut v\u00e9rifier l\u2019\u00e9tat des r\u00e9fractaires au contact du verre comme de la superstructure. Cela permet de mettre en avant les zones \u00e0 risque et de planifier les interventions adapt\u00e9es.<\/p>\n<\/div>\n<\/div>\n\n\n\n<hr class=\"wp-block-separator has-css-opacity my-xl\"\/>\n\n\n\n<div class=\"wp-block-columns my-5 is-layout-flex wp-container-core-columns-is-layout-9d6595d7 wp-block-columns-is-layout-flex\">\n<div class=\"wp-block-column is-layout-flow wp-block-column-is-layout-flow\">\n<h2 class=\"wp-block-heading underline h3\"><strong><strong><strong><strong><strong><strong>Audit complet<\/strong><\/strong><\/strong><\/strong><\/strong><\/strong><\/h2>\n<\/div>\n\n\n\n<div class=\"wp-block-column is-layout-flow wp-block-column-is-layout-flow\">\n<p>Un service complet qui allie l\u2019endoscopie et la thermographie \u00e0 la comp\u00e9tence de nos ing\u00e9nieurs. L\u2019audit complet permet d\u2019\u00e9tablir un rapport sur l\u2019\u00e9tat structurel du four. Il est donc possible d&rsquo;identifier les interventions d\u2019entretien les plus adapt\u00e9es pour r\u00e9duire au maximum les probl\u00e8mes impr\u00e9vus et poursuivre la campagne de production du four.<\/p>\n<\/div>\n<\/div>\n\n\n\n<p><\/p>\n<\/div><\/div>\n","protected":false},"excerpt":{"rendered":"<p>Audit Les inspections r\u00e9guli\u00e8res internes et externes permettent d\u2019\u00e9valuer l\u2019\u00e9tat du four et de faire une analyse pr\u00e9dictive des probl\u00e9matiques&hellip;<\/p>\n<p><a class=\"btn btn-dark btn-sm websoup-read-more-link\" href=\"https:\/\/www.irf-europa.com\/fr\/services\/audit\/\">Read More&#8230;<\/a><\/p>\n","protected":false},"author":1,"featured_media":648,"parent":723,"menu_order":0,"comment_status":"closed","ping_status":"closed","template":"page-templates\/empty.php","meta":{"inline_featured_image":false,"footnotes":""},"class_list":["post-731","page","type-page","status-publish","has-post-thumbnail","hentry"],"yoast_head":"<!-- This site is optimized with the Yoast SEO plugin v27.5 - https:\/\/yoast.com\/product\/yoast-seo-wordpress\/ -->\n<title>Audit - IRF Europa<\/title>\n<meta name=\"robots\" content=\"index, follow, max-snippet:-1, max-image-preview:large, max-video-preview:-1\" \/>\n<link rel=\"canonical\" href=\"https:\/\/www.irf-europa.com\/fr\/services\/audit\/\" \/>\n<meta property=\"og:locale\" content=\"fr_FR\" \/>\n<meta property=\"og:type\" content=\"article\" \/>\n<meta property=\"og:title\" content=\"Audit - IRF Europa\" \/>\n<meta property=\"og:description\" content=\"Audit Les inspections r\u00e9guli\u00e8res internes et externes permettent d\u2019\u00e9valuer l\u2019\u00e9tat du four et de faire une analyse pr\u00e9dictive des probl\u00e9matiques&hellip;Read More...\" \/>\n<meta property=\"og:url\" content=\"https:\/\/www.irf-europa.com\/fr\/services\/audit\/\" \/>\n<meta property=\"og:site_name\" content=\"IRF Europa\" \/>\n<meta property=\"article:modified_time\" content=\"2024-01-26T10:54:06+00:00\" \/>\n<meta property=\"og:image\" content=\"https:\/\/www.irf-europa.com\/wp-content\/uploads\/2021\/10\/auditing.jpg\" \/>\n\t<meta property=\"og:image:width\" content=\"2048\" \/>\n\t<meta property=\"og:image:height\" content=\"2048\" \/>\n\t<meta property=\"og:image:type\" content=\"image\/jpeg\" \/>\n<meta name=\"twitter:card\" content=\"summary_large_image\" \/>\n<meta name=\"twitter:label1\" content=\"Dur\u00e9e de lecture estim\u00e9e\" \/>\n\t<meta name=\"twitter:data1\" content=\"4 minutes\" \/>\n<script type=\"application\/ld+json\" class=\"yoast-schema-graph\">{\"@context\":\"https:\\\/\\\/schema.org\",\"@graph\":[{\"@type\":\"WebPage\",\"@id\":\"https:\\\/\\\/www.irf-europa.com\\\/fr\\\/services\\\/audit\\\/\",\"url\":\"https:\\\/\\\/www.irf-europa.com\\\/fr\\\/services\\\/audit\\\/\",\"name\":\"Audit - IRF Europa\",\"isPartOf\":{\"@id\":\"https:\\\/\\\/www.irf-europa.com\\\/fr\\\/#website\"},\"primaryImageOfPage\":{\"@id\":\"https:\\\/\\\/www.irf-europa.com\\\/fr\\\/services\\\/audit\\\/#primaryimage\"},\"image\":{\"@id\":\"https:\\\/\\\/www.irf-europa.com\\\/fr\\\/services\\\/audit\\\/#primaryimage\"},\"thumbnailUrl\":\"https:\\\/\\\/i0.wp.com\\\/www.irf-europa.com\\\/wp-content\\\/uploads\\\/2021\\\/10\\\/auditing.jpg?fit=2048%2C2048&ssl=1\",\"datePublished\":\"2023-05-23T11:22:58+00:00\",\"dateModified\":\"2024-01-26T10:54:06+00:00\",\"breadcrumb\":{\"@id\":\"https:\\\/\\\/www.irf-europa.com\\\/fr\\\/services\\\/audit\\\/#breadcrumb\"},\"inLanguage\":\"fr-FR\",\"potentialAction\":[{\"@type\":\"ReadAction\",\"target\":[\"https:\\\/\\\/www.irf-europa.com\\\/fr\\\/services\\\/audit\\\/\"]}]},{\"@type\":\"ImageObject\",\"inLanguage\":\"fr-FR\",\"@id\":\"https:\\\/\\\/www.irf-europa.com\\\/fr\\\/services\\\/audit\\\/#primaryimage\",\"url\":\"https:\\\/\\\/i0.wp.com\\\/www.irf-europa.com\\\/wp-content\\\/uploads\\\/2021\\\/10\\\/auditing.jpg?fit=2048%2C2048&ssl=1\",\"contentUrl\":\"https:\\\/\\\/i0.wp.com\\\/www.irf-europa.com\\\/wp-content\\\/uploads\\\/2021\\\/10\\\/auditing.jpg?fit=2048%2C2048&ssl=1\",\"width\":2048,\"height\":2048},{\"@type\":\"BreadcrumbList\",\"@id\":\"https:\\\/\\\/www.irf-europa.com\\\/fr\\\/services\\\/audit\\\/#breadcrumb\",\"itemListElement\":[{\"@type\":\"ListItem\",\"position\":1,\"name\":\"Home\",\"item\":\"https:\\\/\\\/www.irf-europa.com\\\/fr\\\/\"},{\"@type\":\"ListItem\",\"position\":2,\"name\":\"Services\",\"item\":\"https:\\\/\\\/www.irf-europa.com\\\/fr\\\/services\\\/?lang=fr\"},{\"@type\":\"ListItem\",\"position\":3,\"name\":\"Audit\"}]},{\"@type\":\"WebSite\",\"@id\":\"https:\\\/\\\/www.irf-europa.com\\\/fr\\\/#website\",\"url\":\"https:\\\/\\\/www.irf-europa.com\\\/fr\\\/\",\"name\":\"IRF Europa\",\"description\":\"Riparazione e manutenzione di forni per la fusione del vetro\",\"publisher\":{\"@id\":\"https:\\\/\\\/www.irf-europa.com\\\/fr\\\/#organization\"},\"potentialAction\":[{\"@type\":\"SearchAction\",\"target\":{\"@type\":\"EntryPoint\",\"urlTemplate\":\"https:\\\/\\\/www.irf-europa.com\\\/fr\\\/?s={search_term_string}\"},\"query-input\":{\"@type\":\"PropertyValueSpecification\",\"valueRequired\":true,\"valueName\":\"search_term_string\"}}],\"inLanguage\":\"fr-FR\"},{\"@type\":\"Organization\",\"@id\":\"https:\\\/\\\/www.irf-europa.com\\\/fr\\\/#organization\",\"name\":\"IRF Europa\",\"url\":\"https:\\\/\\\/www.irf-europa.com\\\/fr\\\/\",\"logo\":{\"@type\":\"ImageObject\",\"inLanguage\":\"fr-FR\",\"@id\":\"https:\\\/\\\/www.irf-europa.com\\\/fr\\\/#\\\/schema\\\/logo\\\/image\\\/\",\"url\":\"https:\\\/\\\/i0.wp.com\\\/www.irf-europa.com\\\/wp-content\\\/uploads\\\/2021\\\/10\\\/irf-europa.png?fit=752%2C248&ssl=1\",\"contentUrl\":\"https:\\\/\\\/i0.wp.com\\\/www.irf-europa.com\\\/wp-content\\\/uploads\\\/2021\\\/10\\\/irf-europa.png?fit=752%2C248&ssl=1\",\"width\":752,\"height\":248,\"caption\":\"IRF Europa\"},\"image\":{\"@id\":\"https:\\\/\\\/www.irf-europa.com\\\/fr\\\/#\\\/schema\\\/logo\\\/image\\\/\"},\"sameAs\":[\"https:\\\/\\\/www.linkedin.com\\\/company\\\/irf-europa-srl\\\/\"]}]}<\/script>\n<!-- \/ Yoast SEO plugin. -->","yoast_head_json":{"title":"Audit - IRF Europa","robots":{"index":"index","follow":"follow","max-snippet":"max-snippet:-1","max-image-preview":"max-image-preview:large","max-video-preview":"max-video-preview:-1"},"canonical":"https:\/\/www.irf-europa.com\/fr\/services\/audit\/","og_locale":"fr_FR","og_type":"article","og_title":"Audit - IRF Europa","og_description":"Audit Les inspections r\u00e9guli\u00e8res internes et externes permettent d\u2019\u00e9valuer l\u2019\u00e9tat du four et de faire une analyse pr\u00e9dictive des probl\u00e9matiques&hellip;Read More...","og_url":"https:\/\/www.irf-europa.com\/fr\/services\/audit\/","og_site_name":"IRF Europa","article_modified_time":"2024-01-26T10:54:06+00:00","og_image":[{"width":2048,"height":2048,"url":"https:\/\/www.irf-europa.com\/wp-content\/uploads\/2021\/10\/auditing.jpg","type":"image\/jpeg"}],"twitter_card":"summary_large_image","twitter_misc":{"Dur\u00e9e de lecture estim\u00e9e":"4 minutes"},"schema":{"@context":"https:\/\/schema.org","@graph":[{"@type":"WebPage","@id":"https:\/\/www.irf-europa.com\/fr\/services\/audit\/","url":"https:\/\/www.irf-europa.com\/fr\/services\/audit\/","name":"Audit - IRF Europa","isPartOf":{"@id":"https:\/\/www.irf-europa.com\/fr\/#website"},"primaryImageOfPage":{"@id":"https:\/\/www.irf-europa.com\/fr\/services\/audit\/#primaryimage"},"image":{"@id":"https:\/\/www.irf-europa.com\/fr\/services\/audit\/#primaryimage"},"thumbnailUrl":"https:\/\/i0.wp.com\/www.irf-europa.com\/wp-content\/uploads\/2021\/10\/auditing.jpg?fit=2048%2C2048&ssl=1","datePublished":"2023-05-23T11:22:58+00:00","dateModified":"2024-01-26T10:54:06+00:00","breadcrumb":{"@id":"https:\/\/www.irf-europa.com\/fr\/services\/audit\/#breadcrumb"},"inLanguage":"fr-FR","potentialAction":[{"@type":"ReadAction","target":["https:\/\/www.irf-europa.com\/fr\/services\/audit\/"]}]},{"@type":"ImageObject","inLanguage":"fr-FR","@id":"https:\/\/www.irf-europa.com\/fr\/services\/audit\/#primaryimage","url":"https:\/\/i0.wp.com\/www.irf-europa.com\/wp-content\/uploads\/2021\/10\/auditing.jpg?fit=2048%2C2048&ssl=1","contentUrl":"https:\/\/i0.wp.com\/www.irf-europa.com\/wp-content\/uploads\/2021\/10\/auditing.jpg?fit=2048%2C2048&ssl=1","width":2048,"height":2048},{"@type":"BreadcrumbList","@id":"https:\/\/www.irf-europa.com\/fr\/services\/audit\/#breadcrumb","itemListElement":[{"@type":"ListItem","position":1,"name":"Home","item":"https:\/\/www.irf-europa.com\/fr\/"},{"@type":"ListItem","position":2,"name":"Services","item":"https:\/\/www.irf-europa.com\/fr\/services\/?lang=fr"},{"@type":"ListItem","position":3,"name":"Audit"}]},{"@type":"WebSite","@id":"https:\/\/www.irf-europa.com\/fr\/#website","url":"https:\/\/www.irf-europa.com\/fr\/","name":"IRF Europa","description":"Riparazione e manutenzione di forni per la fusione del vetro","publisher":{"@id":"https:\/\/www.irf-europa.com\/fr\/#organization"},"potentialAction":[{"@type":"SearchAction","target":{"@type":"EntryPoint","urlTemplate":"https:\/\/www.irf-europa.com\/fr\/?s={search_term_string}"},"query-input":{"@type":"PropertyValueSpecification","valueRequired":true,"valueName":"search_term_string"}}],"inLanguage":"fr-FR"},{"@type":"Organization","@id":"https:\/\/www.irf-europa.com\/fr\/#organization","name":"IRF Europa","url":"https:\/\/www.irf-europa.com\/fr\/","logo":{"@type":"ImageObject","inLanguage":"fr-FR","@id":"https:\/\/www.irf-europa.com\/fr\/#\/schema\/logo\/image\/","url":"https:\/\/i0.wp.com\/www.irf-europa.com\/wp-content\/uploads\/2021\/10\/irf-europa.png?fit=752%2C248&ssl=1","contentUrl":"https:\/\/i0.wp.com\/www.irf-europa.com\/wp-content\/uploads\/2021\/10\/irf-europa.png?fit=752%2C248&ssl=1","width":752,"height":248,"caption":"IRF Europa"},"image":{"@id":"https:\/\/www.irf-europa.com\/fr\/#\/schema\/logo\/image\/"},"sameAs":["https:\/\/www.linkedin.com\/company\/irf-europa-srl\/"]}]}},"jetpack_sharing_enabled":true,"_links":{"self":[{"href":"https:\/\/www.irf-europa.com\/fr\/wp-json\/wp\/v2\/pages\/731","targetHints":{"allow":["GET"]}}],"collection":[{"href":"https:\/\/www.irf-europa.com\/fr\/wp-json\/wp\/v2\/pages"}],"about":[{"href":"https:\/\/www.irf-europa.com\/fr\/wp-json\/wp\/v2\/types\/page"}],"author":[{"embeddable":true,"href":"https:\/\/www.irf-europa.com\/fr\/wp-json\/wp\/v2\/users\/1"}],"replies":[{"embeddable":true,"href":"https:\/\/www.irf-europa.com\/fr\/wp-json\/wp\/v2\/comments?post=731"}],"version-history":[{"count":5,"href":"https:\/\/www.irf-europa.com\/fr\/wp-json\/wp\/v2\/pages\/731\/revisions"}],"predecessor-version":[{"id":995,"href":"https:\/\/www.irf-europa.com\/fr\/wp-json\/wp\/v2\/pages\/731\/revisions\/995"}],"up":[{"embeddable":true,"href":"https:\/\/www.irf-europa.com\/fr\/wp-json\/wp\/v2\/pages\/723"}],"wp:featuredmedia":[{"embeddable":true,"href":"https:\/\/www.irf-europa.com\/fr\/wp-json\/wp\/v2\/media\/648"}],"wp:attachment":[{"href":"https:\/\/www.irf-europa.com\/fr\/wp-json\/wp\/v2\/media?parent=731"}],"curies":[{"name":"wp","href":"https:\/\/api.w.org\/{rel}","templated":true}]}}