{"id":735,"date":"2023-05-23T13:23:17","date_gmt":"2023-05-23T11:23:17","guid":{"rendered":"https:\/\/www.irf-europa.com\/services\/soudage-ceramique\/"},"modified":"2024-01-26T11:50:14","modified_gmt":"2024-01-26T10:50:14","slug":"soudure-ceramique","status":"publish","type":"page","link":"https:\/\/www.irf-europa.com\/fr\/services\/soudure-ceramique\/","title":{"rendered":"Soudure c\u00e9ramique"},"content":{"rendered":"\n<div class=\"wp-block-group bglightgrey py-5\"><div class=\"wp-block-group__inner-container is-layout-flow wp-block-group-is-layout-flow\">\n<div class=\"wp-block-group container\"><div class=\"wp-block-group__inner-container is-layout-flow wp-block-group-is-layout-flow\">\n<h1 class=\"wp-block-heading has-text-align-center mb-4\">Soudure c\u00e9ramique<\/h1>\n\n\n\n<p class=\"has-text-align-center\">Le soudure c\u00e9ramique est une technique particuli\u00e8re qui permet de reconstruire et regarnir le mat\u00e9riau r\u00e9fractaire de la superstructure du four.<br>Un m\u00e9lange de poudres\u00a0r\u00e9fractaires, sp\u00e9cialement \u00e9tudi\u00e9e, est appliqu\u00e9 par un flux d\u2019oxyg\u00e8ne dans la zone endommag\u00e9e. Gr\u00e2ce \u00e0 la r\u00e9action\u00a0exothermique\u00a0qui en r\u00e9sulte, la poudre \u00ab\u00a0c\u00e9ramise\u00a0\u00bb en cr\u00e9ant une masse solide qui reconstruit, prot\u00e8ge et scelle la zone us\u00e9e.<\/p>\n<\/div><\/div>\n<\/div><\/div>\n\n\n\n<div class=\"wp-block-group container py-5\"><div class=\"wp-block-group__inner-container is-layout-flow wp-block-group-is-layout-flow\">\n<div class=\"wp-block-columns my-5 is-layout-flex wp-container-core-columns-is-layout-9d6595d7 wp-block-columns-is-layout-flex\">\n<div class=\"wp-block-column is-layout-flow wp-block-column-is-layout-flow\">\n<h2 class=\"wp-block-heading underline h3\"><strong><strong>Soudage c\u00e9ramique interne<\/strong><\/strong><\/h2>\n<\/div>\n\n\n\n<div class=\"wp-block-column is-layout-flow wp-block-column-is-layout-flow\">\n<p>Le soudage c\u00e9ramique interne s\u2019effectue au moyen de lances refroidies qui permettent d\u2019appliquer la poudre r\u00e9fractaire \u00e0 l\u2019int\u00e9rieur du four.<br>IRF fabrique en interne toutes ses lances refroidies. Il est donc possible de restaurer n&rsquo;importe quelle zone endommag\u00e9e de la superstructure.<\/p>\n<\/div>\n<\/div>\n\n\n\n<div class=\"wp-block-jetpack-tiled-gallery aligncenter is-style-square\"><div class=\"tiled-gallery__gallery\"><div class=\"tiled-gallery__row columns-5\"><div class=\"tiled-gallery__col\"><figure class=\"tiled-gallery__item\"><a href=\"https:\/\/i0.wp.com\/www.irf-europa.com\/wp-content\/uploads\/2022\/12\/lancia-in.jpg?ssl=1\" data-lbwps-width=\"1087\" data-lbwps-height=\"414\" data-lbwps-srcsmall=\"https:\/\/www.irf-europa.com\/wp-content\/uploads\/2022\/12\/lancia-in-730x278.jpg\"><img decoding=\"async\" srcset=\"https:\/\/i0.wp.com\/www.irf-europa.com\/wp-content\/uploads\/2022\/12\/lancia-in.jpg?resize=414%2C414&#038;strip=info&#038;ssl=1 414w\" alt=\"\" data-height=\"414\" data-id=\"438\" data-link=\"https:\/\/www.irf-europa.com\/servizi\/ceramic-welding\/lancia-in\/\" data-url=\"https:\/\/www.irf-europa.com\/wp-content\/uploads\/2022\/12\/lancia-in.jpg\" data-width=\"1087\" src=\"https:\/\/i0.wp.com\/www.irf-europa.com\/wp-content\/uploads\/2022\/12\/lancia-in.jpg?ssl=1&amp;resize=414%2C414\" data-amp-layout=\"responsive\"\/><\/a><\/figure><\/div><div class=\"tiled-gallery__col\"><figure class=\"tiled-gallery__item\"><a href=\"https:\/\/i0.wp.com\/www.irf-europa.com\/wp-content\/uploads\/2022\/12\/IMG_20220711_172108.jpg?ssl=1\" data-lbwps-width=\"1440\" data-lbwps-height=\"1920\" data-lbwps-srcsmall=\"https:\/\/www.irf-europa.com\/wp-content\/uploads\/2022\/12\/IMG_20220711_172108-525x700.jpg\"><img decoding=\"async\" srcset=\"https:\/\/i1.wp.com\/www.irf-europa.com\/wp-content\/uploads\/2022\/12\/IMG_20220711_172108-768x1024.jpg?resize=600%2C600&#038;strip=info&#038;ssl=1 600w,https:\/\/i1.wp.com\/www.irf-europa.com\/wp-content\/uploads\/2022\/12\/IMG_20220711_172108-768x1024.jpg?resize=900%2C900&#038;strip=info&#038;ssl=1 900w,https:\/\/i1.wp.com\/www.irf-europa.com\/wp-content\/uploads\/2022\/12\/IMG_20220711_172108-768x1024.jpg?resize=1200%2C1200&#038;strip=info&#038;ssl=1 1200w,https:\/\/i1.wp.com\/www.irf-europa.com\/wp-content\/uploads\/2022\/12\/IMG_20220711_172108-768x1024.jpg?resize=1440%2C1440&#038;strip=info&#038;ssl=1 1440w\" alt=\"\" data-height=\"1920\" data-id=\"442\" data-link=\"https:\/\/www.irf-europa.com\/servizi\/ceramic-welding\/img_20220711_172108\/\" data-url=\"https:\/\/www.irf-europa.com\/wp-content\/uploads\/2022\/12\/IMG_20220711_172108-768x1024.jpg\" data-width=\"1440\" src=\"https:\/\/i1.wp.com\/www.irf-europa.com\/wp-content\/uploads\/2022\/12\/IMG_20220711_172108-768x1024.jpg?ssl=1&amp;resize=1440%2C1440\" data-amp-layout=\"responsive\"\/><\/a><\/figure><\/div><div class=\"tiled-gallery__col\"><figure class=\"tiled-gallery__item\"><a href=\"https:\/\/i0.wp.com\/www.irf-europa.com\/wp-content\/uploads\/2022\/12\/HOME-1.jpg?ssl=1\" data-lbwps-width=\"1920\" data-lbwps-height=\"1865\" data-lbwps-srcsmall=\"https:\/\/www.irf-europa.com\/wp-content\/uploads\/2022\/12\/HOME-1.jpg\"><img decoding=\"async\" srcset=\"https:\/\/i0.wp.com\/www.irf-europa.com\/wp-content\/uploads\/2022\/12\/HOME-1-1054x1024.jpg?resize=600%2C600&#038;strip=info&#038;ssl=1 600w,https:\/\/i0.wp.com\/www.irf-europa.com\/wp-content\/uploads\/2022\/12\/HOME-1-1054x1024.jpg?resize=900%2C900&#038;strip=info&#038;ssl=1 900w,https:\/\/i0.wp.com\/www.irf-europa.com\/wp-content\/uploads\/2022\/12\/HOME-1-1054x1024.jpg?resize=1200%2C1200&#038;strip=info&#038;ssl=1 1200w,https:\/\/i0.wp.com\/www.irf-europa.com\/wp-content\/uploads\/2022\/12\/HOME-1-1054x1024.jpg?resize=1500%2C1500&#038;strip=info&#038;ssl=1 1500w,https:\/\/i0.wp.com\/www.irf-europa.com\/wp-content\/uploads\/2022\/12\/HOME-1-1054x1024.jpg?resize=1800%2C1800&#038;strip=info&#038;ssl=1 1800w,https:\/\/i0.wp.com\/www.irf-europa.com\/wp-content\/uploads\/2022\/12\/HOME-1-1054x1024.jpg?resize=1865%2C1865&#038;strip=info&#038;ssl=1 1865w\" alt=\"\" data-height=\"1865\" data-id=\"446\" data-link=\"https:\/\/www.irf-europa.com\/servizi\/ceramic-welding\/home-1\/\" data-url=\"https:\/\/www.irf-europa.com\/wp-content\/uploads\/2022\/12\/HOME-1-1054x1024.jpg\" data-width=\"1920\" src=\"https:\/\/i0.wp.com\/www.irf-europa.com\/wp-content\/uploads\/2022\/12\/HOME-1-1054x1024.jpg?ssl=1&amp;resize=1865%2C1865\" data-amp-layout=\"responsive\"\/><\/a><\/figure><\/div><div class=\"tiled-gallery__col\"><figure class=\"tiled-gallery__item\"><a href=\"https:\/\/i0.wp.com\/www.irf-europa.com\/wp-content\/uploads\/2022\/12\/DSCN4565.jpg?ssl=1\" data-lbwps-width=\"1920\" data-lbwps-height=\"1440\" data-lbwps-srcsmall=\"https:\/\/www.irf-europa.com\/wp-content\/uploads\/2022\/12\/DSCN4565-730x548.jpg\"><img decoding=\"async\" srcset=\"https:\/\/i0.wp.com\/www.irf-europa.com\/wp-content\/uploads\/2022\/12\/DSCN4565-1110x833.jpg?resize=600%2C600&#038;strip=info&#038;ssl=1 600w,https:\/\/i0.wp.com\/www.irf-europa.com\/wp-content\/uploads\/2022\/12\/DSCN4565-1110x833.jpg?resize=900%2C900&#038;strip=info&#038;ssl=1 900w,https:\/\/i0.wp.com\/www.irf-europa.com\/wp-content\/uploads\/2022\/12\/DSCN4565-1110x833.jpg?resize=1200%2C1200&#038;strip=info&#038;ssl=1 1200w,https:\/\/i0.wp.com\/www.irf-europa.com\/wp-content\/uploads\/2022\/12\/DSCN4565-1110x833.jpg?resize=1440%2C1440&#038;strip=info&#038;ssl=1 1440w\" alt=\"\" data-height=\"1440\" data-id=\"450\" data-link=\"https:\/\/www.irf-europa.com\/servizi\/ceramic-welding\/dscn4565\/\" data-url=\"https:\/\/www.irf-europa.com\/wp-content\/uploads\/2022\/12\/DSCN4565-1110x833.jpg\" data-width=\"1920\" src=\"https:\/\/i0.wp.com\/www.irf-europa.com\/wp-content\/uploads\/2022\/12\/DSCN4565-1110x833.jpg?ssl=1&amp;resize=1440%2C1440\" data-amp-layout=\"responsive\"\/><\/a><\/figure><\/div><div class=\"tiled-gallery__col\"><figure class=\"tiled-gallery__item\"><a href=\"https:\/\/i0.wp.com\/www.irf-europa.com\/wp-content\/uploads\/2022\/12\/DSCN4303.jpg?ssl=1\" data-lbwps-width=\"1920\" data-lbwps-height=\"1350\" data-lbwps-srcsmall=\"https:\/\/www.irf-europa.com\/wp-content\/uploads\/2022\/12\/DSCN4303-730x513.jpg\"><img decoding=\"async\" srcset=\"https:\/\/i0.wp.com\/www.irf-europa.com\/wp-content\/uploads\/2022\/12\/DSCN4303-1110x780.jpg?resize=600%2C600&#038;strip=info&#038;ssl=1 600w,https:\/\/i0.wp.com\/www.irf-europa.com\/wp-content\/uploads\/2022\/12\/DSCN4303-1110x780.jpg?resize=900%2C900&#038;strip=info&#038;ssl=1 900w,https:\/\/i0.wp.com\/www.irf-europa.com\/wp-content\/uploads\/2022\/12\/DSCN4303-1110x780.jpg?resize=1200%2C1200&#038;strip=info&#038;ssl=1 1200w,https:\/\/i0.wp.com\/www.irf-europa.com\/wp-content\/uploads\/2022\/12\/DSCN4303-1110x780.jpg?resize=1350%2C1350&#038;strip=info&#038;ssl=1 1350w\" alt=\"\" data-height=\"1350\" data-id=\"454\" data-link=\"https:\/\/www.irf-europa.com\/servizi\/ceramic-welding\/dscn4303\/\" data-url=\"https:\/\/www.irf-europa.com\/wp-content\/uploads\/2022\/12\/DSCN4303-1110x780.jpg\" data-width=\"1920\" src=\"https:\/\/i0.wp.com\/www.irf-europa.com\/wp-content\/uploads\/2022\/12\/DSCN4303-1110x780.jpg?ssl=1&amp;resize=1350%2C1350\" data-amp-layout=\"responsive\"\/><\/a><\/figure><\/div><\/div><\/div><\/div>\n\n\n\n<hr class=\"wp-block-separator has-css-opacity my-xl\"\/>\n\n\n\n<div class=\"wp-block-columns my-5 is-layout-flex wp-container-core-columns-is-layout-9d6595d7 wp-block-columns-is-layout-flex\">\n<div class=\"wp-block-column is-layout-flow wp-block-column-is-layout-flow\">\n<h2 class=\"wp-block-heading underline h3\"><strong><strong>Scellement par soudure c\u00e9ramique externe<\/strong><\/strong><\/h2>\n<\/div>\n\n\n\n<div class=\"wp-block-column is-layout-flow wp-block-column-is-layout-flow\">\n<p>Le soudure c\u00e9ramique externe s\u2019emploie principalement pour sceller les joints de dilatation de fours neufs \u00e0 la suite d&rsquo;une pr\u00e9chauffe, comme de fours en activit\u00e9, ou pour r\u00e9parer de petits d\u00e9g\u00e2ts ext\u00e9rieurs.<\/p>\n<\/div>\n<\/div>\n\n\n\n<div class=\"wp-block-jetpack-tiled-gallery aligncenter is-style-square\"><div class=\"tiled-gallery__gallery\"><div class=\"tiled-gallery__row columns-4\"><div class=\"tiled-gallery__col\"><figure class=\"tiled-gallery__item\"><a href=\"https:\/\/i0.wp.com\/www.irf-europa.com\/wp-content\/uploads\/2022\/12\/IMG-20210724-WA0014.jpg?ssl=1\" data-lbwps-width=\"900\" data-lbwps-height=\"1600\" data-lbwps-srcsmall=\"https:\/\/www.irf-europa.com\/wp-content\/uploads\/2022\/12\/IMG-20210724-WA0014-394x700.jpg\"><img decoding=\"async\" srcset=\"https:\/\/i0.wp.com\/www.irf-europa.com\/wp-content\/uploads\/2022\/12\/IMG-20210724-WA0014-576x1024.jpg?resize=600%2C600&#038;strip=info&#038;ssl=1 600w,https:\/\/i0.wp.com\/www.irf-europa.com\/wp-content\/uploads\/2022\/12\/IMG-20210724-WA0014-576x1024.jpg?resize=900%2C900&#038;strip=info&#038;ssl=1 900w\" alt=\"\" data-height=\"1600\" data-id=\"459\" data-link=\"https:\/\/www.irf-europa.com\/servizi\/ceramic-welding\/img-20210724-wa0014\/\" data-url=\"https:\/\/www.irf-europa.com\/wp-content\/uploads\/2022\/12\/IMG-20210724-WA0014-576x1024.jpg\" data-width=\"900\" src=\"https:\/\/i0.wp.com\/www.irf-europa.com\/wp-content\/uploads\/2022\/12\/IMG-20210724-WA0014-576x1024.jpg?ssl=1&amp;resize=900%2C900\" data-amp-layout=\"responsive\"\/><\/a><\/figure><\/div><div class=\"tiled-gallery__col\"><figure class=\"tiled-gallery__item\"><a href=\"https:\/\/i0.wp.com\/www.irf-europa.com\/wp-content\/uploads\/2022\/12\/Immagine2.jpg?ssl=1\" data-lbwps-width=\"682\" data-lbwps-height=\"378\" data-lbwps-srcsmall=\"https:\/\/www.irf-europa.com\/wp-content\/uploads\/2022\/12\/Immagine2.jpg\"><img decoding=\"async\" srcset=\"https:\/\/i1.wp.com\/www.irf-europa.com\/wp-content\/uploads\/2022\/12\/Immagine2.jpg?resize=378%2C378&#038;strip=info&#038;ssl=1 378w\" alt=\"\" data-height=\"378\" data-id=\"463\" data-link=\"https:\/\/www.irf-europa.com\/servizi\/ceramic-welding\/immagine2\/\" data-url=\"https:\/\/www.irf-europa.com\/wp-content\/uploads\/2022\/12\/Immagine2.jpg\" data-width=\"682\" src=\"https:\/\/i1.wp.com\/www.irf-europa.com\/wp-content\/uploads\/2022\/12\/Immagine2.jpg?ssl=1&amp;resize=378%2C378\" data-amp-layout=\"responsive\"\/><\/a><\/figure><\/div><div class=\"tiled-gallery__col\"><figure class=\"tiled-gallery__item\"><a href=\"https:\/\/i0.wp.com\/www.irf-europa.com\/wp-content\/uploads\/2022\/12\/Immagine1.jpg?ssl=1\" data-lbwps-width=\"506\" data-lbwps-height=\"523\" data-lbwps-srcsmall=\"https:\/\/www.irf-europa.com\/wp-content\/uploads\/2022\/12\/Immagine1.jpg\"><img decoding=\"async\" srcset=\"https:\/\/i1.wp.com\/www.irf-europa.com\/wp-content\/uploads\/2022\/12\/Immagine1.jpg?resize=506%2C506&#038;strip=info&#038;ssl=1 506w\" alt=\"\" data-height=\"523\" data-id=\"467\" data-link=\"https:\/\/www.irf-europa.com\/servizi\/ceramic-welding\/immagine1\/\" data-url=\"https:\/\/www.irf-europa.com\/wp-content\/uploads\/2022\/12\/Immagine1.jpg\" data-width=\"506\" src=\"https:\/\/i1.wp.com\/www.irf-europa.com\/wp-content\/uploads\/2022\/12\/Immagine1.jpg?ssl=1&amp;resize=506%2C506\" data-amp-layout=\"responsive\"\/><\/a><\/figure><\/div><div class=\"tiled-gallery__col\"><figure class=\"tiled-gallery__item\"><a href=\"https:\/\/i0.wp.com\/www.irf-europa.com\/wp-content\/uploads\/2022\/12\/IMG_20220714_182133.jpg?ssl=1\" data-lbwps-width=\"1440\" data-lbwps-height=\"1920\" data-lbwps-srcsmall=\"https:\/\/www.irf-europa.com\/wp-content\/uploads\/2022\/12\/IMG_20220714_182133-525x700.jpg\"><img decoding=\"async\" srcset=\"https:\/\/i1.wp.com\/www.irf-europa.com\/wp-content\/uploads\/2022\/12\/IMG_20220714_182133-768x1024.jpg?resize=600%2C600&#038;strip=info&#038;ssl=1 600w,https:\/\/i1.wp.com\/www.irf-europa.com\/wp-content\/uploads\/2022\/12\/IMG_20220714_182133-768x1024.jpg?resize=900%2C900&#038;strip=info&#038;ssl=1 900w,https:\/\/i1.wp.com\/www.irf-europa.com\/wp-content\/uploads\/2022\/12\/IMG_20220714_182133-768x1024.jpg?resize=1200%2C1200&#038;strip=info&#038;ssl=1 1200w,https:\/\/i1.wp.com\/www.irf-europa.com\/wp-content\/uploads\/2022\/12\/IMG_20220714_182133-768x1024.jpg?resize=1440%2C1440&#038;strip=info&#038;ssl=1 1440w\" alt=\"\" data-height=\"1920\" data-id=\"471\" data-link=\"https:\/\/www.irf-europa.com\/servizi\/ceramic-welding\/img_20220714_182133\/\" data-url=\"https:\/\/www.irf-europa.com\/wp-content\/uploads\/2022\/12\/IMG_20220714_182133-768x1024.jpg\" data-width=\"1440\" src=\"https:\/\/i1.wp.com\/www.irf-europa.com\/wp-content\/uploads\/2022\/12\/IMG_20220714_182133-768x1024.jpg?ssl=1&amp;resize=1440%2C1440\" data-amp-layout=\"responsive\"\/><\/a><\/figure><\/div><\/div><\/div><\/div>\n<\/div><\/div>\n","protected":false},"excerpt":{"rendered":"<p>Soudure c\u00e9ramique Le soudure c\u00e9ramique est une technique particuli\u00e8re qui permet de reconstruire et regarnir le mat\u00e9riau r\u00e9fractaire de la&hellip;<\/p>\n<p><a class=\"btn btn-dark btn-sm websoup-read-more-link\" href=\"https:\/\/www.irf-europa.com\/fr\/services\/soudure-ceramique\/\">Read More&#8230;<\/a><\/p>\n","protected":false},"author":1,"featured_media":640,"parent":723,"menu_order":0,"comment_status":"closed","ping_status":"closed","template":"page-templates\/empty.php","meta":{"inline_featured_image":false,"footnotes":""},"class_list":["post-735","page","type-page","status-publish","has-post-thumbnail","hentry"],"yoast_head":"<!-- This site is optimized with the Yoast SEO plugin v27.5 - https:\/\/yoast.com\/product\/yoast-seo-wordpress\/ -->\n<title>Soudure c\u00e9ramique - IRF Europa<\/title>\n<meta name=\"robots\" content=\"index, follow, max-snippet:-1, max-image-preview:large, max-video-preview:-1\" \/>\n<link rel=\"canonical\" href=\"https:\/\/www.irf-europa.com\/fr\/services\/soudure-ceramique\/\" \/>\n<meta property=\"og:locale\" content=\"fr_FR\" \/>\n<meta property=\"og:type\" content=\"article\" \/>\n<meta property=\"og:title\" content=\"Soudure c\u00e9ramique - IRF Europa\" \/>\n<meta property=\"og:description\" content=\"Soudure c\u00e9ramique Le soudure c\u00e9ramique est une technique particuli\u00e8re qui permet de reconstruire et regarnir le mat\u00e9riau r\u00e9fractaire de la&hellip;Read More...\" \/>\n<meta property=\"og:url\" content=\"https:\/\/www.irf-europa.com\/fr\/services\/soudure-ceramique\/\" \/>\n<meta property=\"og:site_name\" content=\"IRF Europa\" \/>\n<meta property=\"article:modified_time\" content=\"2024-01-26T10:50:14+00:00\" \/>\n<meta property=\"og:image\" content=\"https:\/\/www.irf-europa.com\/wp-content\/uploads\/2021\/10\/ceramic-welding.jpg\" \/>\n\t<meta property=\"og:image:width\" content=\"1920\" \/>\n\t<meta property=\"og:image:height\" content=\"1079\" \/>\n\t<meta property=\"og:image:type\" content=\"image\/jpeg\" \/>\n<meta name=\"twitter:card\" content=\"summary_large_image\" \/>\n<meta name=\"twitter:label1\" content=\"Dur\u00e9e de lecture estim\u00e9e\" \/>\n\t<meta name=\"twitter:data1\" content=\"3 minutes\" \/>\n<script type=\"application\/ld+json\" class=\"yoast-schema-graph\">{\"@context\":\"https:\\\/\\\/schema.org\",\"@graph\":[{\"@type\":\"WebPage\",\"@id\":\"https:\\\/\\\/www.irf-europa.com\\\/fr\\\/services\\\/soudure-ceramique\\\/\",\"url\":\"https:\\\/\\\/www.irf-europa.com\\\/fr\\\/services\\\/soudure-ceramique\\\/\",\"name\":\"Soudure c\u00e9ramique - IRF Europa\",\"isPartOf\":{\"@id\":\"https:\\\/\\\/www.irf-europa.com\\\/fr\\\/#website\"},\"primaryImageOfPage\":{\"@id\":\"https:\\\/\\\/www.irf-europa.com\\\/fr\\\/services\\\/soudure-ceramique\\\/#primaryimage\"},\"image\":{\"@id\":\"https:\\\/\\\/www.irf-europa.com\\\/fr\\\/services\\\/soudure-ceramique\\\/#primaryimage\"},\"thumbnailUrl\":\"https:\\\/\\\/i0.wp.com\\\/www.irf-europa.com\\\/wp-content\\\/uploads\\\/2021\\\/10\\\/ceramic-welding.jpg?fit=1920%2C1079&ssl=1\",\"datePublished\":\"2023-05-23T11:23:17+00:00\",\"dateModified\":\"2024-01-26T10:50:14+00:00\",\"breadcrumb\":{\"@id\":\"https:\\\/\\\/www.irf-europa.com\\\/fr\\\/services\\\/soudure-ceramique\\\/#breadcrumb\"},\"inLanguage\":\"fr-FR\",\"potentialAction\":[{\"@type\":\"ReadAction\",\"target\":[\"https:\\\/\\\/www.irf-europa.com\\\/fr\\\/services\\\/soudure-ceramique\\\/\"]}]},{\"@type\":\"ImageObject\",\"inLanguage\":\"fr-FR\",\"@id\":\"https:\\\/\\\/www.irf-europa.com\\\/fr\\\/services\\\/soudure-ceramique\\\/#primaryimage\",\"url\":\"https:\\\/\\\/i0.wp.com\\\/www.irf-europa.com\\\/wp-content\\\/uploads\\\/2021\\\/10\\\/ceramic-welding.jpg?fit=1920%2C1079&ssl=1\",\"contentUrl\":\"https:\\\/\\\/i0.wp.com\\\/www.irf-europa.com\\\/wp-content\\\/uploads\\\/2021\\\/10\\\/ceramic-welding.jpg?fit=1920%2C1079&ssl=1\",\"width\":1920,\"height\":1079},{\"@type\":\"BreadcrumbList\",\"@id\":\"https:\\\/\\\/www.irf-europa.com\\\/fr\\\/services\\\/soudure-ceramique\\\/#breadcrumb\",\"itemListElement\":[{\"@type\":\"ListItem\",\"position\":1,\"name\":\"Home\",\"item\":\"https:\\\/\\\/www.irf-europa.com\\\/fr\\\/\"},{\"@type\":\"ListItem\",\"position\":2,\"name\":\"Services\",\"item\":\"https:\\\/\\\/www.irf-europa.com\\\/fr\\\/services\\\/?lang=fr\"},{\"@type\":\"ListItem\",\"position\":3,\"name\":\"Soudure c\u00e9ramique\"}]},{\"@type\":\"WebSite\",\"@id\":\"https:\\\/\\\/www.irf-europa.com\\\/fr\\\/#website\",\"url\":\"https:\\\/\\\/www.irf-europa.com\\\/fr\\\/\",\"name\":\"IRF Europa\",\"description\":\"Riparazione e manutenzione di forni per la fusione del vetro\",\"publisher\":{\"@id\":\"https:\\\/\\\/www.irf-europa.com\\\/fr\\\/#organization\"},\"potentialAction\":[{\"@type\":\"SearchAction\",\"target\":{\"@type\":\"EntryPoint\",\"urlTemplate\":\"https:\\\/\\\/www.irf-europa.com\\\/fr\\\/?s={search_term_string}\"},\"query-input\":{\"@type\":\"PropertyValueSpecification\",\"valueRequired\":true,\"valueName\":\"search_term_string\"}}],\"inLanguage\":\"fr-FR\"},{\"@type\":\"Organization\",\"@id\":\"https:\\\/\\\/www.irf-europa.com\\\/fr\\\/#organization\",\"name\":\"IRF Europa\",\"url\":\"https:\\\/\\\/www.irf-europa.com\\\/fr\\\/\",\"logo\":{\"@type\":\"ImageObject\",\"inLanguage\":\"fr-FR\",\"@id\":\"https:\\\/\\\/www.irf-europa.com\\\/fr\\\/#\\\/schema\\\/logo\\\/image\\\/\",\"url\":\"https:\\\/\\\/i0.wp.com\\\/www.irf-europa.com\\\/wp-content\\\/uploads\\\/2021\\\/10\\\/irf-europa.png?fit=752%2C248&ssl=1\",\"contentUrl\":\"https:\\\/\\\/i0.wp.com\\\/www.irf-europa.com\\\/wp-content\\\/uploads\\\/2021\\\/10\\\/irf-europa.png?fit=752%2C248&ssl=1\",\"width\":752,\"height\":248,\"caption\":\"IRF Europa\"},\"image\":{\"@id\":\"https:\\\/\\\/www.irf-europa.com\\\/fr\\\/#\\\/schema\\\/logo\\\/image\\\/\"},\"sameAs\":[\"https:\\\/\\\/www.linkedin.com\\\/company\\\/irf-europa-srl\\\/\"]}]}<\/script>\n<!-- \/ Yoast SEO plugin. -->","yoast_head_json":{"title":"Soudure c\u00e9ramique - IRF Europa","robots":{"index":"index","follow":"follow","max-snippet":"max-snippet:-1","max-image-preview":"max-image-preview:large","max-video-preview":"max-video-preview:-1"},"canonical":"https:\/\/www.irf-europa.com\/fr\/services\/soudure-ceramique\/","og_locale":"fr_FR","og_type":"article","og_title":"Soudure c\u00e9ramique - IRF Europa","og_description":"Soudure c\u00e9ramique Le soudure c\u00e9ramique est une technique particuli\u00e8re qui permet de reconstruire et regarnir le mat\u00e9riau r\u00e9fractaire de la&hellip;Read More...","og_url":"https:\/\/www.irf-europa.com\/fr\/services\/soudure-ceramique\/","og_site_name":"IRF Europa","article_modified_time":"2024-01-26T10:50:14+00:00","og_image":[{"width":1920,"height":1079,"url":"https:\/\/www.irf-europa.com\/wp-content\/uploads\/2021\/10\/ceramic-welding.jpg","type":"image\/jpeg"}],"twitter_card":"summary_large_image","twitter_misc":{"Dur\u00e9e de lecture estim\u00e9e":"3 minutes"},"schema":{"@context":"https:\/\/schema.org","@graph":[{"@type":"WebPage","@id":"https:\/\/www.irf-europa.com\/fr\/services\/soudure-ceramique\/","url":"https:\/\/www.irf-europa.com\/fr\/services\/soudure-ceramique\/","name":"Soudure c\u00e9ramique - IRF Europa","isPartOf":{"@id":"https:\/\/www.irf-europa.com\/fr\/#website"},"primaryImageOfPage":{"@id":"https:\/\/www.irf-europa.com\/fr\/services\/soudure-ceramique\/#primaryimage"},"image":{"@id":"https:\/\/www.irf-europa.com\/fr\/services\/soudure-ceramique\/#primaryimage"},"thumbnailUrl":"https:\/\/i0.wp.com\/www.irf-europa.com\/wp-content\/uploads\/2021\/10\/ceramic-welding.jpg?fit=1920%2C1079&ssl=1","datePublished":"2023-05-23T11:23:17+00:00","dateModified":"2024-01-26T10:50:14+00:00","breadcrumb":{"@id":"https:\/\/www.irf-europa.com\/fr\/services\/soudure-ceramique\/#breadcrumb"},"inLanguage":"fr-FR","potentialAction":[{"@type":"ReadAction","target":["https:\/\/www.irf-europa.com\/fr\/services\/soudure-ceramique\/"]}]},{"@type":"ImageObject","inLanguage":"fr-FR","@id":"https:\/\/www.irf-europa.com\/fr\/services\/soudure-ceramique\/#primaryimage","url":"https:\/\/i0.wp.com\/www.irf-europa.com\/wp-content\/uploads\/2021\/10\/ceramic-welding.jpg?fit=1920%2C1079&ssl=1","contentUrl":"https:\/\/i0.wp.com\/www.irf-europa.com\/wp-content\/uploads\/2021\/10\/ceramic-welding.jpg?fit=1920%2C1079&ssl=1","width":1920,"height":1079},{"@type":"BreadcrumbList","@id":"https:\/\/www.irf-europa.com\/fr\/services\/soudure-ceramique\/#breadcrumb","itemListElement":[{"@type":"ListItem","position":1,"name":"Home","item":"https:\/\/www.irf-europa.com\/fr\/"},{"@type":"ListItem","position":2,"name":"Services","item":"https:\/\/www.irf-europa.com\/fr\/services\/?lang=fr"},{"@type":"ListItem","position":3,"name":"Soudure c\u00e9ramique"}]},{"@type":"WebSite","@id":"https:\/\/www.irf-europa.com\/fr\/#website","url":"https:\/\/www.irf-europa.com\/fr\/","name":"IRF Europa","description":"Riparazione e manutenzione di forni per la fusione del vetro","publisher":{"@id":"https:\/\/www.irf-europa.com\/fr\/#organization"},"potentialAction":[{"@type":"SearchAction","target":{"@type":"EntryPoint","urlTemplate":"https:\/\/www.irf-europa.com\/fr\/?s={search_term_string}"},"query-input":{"@type":"PropertyValueSpecification","valueRequired":true,"valueName":"search_term_string"}}],"inLanguage":"fr-FR"},{"@type":"Organization","@id":"https:\/\/www.irf-europa.com\/fr\/#organization","name":"IRF Europa","url":"https:\/\/www.irf-europa.com\/fr\/","logo":{"@type":"ImageObject","inLanguage":"fr-FR","@id":"https:\/\/www.irf-europa.com\/fr\/#\/schema\/logo\/image\/","url":"https:\/\/i0.wp.com\/www.irf-europa.com\/wp-content\/uploads\/2021\/10\/irf-europa.png?fit=752%2C248&ssl=1","contentUrl":"https:\/\/i0.wp.com\/www.irf-europa.com\/wp-content\/uploads\/2021\/10\/irf-europa.png?fit=752%2C248&ssl=1","width":752,"height":248,"caption":"IRF Europa"},"image":{"@id":"https:\/\/www.irf-europa.com\/fr\/#\/schema\/logo\/image\/"},"sameAs":["https:\/\/www.linkedin.com\/company\/irf-europa-srl\/"]}]}},"jetpack_sharing_enabled":true,"_links":{"self":[{"href":"https:\/\/www.irf-europa.com\/fr\/wp-json\/wp\/v2\/pages\/735","targetHints":{"allow":["GET"]}}],"collection":[{"href":"https:\/\/www.irf-europa.com\/fr\/wp-json\/wp\/v2\/pages"}],"about":[{"href":"https:\/\/www.irf-europa.com\/fr\/wp-json\/wp\/v2\/types\/page"}],"author":[{"embeddable":true,"href":"https:\/\/www.irf-europa.com\/fr\/wp-json\/wp\/v2\/users\/1"}],"replies":[{"embeddable":true,"href":"https:\/\/www.irf-europa.com\/fr\/wp-json\/wp\/v2\/comments?post=735"}],"version-history":[{"count":7,"href":"https:\/\/www.irf-europa.com\/fr\/wp-json\/wp\/v2\/pages\/735\/revisions"}],"predecessor-version":[{"id":989,"href":"https:\/\/www.irf-europa.com\/fr\/wp-json\/wp\/v2\/pages\/735\/revisions\/989"}],"up":[{"embeddable":true,"href":"https:\/\/www.irf-europa.com\/fr\/wp-json\/wp\/v2\/pages\/723"}],"wp:featuredmedia":[{"embeddable":true,"href":"https:\/\/www.irf-europa.com\/fr\/wp-json\/wp\/v2\/media\/640"}],"wp:attachment":[{"href":"https:\/\/www.irf-europa.com\/fr\/wp-json\/wp\/v2\/media?parent=735"}],"curies":[{"name":"wp","href":"https:\/\/api.w.org\/{rel}","templated":true}]}}