{"id":1022,"date":"2024-10-26T00:01:49","date_gmt":"2024-10-25T22:01:49","guid":{"rendered":"https:\/\/www.irf-europa.com\/?page_id=1022"},"modified":"2024-10-26T00:06:32","modified_gmt":"2024-10-25T22:06:32","slug":"politica-de-cookies","status":"publish","type":"page","link":"https:\/\/www.irf-europa.com\/pt-br\/politica-de-cookies\/","title":{"rendered":"POL\u00cdTICA DE COOKIES DA IRF SOUTH AMERICA"},"content":{"rendered":"\n<p>Ol\u00e1! Seja bem-vindo(a) ao portal da&nbsp;IRF SOUTH AMERICA!<\/p>\n\n\n\n<p>Agradecemos muito sua visita! Quando voc\u00ea ingressa em nosso portal, nos confia seus dados e informa\u00e7\u00f5es pessoais, e isso \u00e9 muito importante! Por isso, nos comprometemos a manter essa confian\u00e7a com todos os nossos usu\u00e1rios visitantes.<\/p>\n\n\n\n<p>Nessa pol\u00edtica, vamos apresentar a voc\u00ea, de forma clara e objetiva, o que s\u00e3o cookies, quais tipos de cookies utilizamos em nossas aplica\u00e7\u00f5es, para quais finalidades e como configur\u00e1-los em nosso portal.<\/p>\n\n\n\n<p>Esse documento \u00e9 um complemento ao nosso Aviso de Privacidade, dispon\u00edvel neste link: <a href=\"https:\/\/www.irf-europa.com\/pt-br\/politica-de-privacidade\/\">Aviso de Privacidade<\/a> e aos nossos Termos de Uso, dispon\u00edvel neste link: <a href=\"https:\/\/www.irf-europa.com\/pt-br\/termos-de-uso\/\">Termos de Uso<\/a>.<\/p>\n\n\n\n<p>Para facilitar a sua compreens\u00e3o, saiba que nossa Pol\u00edtica de Cookies est\u00e1 organizada da seguinte forma:<\/p>\n\n\n\n<figure class=\"wp-block-table\"><table><tbody><tr><td>1<\/td><td>O que s\u00e3o cookies?<\/td><\/tr><tr><td>2<\/td><td>Quais cookies utilizamos?<\/td><\/tr><tr><td>3<\/td><td>Gerenciamento dos cookies<\/td><\/tr><tr><td>4<\/td><td>Atualiza\u00e7\u00e3o da nossa Pol\u00edtica<\/td><\/tr><\/tbody><\/table><\/figure>\n\n\n\n<ol class=\"wp-block-list\">\n<li><strong>O QUE S\u00c3O COOKIES?<\/strong><\/li>\n<\/ol>\n\n\n\n<p>Cookies s\u00e3o informa\u00e7\u00f5es que o nosso website coleta e armazena, enquanto voc\u00ea navega por nosso portal. Eles s\u00e3o utilizados para lembrar suas prefer\u00eancias, registrar o que voc\u00ea inseriu em sua cesta de compras e contar o n\u00famero de pessoas que acessam nosso site, dentre outras fun\u00e7\u00f5es.<\/p>\n\n\n\n<p>Usando os cookies, n\u00f3s conseguimos melhorar sua experi\u00eancia de uso da nossa plataforma. Mas, n\u00e3o se preocupe! Voc\u00ea tem direito a consentir com o uso de alguns cookies. Vamos ver?<\/p>\n\n\n\n<ol start=\"2\" class=\"wp-block-list\">\n<li><strong>QUAIS COOKIES UTILIZAMOS E PARA QUAIS FINALIDADES?<\/strong><\/li>\n<\/ol>\n\n\n\n<p>Na tabela abaixo, listamos todos os cookies que utilizamos em nosso portal:<\/p>\n\n\n\n<figure class=\"wp-block-table\"><table><tbody><tr><td><strong>COOKIE<\/strong><\/td><td><strong>TEMPO<\/strong><\/td><td><strong>PROPRIEDADE<\/strong><\/td><td><strong>FINALIDADE<\/strong><\/td><\/tr><tr><td>Necess\u00e1rios<\/td><td>Persistente ou Tempor\u00e1rio<\/td><td>Pr\u00f3prios ou de terceiros<\/td><td>Possibilitar a navega\u00e7\u00e3o em nosso portal e o acesso a todos os recursos. Sem estes, nossos servi\u00e7os podem apresentar mau desempenho ou n\u00e3o funcionar<\/td><\/tr><tr><td>Anal\u00edticos ou de desempenho<\/td><td>Persistente ou Tempor\u00e1rio<\/td><td>Pr\u00f3prios ou de terceiros<\/td><td>Possibilitam coletar dados e informa\u00e7\u00f5es sobre como os usu\u00e1rios utilizam nosso site, quais p\u00e1ginas visitam com mais frequ\u00eancia em nosso site, a ocorr\u00eancia de erros ou informa\u00e7\u00f5es sobre o pr\u00f3prio desempenho do site<\/td><\/tr><tr><td>Funcionalidade<\/td><td>Persistente ou Tempor\u00e1rio<\/td><td>Pr\u00f3prios ou de terceiros<\/td><td>Memorizar suas prefer\u00eancias e escolhas (como seu nome de usu\u00e1rio ou seu idioma)<\/td><\/tr><tr><td>Publicidade<\/td><td>Persistente ou Tempor\u00e1rio<\/td><td>Pr\u00f3prios ou de terceiros<\/td><td>Direcionam an\u00fancios em fun\u00e7\u00e3o dos seus interesses e limitam a quantidade de vezes que o an\u00fancio aparece<\/td><\/tr><\/tbody><\/table><\/figure>\n\n\n\n<p>Ficou na d\u00favida sobre a propriedade ou sobre o tempo de armazenamento? Explicamos para voc\u00ea:<\/p>\n\n\n\n<ol class=\"wp-block-list\">\n<li>Os cookies, quanto aos seus propriet\u00e1rios, podem ser:<\/li>\n<\/ol>\n\n\n\n<ul class=\"wp-block-list\">\n<li>Cookies pr\u00f3prios ou prim\u00e1rios: aqueles definidos diretamente pelo site ou aplica\u00e7\u00e3o que o titular est\u00e1 visitando.<\/li>\n\n\n\n<li>Cookies de terceiros: aqueles definidos por um dom\u00ednio diferente daquele que o titular est\u00e1 visitando.<\/li>\n<\/ul>\n\n\n\n<ol start=\"2\" class=\"wp-block-list\">\n<li>Os cookies, quanto ao seu tempo de vida, podem ser:<\/li>\n<\/ol>\n\n\n\n<ul class=\"wp-block-list\">\n<li>Cookies de sess\u00e3o ou tempor\u00e1rios: aqueles que expiram assim que voc\u00ea fecha o seu navegador, encerrando a sess\u00e3o;<\/li>\n\n\n\n<li>Cookies persistentes: aqueles que permanecem no seu dispositivo durante um per\u00edodo determinado, ou at\u00e9 que voc\u00ea os exclua.<\/li>\n<\/ul>\n\n\n\n<ol start=\"3\" class=\"wp-block-list\">\n<li><strong>GERENCIAMENTO DOS COOKIES:<\/strong><\/li>\n<\/ol>\n\n\n\n<p>Com exce\u00e7\u00e3o dos cookies necess\u00e1rios, indispens\u00e1veis para o funcionamento do site, a instala\u00e7\u00e3o dos demais tipos de cookies est\u00e1 sujeita ao seu consentimento! Dessa forma, voc\u00ea pode rever suas permiss\u00f5es, podendo aceit\u00e1-las, alter\u00e1-las ou cancel\u00e1-las a qualquer momento.<\/p>\n\n\n\n<p>Nosso site n\u00e3o faz a coleta autom\u00e1tica dos cookies. Contudo, voc\u00ea n\u00e3o \u00e9 obrigado a autorizar a utiliza\u00e7\u00e3o de todos eles. No entanto, saiba que nosso site pode n\u00e3o funcionar corretamente se todos os cookies forem desativados. Por esse motivo, caso queira ter uma experi\u00eancia completa da nossa plataforma online, sugerimos que autorize a coleta de todos os cookies.<\/p>\n\n\n\n<ol start=\"4\" class=\"wp-block-list\">\n<li><strong>ATUALIZA\u00c7\u00d5ES DA NOSSA POL\u00cdTICA:<\/strong><\/li>\n<\/ol>\n\n\n\n<p>Nos reservamos no direito de atualizar a nossa Pol\u00edtica de Cookies quantas vezes forem necess\u00e1rias, a fim de fornecer a voc\u00ea informa\u00e7\u00f5es mais seguras e melhorar cada vez mais a sua experi\u00eancia.<\/p>\n","protected":false},"excerpt":{"rendered":"<p>Ol\u00e1! Seja bem-vindo(a) ao portal da&nbsp;IRF SOUTH AMERICA! Agradecemos muito sua visita! Quando voc\u00ea ingressa em nosso portal, nos confia&hellip;<\/p>\n<p><a class=\"btn btn-dark btn-sm websoup-read-more-link\" href=\"https:\/\/www.irf-europa.com\/pt-br\/politica-de-cookies\/\">Read More&#8230;<\/a><\/p>\n","protected":false},"author":1,"featured_media":0,"parent":0,"menu_order":0,"comment_status":"closed","ping_status":"closed","template":"","meta":{"inline_featured_image":false,"footnotes":""},"class_list":["post-1022","page","type-page","status-publish","hentry"],"yoast_head":"<!-- This site is optimized with the Yoast SEO plugin v27.5 - https:\/\/yoast.com\/product\/yoast-seo-wordpress\/ -->\n<title>POL\u00cdTICA DE COOKIES DA IRF SOUTH AMERICA - IRF Europa<\/title>\n<meta name=\"robots\" content=\"index, follow, max-snippet:-1, max-image-preview:large, max-video-preview:-1\" \/>\n<link rel=\"canonical\" href=\"https:\/\/www.irf-europa.com\/pt-br\/politica-de-cookies\/\" \/>\n<meta property=\"og:locale\" content=\"pt_BR\" \/>\n<meta property=\"og:type\" content=\"article\" \/>\n<meta property=\"og:title\" content=\"POL\u00cdTICA DE COOKIES DA IRF SOUTH AMERICA - IRF Europa\" \/>\n<meta property=\"og:description\" content=\"Ol\u00e1! Seja bem-vindo(a) ao portal da&nbsp;IRF SOUTH AMERICA! Agradecemos muito sua visita! Quando voc\u00ea ingressa em nosso portal, nos confia&hellip;Read More...\" \/>\n<meta property=\"og:url\" content=\"https:\/\/www.irf-europa.com\/pt-br\/politica-de-cookies\/\" \/>\n<meta property=\"og:site_name\" content=\"IRF Europa\" \/>\n<meta property=\"article:modified_time\" content=\"2024-10-25T22:06:32+00:00\" \/>\n<meta name=\"twitter:card\" content=\"summary_large_image\" \/>\n<meta name=\"twitter:label1\" content=\"Est. tempo de leitura\" \/>\n\t<meta name=\"twitter:data1\" content=\"4 minutos\" \/>\n<script type=\"application\/ld+json\" class=\"yoast-schema-graph\">{\"@context\":\"https:\\\/\\\/schema.org\",\"@graph\":[{\"@type\":\"WebPage\",\"@id\":\"https:\\\/\\\/www.irf-europa.com\\\/pt-br\\\/politica-de-cookies\\\/\",\"url\":\"https:\\\/\\\/www.irf-europa.com\\\/pt-br\\\/politica-de-cookies\\\/\",\"name\":\"POL\u00cdTICA DE COOKIES DA IRF SOUTH AMERICA - IRF Europa\",\"isPartOf\":{\"@id\":\"https:\\\/\\\/www.irf-europa.com\\\/pt-br\\\/#website\"},\"datePublished\":\"2024-10-25T22:01:49+00:00\",\"dateModified\":\"2024-10-25T22:06:32+00:00\",\"breadcrumb\":{\"@id\":\"https:\\\/\\\/www.irf-europa.com\\\/pt-br\\\/politica-de-cookies\\\/#breadcrumb\"},\"inLanguage\":\"pt-BR\",\"potentialAction\":[{\"@type\":\"ReadAction\",\"target\":[\"https:\\\/\\\/www.irf-europa.com\\\/pt-br\\\/politica-de-cookies\\\/\"]}]},{\"@type\":\"BreadcrumbList\",\"@id\":\"https:\\\/\\\/www.irf-europa.com\\\/pt-br\\\/politica-de-cookies\\\/#breadcrumb\",\"itemListElement\":[{\"@type\":\"ListItem\",\"position\":1,\"name\":\"Home\",\"item\":\"https:\\\/\\\/www.irf-europa.com\\\/pt-br\\\/\"},{\"@type\":\"ListItem\",\"position\":2,\"name\":\"POL\u00cdTICA DE COOKIES DA IRF SOUTH AMERICA\"}]},{\"@type\":\"WebSite\",\"@id\":\"https:\\\/\\\/www.irf-europa.com\\\/pt-br\\\/#website\",\"url\":\"https:\\\/\\\/www.irf-europa.com\\\/pt-br\\\/\",\"name\":\"IRF Europa\",\"description\":\"Riparazione e manutenzione di forni per la fusione del vetro\",\"publisher\":{\"@id\":\"https:\\\/\\\/www.irf-europa.com\\\/pt-br\\\/#organization\"},\"potentialAction\":[{\"@type\":\"SearchAction\",\"target\":{\"@type\":\"EntryPoint\",\"urlTemplate\":\"https:\\\/\\\/www.irf-europa.com\\\/pt-br\\\/?s={search_term_string}\"},\"query-input\":{\"@type\":\"PropertyValueSpecification\",\"valueRequired\":true,\"valueName\":\"search_term_string\"}}],\"inLanguage\":\"pt-BR\"},{\"@type\":\"Organization\",\"@id\":\"https:\\\/\\\/www.irf-europa.com\\\/pt-br\\\/#organization\",\"name\":\"IRF Europa\",\"url\":\"https:\\\/\\\/www.irf-europa.com\\\/pt-br\\\/\",\"logo\":{\"@type\":\"ImageObject\",\"inLanguage\":\"pt-BR\",\"@id\":\"https:\\\/\\\/www.irf-europa.com\\\/pt-br\\\/#\\\/schema\\\/logo\\\/image\\\/\",\"url\":\"https:\\\/\\\/i0.wp.com\\\/www.irf-europa.com\\\/wp-content\\\/uploads\\\/2021\\\/10\\\/irf-europa.png?fit=752%2C248&ssl=1\",\"contentUrl\":\"https:\\\/\\\/i0.wp.com\\\/www.irf-europa.com\\\/wp-content\\\/uploads\\\/2021\\\/10\\\/irf-europa.png?fit=752%2C248&ssl=1\",\"width\":752,\"height\":248,\"caption\":\"IRF Europa\"},\"image\":{\"@id\":\"https:\\\/\\\/www.irf-europa.com\\\/pt-br\\\/#\\\/schema\\\/logo\\\/image\\\/\"},\"sameAs\":[\"https:\\\/\\\/www.linkedin.com\\\/company\\\/irf-europa-srl\\\/\"]}]}<\/script>\n<!-- \/ Yoast SEO plugin. -->","yoast_head_json":{"title":"POL\u00cdTICA DE COOKIES DA IRF SOUTH AMERICA - IRF Europa","robots":{"index":"index","follow":"follow","max-snippet":"max-snippet:-1","max-image-preview":"max-image-preview:large","max-video-preview":"max-video-preview:-1"},"canonical":"https:\/\/www.irf-europa.com\/pt-br\/politica-de-cookies\/","og_locale":"pt_BR","og_type":"article","og_title":"POL\u00cdTICA DE COOKIES DA IRF SOUTH AMERICA - IRF Europa","og_description":"Ol\u00e1! Seja bem-vindo(a) ao portal da&nbsp;IRF SOUTH AMERICA! Agradecemos muito sua visita! Quando voc\u00ea ingressa em nosso portal, nos confia&hellip;Read More...","og_url":"https:\/\/www.irf-europa.com\/pt-br\/politica-de-cookies\/","og_site_name":"IRF Europa","article_modified_time":"2024-10-25T22:06:32+00:00","twitter_card":"summary_large_image","twitter_misc":{"Est. tempo de leitura":"4 minutos"},"schema":{"@context":"https:\/\/schema.org","@graph":[{"@type":"WebPage","@id":"https:\/\/www.irf-europa.com\/pt-br\/politica-de-cookies\/","url":"https:\/\/www.irf-europa.com\/pt-br\/politica-de-cookies\/","name":"POL\u00cdTICA DE COOKIES DA IRF SOUTH AMERICA - IRF Europa","isPartOf":{"@id":"https:\/\/www.irf-europa.com\/pt-br\/#website"},"datePublished":"2024-10-25T22:01:49+00:00","dateModified":"2024-10-25T22:06:32+00:00","breadcrumb":{"@id":"https:\/\/www.irf-europa.com\/pt-br\/politica-de-cookies\/#breadcrumb"},"inLanguage":"pt-BR","potentialAction":[{"@type":"ReadAction","target":["https:\/\/www.irf-europa.com\/pt-br\/politica-de-cookies\/"]}]},{"@type":"BreadcrumbList","@id":"https:\/\/www.irf-europa.com\/pt-br\/politica-de-cookies\/#breadcrumb","itemListElement":[{"@type":"ListItem","position":1,"name":"Home","item":"https:\/\/www.irf-europa.com\/pt-br\/"},{"@type":"ListItem","position":2,"name":"POL\u00cdTICA DE COOKIES DA IRF SOUTH AMERICA"}]},{"@type":"WebSite","@id":"https:\/\/www.irf-europa.com\/pt-br\/#website","url":"https:\/\/www.irf-europa.com\/pt-br\/","name":"IRF Europa","description":"Riparazione e manutenzione di forni per la fusione del vetro","publisher":{"@id":"https:\/\/www.irf-europa.com\/pt-br\/#organization"},"potentialAction":[{"@type":"SearchAction","target":{"@type":"EntryPoint","urlTemplate":"https:\/\/www.irf-europa.com\/pt-br\/?s={search_term_string}"},"query-input":{"@type":"PropertyValueSpecification","valueRequired":true,"valueName":"search_term_string"}}],"inLanguage":"pt-BR"},{"@type":"Organization","@id":"https:\/\/www.irf-europa.com\/pt-br\/#organization","name":"IRF Europa","url":"https:\/\/www.irf-europa.com\/pt-br\/","logo":{"@type":"ImageObject","inLanguage":"pt-BR","@id":"https:\/\/www.irf-europa.com\/pt-br\/#\/schema\/logo\/image\/","url":"https:\/\/i0.wp.com\/www.irf-europa.com\/wp-content\/uploads\/2021\/10\/irf-europa.png?fit=752%2C248&ssl=1","contentUrl":"https:\/\/i0.wp.com\/www.irf-europa.com\/wp-content\/uploads\/2021\/10\/irf-europa.png?fit=752%2C248&ssl=1","width":752,"height":248,"caption":"IRF Europa"},"image":{"@id":"https:\/\/www.irf-europa.com\/pt-br\/#\/schema\/logo\/image\/"},"sameAs":["https:\/\/www.linkedin.com\/company\/irf-europa-srl\/"]}]}},"jetpack_sharing_enabled":true,"_links":{"self":[{"href":"https:\/\/www.irf-europa.com\/pt-br\/wp-json\/wp\/v2\/pages\/1022","targetHints":{"allow":["GET"]}}],"collection":[{"href":"https:\/\/www.irf-europa.com\/pt-br\/wp-json\/wp\/v2\/pages"}],"about":[{"href":"https:\/\/www.irf-europa.com\/pt-br\/wp-json\/wp\/v2\/types\/page"}],"author":[{"embeddable":true,"href":"https:\/\/www.irf-europa.com\/pt-br\/wp-json\/wp\/v2\/users\/1"}],"replies":[{"embeddable":true,"href":"https:\/\/www.irf-europa.com\/pt-br\/wp-json\/wp\/v2\/comments?post=1022"}],"version-history":[{"count":3,"href":"https:\/\/www.irf-europa.com\/pt-br\/wp-json\/wp\/v2\/pages\/1022\/revisions"}],"predecessor-version":[{"id":1028,"href":"https:\/\/www.irf-europa.com\/pt-br\/wp-json\/wp\/v2\/pages\/1022\/revisions\/1028"}],"wp:attachment":[{"href":"https:\/\/www.irf-europa.com\/pt-br\/wp-json\/wp\/v2\/media?parent=1022"}],"curies":[{"name":"wp","href":"https:\/\/api.w.org\/{rel}","templated":true}]}}