{"id":759,"date":"2023-05-26T22:51:18","date_gmt":"2023-05-26T20:51:18","guid":{"rendered":"https:\/\/www.irf-europa.com\/inicio\/"},"modified":"2023-11-13T09:43:33","modified_gmt":"2023-11-13T08:43:33","slug":"inicio","status":"publish","type":"page","link":"https:\/\/www.irf-europa.com\/pt-br\/","title":{"rendered":"In\u00edcio"},"content":{"rendered":"\n<div class=\"wp-block-cover mb-5 px-0\"><span aria-hidden=\"true\" class=\"wp-block-cover__background has-background-dim-30 has-background-dim\"><\/span><img data-recalc-dims=\"1\" loading=\"lazy\" decoding=\"async\" width=\"696\" height=\"928\" class=\"wp-block-cover__image-background wp-image-289\" alt=\"\" src=\"https:\/\/i0.wp.com\/www.irf-europa.com\/wp-content\/uploads\/2022\/12\/HOME.jpg?resize=696%2C928&#038;ssl=1\" data-object-fit=\"cover\" srcset=\"https:\/\/i0.wp.com\/www.irf-europa.com\/wp-content\/uploads\/2022\/12\/HOME.jpg?w=1536&amp;ssl=1 1536w, https:\/\/i0.wp.com\/www.irf-europa.com\/wp-content\/uploads\/2022\/12\/HOME.jpg?resize=525%2C700&amp;ssl=1 525w, https:\/\/i0.wp.com\/www.irf-europa.com\/wp-content\/uploads\/2022\/12\/HOME.jpg?resize=768%2C1024&amp;ssl=1 768w, https:\/\/i0.wp.com\/www.irf-europa.com\/wp-content\/uploads\/2022\/12\/HOME.jpg?resize=1152%2C1536&amp;ssl=1 1152w, https:\/\/i0.wp.com\/www.irf-europa.com\/wp-content\/uploads\/2022\/12\/HOME.jpg?w=1392&amp;ssl=1 1392w\" sizes=\"auto, (max-width: 696px) 100vw, 696px\" \/><div class=\"wp-block-cover__inner-container is-layout-flow wp-block-cover-is-layout-flow\">\n<div class=\"wp-block-group container\"><div class=\"wp-block-group__inner-container is-layout-constrained wp-block-group-is-layout-constrained\">\n<div class=\"wp-block-columns is-layout-flex wp-container-core-columns-is-layout-9d6595d7 wp-block-columns-is-layout-flex\">\n<div class=\"wp-block-column is-layout-flow wp-block-column-is-layout-flow\"><\/div>\n\n\n\n<div class=\"wp-block-column is-layout-flow wp-block-column-is-layout-flow\">\n<h1 class=\"wp-block-heading h2 underline my-4 tshad text-uppercase\">Servi\u00e7o completo de manuten\u00e7\u00e3o refrat\u00e1ria e reparo para fornos de vidro<\/h1>\n<\/div>\n<\/div>\n<\/div><\/div>\n<\/div><\/div>\n\n\n\n<div class=\"wp-block-group container\"><div class=\"wp-block-group__inner-container is-layout-flow wp-block-group-is-layout-flow\">\n<h2 class=\"wp-block-heading h6 text-uppercase underline mb-4\"><strong>IRF EUROPA<\/strong><\/h2>\n\n\n\n<p class=\"mb-5 lead\">A IRF \u00e9 uma empresa multinacional com experi\u00eancia em servi\u00e7os de refrat\u00e1rios completos para fornos de fus\u00e3o de vidro. A vasta experi\u00eancia nos permitiu consolidar nossa confiabilidade e profissionalismo em todas as partes da Europa e da Am\u00e9rica do Sul.<\/p>\n\n\n\n<div class=\"wp-block-group pt-4 mb-5\"><div class=\"wp-block-group__inner-container is-layout-flow wp-block-group-is-layout-flow\"><div class=\"owl-carousel owl-theme irfcarousel\">\n<div class=\"item\">\n<div class=\"slimg\">\n<img decoding=\"async\" src=\"https:\/\/i0.wp.com\/www.irf-europa.com\/wp-content\/uploads\/2021\/10\/ceramic-welding.jpg?resize=280%2C280&ssl=1\" alt=\"\">\n<\/div>\n<div class=\"sltxt p-4\">\n<h4 class=\"sltitle text-uppercase\">Solda cer\u00e2mica<\/h4>\n<div class=\"slcont\"><a href=\"https:\/\/www.irf-europa.com\/pt-br\/servicos\/solda-ceramica\/\" rel=\"bookmark\">DESCUBRA MAIS<\/a><\/div>\n<\/div>\n<\/div>\n<div class=\"item\">\n<div class=\"slimg\">\n<img decoding=\"async\" src=\"https:\/\/i0.wp.com\/www.irf-europa.com\/wp-content\/uploads\/2021\/10\/hot-repair.jpg?resize=280%2C280&ssl=1\" alt=\"\">\n<\/div>\n<div class=\"sltxt p-4\">\n<h4 class=\"sltitle text-uppercase\">REPARO QUENTE<\/h4>\n<div class=\"slcont\"><a href=\"https:\/\/www.irf-europa.com\/pt-br\/servicos\/reparo-a-quente\/\" rel=\"bookmark\">DESCUBRA MAIS<\/a><\/div>\n<\/div>\n<\/div>\n<div class=\"item\">\n<div class=\"slimg\">\n<img decoding=\"async\" src=\"https:\/\/i0.wp.com\/www.irf-europa.com\/wp-content\/uploads\/2021\/10\/auditing.jpg?resize=280%2C280&ssl=1\" alt=\"\">\n<\/div>\n<div class=\"sltxt p-4\">\n<h4 class=\"sltitle text-uppercase\">Auditoria<\/h4>\n<div class=\"slcont\"><a href=\"https:\/\/www.irf-europa.com\/pt-br\/servicos\/auditoria\/\" rel=\"bookmark\">DESCUBRA MAIS<\/a><\/div>\n<\/div>\n<\/div>\n<div class=\"item\">\n<div class=\"slimg\">\n<img decoding=\"async\" src=\"https:\/\/i0.wp.com\/www.irf-europa.com\/wp-content\/uploads\/2021\/10\/coldrepair.jpg?resize=280%2C280&ssl=1\" alt=\"\">\n<\/div>\n<div class=\"sltxt p-4\">\n<h4 class=\"sltitle text-uppercase\">REPARO A FRIO &amp; RECONSTRU\u00c7\u00c3O DE FORNOS<\/h4>\n<div class=\"slcont\"><a href=\"https:\/\/www.irf-europa.com\/pt-br\/servicos\/reparo-a-frio-e-reconstrucao-de-fornos\/\" rel=\"bookmark\">DESCUBRA MAIS<\/a><\/div>\n<\/div>\n<\/div>\n<div class=\"item\">\n<div class=\"slimg\">\n<img decoding=\"async\" src=\"https:\/\/i0.wp.com\/www.irf-europa.com\/wp-content\/uploads\/2021\/10\/steel-workshop.jpg?resize=280%2C280&ssl=1\" alt=\"\">\n<\/div>\n<div class=\"sltxt p-4\">\n<h4 class=\"sltitle text-uppercase\">OFICINA DE SERRALHERIA<\/h4>\n<div class=\"slcont\"><a href=\"https:\/\/www.irf-europa.com\/pt-br\/servicos\/oficina-de-serralheria\/\" rel=\"bookmark\">DESCUBRA MAIS<\/a><\/div>\n<\/div>\n<\/div>\n<\/div>\n<\/div><\/div>\n\n\n\n<div class=\"wp-block-buttons mb-5 is-horizontal is-content-justification-center is-layout-flex wp-container-core-buttons-is-layout-499968f5 wp-block-buttons-is-layout-flex\">\n<div class=\"wp-block-button\"><a class=\"wp-block-button__link no-border-radius wp-element-button\" href=\"https:\/\/www.irf-europa.com\/contatti\/\">DESCUBRA MAIS<\/a><\/div>\n<\/div>\n<\/div><\/div>\n","protected":false},"excerpt":{"rendered":"<p>IRF EUROPA A IRF \u00e9 uma empresa multinacional com experi\u00eancia em servi\u00e7os de refrat\u00e1rios completos para fornos de fus\u00e3o de&hellip;<\/p>\n<p><a class=\"btn btn-dark btn-sm websoup-read-more-link\" href=\"https:\/\/www.irf-europa.com\/pt-br\/servicos\/oficina-de-serralheria\/\">Read More&#8230;<\/a><\/p>\n","protected":false},"author":1,"featured_media":0,"parent":0,"menu_order":0,"comment_status":"closed","ping_status":"closed","template":"page-templates\/empty.php","meta":{"inline_featured_image":false,"footnotes":""},"class_list":["post-759","page","type-page","status-publish","hentry"],"yoast_head":"<!-- This site is optimized with the Yoast SEO plugin v27.5 - https:\/\/yoast.com\/product\/yoast-seo-wordpress\/ -->\n<title>In\u00edcio - IRF Europa<\/title>\n<meta name=\"robots\" content=\"index, follow, max-snippet:-1, max-image-preview:large, max-video-preview:-1\" \/>\n<link rel=\"canonical\" href=\"https:\/\/www.irf-europa.com\/pt-br\/\" \/>\n<meta property=\"og:locale\" content=\"pt_BR\" \/>\n<meta property=\"og:type\" content=\"article\" \/>\n<meta property=\"og:title\" content=\"In\u00edcio - IRF Europa\" \/>\n<meta property=\"og:description\" content=\"IRF EUROPA A IRF \u00e9 uma empresa multinacional com experi\u00eancia em servi\u00e7os de refrat\u00e1rios completos para fornos de fus\u00e3o de&hellip;Read More...\" \/>\n<meta property=\"og:url\" content=\"https:\/\/www.irf-europa.com\/pt-br\/\" \/>\n<meta property=\"og:site_name\" content=\"IRF Europa\" \/>\n<meta property=\"article:modified_time\" content=\"2023-11-13T08:43:33+00:00\" \/>\n<meta property=\"og:image\" content=\"https:\/\/www.irf-europa.com\/wp-content\/uploads\/2022\/12\/HOME.jpg\" \/>\n<meta name=\"twitter:card\" content=\"summary_large_image\" \/>\n<meta name=\"twitter:label1\" content=\"Est. tempo de leitura\" \/>\n\t<meta name=\"twitter:data1\" content=\"1 minuto\" \/>\n<script type=\"application\/ld+json\" class=\"yoast-schema-graph\">{\"@context\":\"https:\\\/\\\/schema.org\",\"@graph\":[{\"@type\":\"WebPage\",\"@id\":\"https:\\\/\\\/www.irf-europa.com\\\/pt-br\\\/\",\"url\":\"https:\\\/\\\/www.irf-europa.com\\\/pt-br\\\/\",\"name\":\"In\u00edcio - IRF Europa\",\"isPartOf\":{\"@id\":\"https:\\\/\\\/www.irf-europa.com\\\/pt-br\\\/#website\"},\"primaryImageOfPage\":{\"@id\":\"https:\\\/\\\/www.irf-europa.com\\\/pt-br\\\/#primaryimage\"},\"image\":{\"@id\":\"https:\\\/\\\/www.irf-europa.com\\\/pt-br\\\/#primaryimage\"},\"thumbnailUrl\":\"https:\\\/\\\/www.irf-europa.com\\\/wp-content\\\/uploads\\\/2022\\\/12\\\/HOME.jpg\",\"datePublished\":\"2023-05-26T20:51:18+00:00\",\"dateModified\":\"2023-11-13T08:43:33+00:00\",\"breadcrumb\":{\"@id\":\"https:\\\/\\\/www.irf-europa.com\\\/pt-br\\\/#breadcrumb\"},\"inLanguage\":\"pt-BR\",\"potentialAction\":[{\"@type\":\"ReadAction\",\"target\":[\"https:\\\/\\\/www.irf-europa.com\\\/pt-br\\\/\"]}]},{\"@type\":\"ImageObject\",\"inLanguage\":\"pt-BR\",\"@id\":\"https:\\\/\\\/www.irf-europa.com\\\/pt-br\\\/#primaryimage\",\"url\":\"https:\\\/\\\/www.irf-europa.com\\\/wp-content\\\/uploads\\\/2022\\\/12\\\/HOME.jpg\",\"contentUrl\":\"https:\\\/\\\/www.irf-europa.com\\\/wp-content\\\/uploads\\\/2022\\\/12\\\/HOME.jpg\"},{\"@type\":\"BreadcrumbList\",\"@id\":\"https:\\\/\\\/www.irf-europa.com\\\/pt-br\\\/#breadcrumb\",\"itemListElement\":[{\"@type\":\"ListItem\",\"position\":1,\"name\":\"Home\",\"item\":\"https:\\\/\\\/www.irf-europa.com\\\/pt-br\\\/\"},{\"@type\":\"ListItem\",\"position\":2,\"name\":\"In\u00edcio\"}]},{\"@type\":\"WebSite\",\"@id\":\"https:\\\/\\\/www.irf-europa.com\\\/pt-br\\\/#website\",\"url\":\"https:\\\/\\\/www.irf-europa.com\\\/pt-br\\\/\",\"name\":\"IRF Europa\",\"description\":\"Riparazione e manutenzione di forni per la fusione del vetro\",\"publisher\":{\"@id\":\"https:\\\/\\\/www.irf-europa.com\\\/pt-br\\\/#organization\"},\"potentialAction\":[{\"@type\":\"SearchAction\",\"target\":{\"@type\":\"EntryPoint\",\"urlTemplate\":\"https:\\\/\\\/www.irf-europa.com\\\/pt-br\\\/?s={search_term_string}\"},\"query-input\":{\"@type\":\"PropertyValueSpecification\",\"valueRequired\":true,\"valueName\":\"search_term_string\"}}],\"inLanguage\":\"pt-BR\"},{\"@type\":\"Organization\",\"@id\":\"https:\\\/\\\/www.irf-europa.com\\\/pt-br\\\/#organization\",\"name\":\"IRF Europa\",\"url\":\"https:\\\/\\\/www.irf-europa.com\\\/pt-br\\\/\",\"logo\":{\"@type\":\"ImageObject\",\"inLanguage\":\"pt-BR\",\"@id\":\"https:\\\/\\\/www.irf-europa.com\\\/pt-br\\\/#\\\/schema\\\/logo\\\/image\\\/\",\"url\":\"https:\\\/\\\/i0.wp.com\\\/www.irf-europa.com\\\/wp-content\\\/uploads\\\/2021\\\/10\\\/irf-europa.png?fit=752%2C248&ssl=1\",\"contentUrl\":\"https:\\\/\\\/i0.wp.com\\\/www.irf-europa.com\\\/wp-content\\\/uploads\\\/2021\\\/10\\\/irf-europa.png?fit=752%2C248&ssl=1\",\"width\":752,\"height\":248,\"caption\":\"IRF Europa\"},\"image\":{\"@id\":\"https:\\\/\\\/www.irf-europa.com\\\/pt-br\\\/#\\\/schema\\\/logo\\\/image\\\/\"},\"sameAs\":[\"https:\\\/\\\/www.linkedin.com\\\/company\\\/irf-europa-srl\\\/\"]}]}<\/script>\n<!-- \/ Yoast SEO plugin. -->","yoast_head_json":{"title":"In\u00edcio - IRF Europa","robots":{"index":"index","follow":"follow","max-snippet":"max-snippet:-1","max-image-preview":"max-image-preview:large","max-video-preview":"max-video-preview:-1"},"canonical":"https:\/\/www.irf-europa.com\/pt-br\/","og_locale":"pt_BR","og_type":"article","og_title":"In\u00edcio - IRF Europa","og_description":"IRF EUROPA A IRF \u00e9 uma empresa multinacional com experi\u00eancia em servi\u00e7os de refrat\u00e1rios completos para fornos de fus\u00e3o de&hellip;Read More...","og_url":"https:\/\/www.irf-europa.com\/pt-br\/","og_site_name":"IRF Europa","article_modified_time":"2023-11-13T08:43:33+00:00","og_image":[{"url":"https:\/\/www.irf-europa.com\/wp-content\/uploads\/2022\/12\/HOME.jpg","type":"","width":"","height":""}],"twitter_card":"summary_large_image","twitter_misc":{"Est. tempo de leitura":"1 minuto"},"schema":{"@context":"https:\/\/schema.org","@graph":[{"@type":"WebPage","@id":"https:\/\/www.irf-europa.com\/pt-br\/","url":"https:\/\/www.irf-europa.com\/pt-br\/","name":"In\u00edcio - IRF Europa","isPartOf":{"@id":"https:\/\/www.irf-europa.com\/pt-br\/#website"},"primaryImageOfPage":{"@id":"https:\/\/www.irf-europa.com\/pt-br\/#primaryimage"},"image":{"@id":"https:\/\/www.irf-europa.com\/pt-br\/#primaryimage"},"thumbnailUrl":"https:\/\/www.irf-europa.com\/wp-content\/uploads\/2022\/12\/HOME.jpg","datePublished":"2023-05-26T20:51:18+00:00","dateModified":"2023-11-13T08:43:33+00:00","breadcrumb":{"@id":"https:\/\/www.irf-europa.com\/pt-br\/#breadcrumb"},"inLanguage":"pt-BR","potentialAction":[{"@type":"ReadAction","target":["https:\/\/www.irf-europa.com\/pt-br\/"]}]},{"@type":"ImageObject","inLanguage":"pt-BR","@id":"https:\/\/www.irf-europa.com\/pt-br\/#primaryimage","url":"https:\/\/www.irf-europa.com\/wp-content\/uploads\/2022\/12\/HOME.jpg","contentUrl":"https:\/\/www.irf-europa.com\/wp-content\/uploads\/2022\/12\/HOME.jpg"},{"@type":"BreadcrumbList","@id":"https:\/\/www.irf-europa.com\/pt-br\/#breadcrumb","itemListElement":[{"@type":"ListItem","position":1,"name":"Home","item":"https:\/\/www.irf-europa.com\/pt-br\/"},{"@type":"ListItem","position":2,"name":"In\u00edcio"}]},{"@type":"WebSite","@id":"https:\/\/www.irf-europa.com\/pt-br\/#website","url":"https:\/\/www.irf-europa.com\/pt-br\/","name":"IRF Europa","description":"Riparazione e manutenzione di forni per la fusione del vetro","publisher":{"@id":"https:\/\/www.irf-europa.com\/pt-br\/#organization"},"potentialAction":[{"@type":"SearchAction","target":{"@type":"EntryPoint","urlTemplate":"https:\/\/www.irf-europa.com\/pt-br\/?s={search_term_string}"},"query-input":{"@type":"PropertyValueSpecification","valueRequired":true,"valueName":"search_term_string"}}],"inLanguage":"pt-BR"},{"@type":"Organization","@id":"https:\/\/www.irf-europa.com\/pt-br\/#organization","name":"IRF Europa","url":"https:\/\/www.irf-europa.com\/pt-br\/","logo":{"@type":"ImageObject","inLanguage":"pt-BR","@id":"https:\/\/www.irf-europa.com\/pt-br\/#\/schema\/logo\/image\/","url":"https:\/\/i0.wp.com\/www.irf-europa.com\/wp-content\/uploads\/2021\/10\/irf-europa.png?fit=752%2C248&ssl=1","contentUrl":"https:\/\/i0.wp.com\/www.irf-europa.com\/wp-content\/uploads\/2021\/10\/irf-europa.png?fit=752%2C248&ssl=1","width":752,"height":248,"caption":"IRF Europa"},"image":{"@id":"https:\/\/www.irf-europa.com\/pt-br\/#\/schema\/logo\/image\/"},"sameAs":["https:\/\/www.linkedin.com\/company\/irf-europa-srl\/"]}]}},"jetpack_sharing_enabled":true,"_links":{"self":[{"href":"https:\/\/www.irf-europa.com\/pt-br\/wp-json\/wp\/v2\/pages\/759","targetHints":{"allow":["GET"]}}],"collection":[{"href":"https:\/\/www.irf-europa.com\/pt-br\/wp-json\/wp\/v2\/pages"}],"about":[{"href":"https:\/\/www.irf-europa.com\/pt-br\/wp-json\/wp\/v2\/types\/page"}],"author":[{"embeddable":true,"href":"https:\/\/www.irf-europa.com\/pt-br\/wp-json\/wp\/v2\/users\/1"}],"replies":[{"embeddable":true,"href":"https:\/\/www.irf-europa.com\/pt-br\/wp-json\/wp\/v2\/comments?post=759"}],"version-history":[{"count":4,"href":"https:\/\/www.irf-europa.com\/pt-br\/wp-json\/wp\/v2\/pages\/759\/revisions"}],"predecessor-version":[{"id":986,"href":"https:\/\/www.irf-europa.com\/pt-br\/wp-json\/wp\/v2\/pages\/759\/revisions\/986"}],"wp:attachment":[{"href":"https:\/\/www.irf-europa.com\/pt-br\/wp-json\/wp\/v2\/media?parent=759"}],"curies":[{"name":"wp","href":"https:\/\/api.w.org\/{rel}","templated":true}]}}