{"id":763,"date":"2023-05-26T22:51:35","date_gmt":"2023-05-26T20:51:35","guid":{"rendered":"https:\/\/www.irf-europa.com\/quem-somos\/"},"modified":"2023-08-31T14:29:57","modified_gmt":"2023-08-31T12:29:57","slug":"quem-somos","status":"publish","type":"page","link":"https:\/\/www.irf-europa.com\/pt-br\/quem-somos\/","title":{"rendered":"Quem somos"},"content":{"rendered":"\n<p>A IRF foi fundada em 1990 como uma empresa especializada em solda cer\u00e2mica, composta por pessoal com d\u00e9cadas de experi\u00eancia na gest\u00e3o de fornos de vidro. Ao longo dos anos, o investimento constante em recursos humanos e m\u00e9todos operacionais permitiu uma expans\u00e3o significativa dos servi\u00e7os oferecidos. Os clientes que confiam na IRF s\u00e3o excel\u00eancia no setor vidreiro que buscam um servi\u00e7o de alta qualidade suportado por uma s\u00f3lida parceria.<\/p>\n\n\n\n<p>Com tr\u00eas sedes na Europa e uma na Am\u00e9rica do Sul, a IRF \u00e9 um parceiro confi\u00e1vel para todos os servi\u00e7os de manuten\u00e7\u00e3o e reparo a quente no mundo do vidro.<\/p>\n\n\n\n<h2 class=\"wp-block-heading h3 underline mt-5 mb-4\"><strong><strong>Nossos valores<\/strong><\/strong><\/h2>\n\n\n\n<div class=\"wp-block-columns is-layout-flex wp-container-core-columns-is-layout-9d6595d7 wp-block-columns-is-layout-flex\">\n<div class=\"wp-block-column is-layout-flow wp-block-column-is-layout-flow\">\n<figure class=\"wp-block-image size-large is-resized\"><img loading=\"lazy\" decoding=\"async\" src=\"https:\/\/www.irf-europa.com\/wp-content\/uploads\/2022\/03\/secure-shield.svg\" alt=\"\" class=\"wp-image-259\" style=\"width:70px;height:70px\" width=\"70\" height=\"70\"\/><\/figure>\n\n\n\n<p>Seguran\u00e7a intransigente: uma equipe interna dedicada avalia cuidadosamente todos os aspectos de risco de cada interven\u00e7\u00e3o para garantir sua execu\u00e7\u00e3o segura<\/p>\n<\/div>\n\n\n\n<div class=\"wp-block-column is-layout-flow wp-block-column-is-layout-flow\">\n<figure class=\"wp-block-image size-large is-resized\"><img loading=\"lazy\" decoding=\"async\" src=\"https:\/\/www.irf-europa.com\/wp-content\/uploads\/2022\/03\/handshake.svg\" alt=\"\" class=\"wp-image-255\" style=\"width:70px;height:70px\" width=\"70\" height=\"70\"\/><\/figure>\n\n\n\n<p>True Consulting Relationship: gra\u00e7as a anos de experi\u00eancia internacional, a consultoria IRF est\u00e1 sempre voltada para atingir o objetivo do cliente com as melhores solu\u00e7\u00f5es, assessorando e apoiando-o nas atividades e decis\u00f5es operacionais<\/p>\n<\/div>\n<\/div>\n\n\n\n<div class=\"wp-block-columns mb-5 is-layout-flex wp-container-core-columns-is-layout-9d6595d7 wp-block-columns-is-layout-flex\">\n<div class=\"wp-block-column is-layout-flow wp-block-column-is-layout-flow\">\n<figure class=\"wp-block-image size-large is-resized\"><img loading=\"lazy\" decoding=\"async\" src=\"https:\/\/www.irf-europa.com\/wp-content\/uploads\/2022\/03\/technical-support.svg\" alt=\"\" class=\"wp-image-263\" style=\"width:70px;height:70px\" width=\"70\" height=\"70\"\/><\/figure>\n\n\n\n<p>Flexibilidade e rapidez de resposta: estudamos solu\u00e7\u00f5es para os problemas mais complexos e articulados. O foco do nosso servi\u00e7o \u00e9 reagir de forma r\u00e1pida, eficiente e eficaz, para permitir a plena opera\u00e7\u00e3o do cliente no menor tempo<\/p>\n<\/div>\n\n\n\n<div class=\"wp-block-column is-layout-flow wp-block-column-is-layout-flow\">\n<figure class=\"wp-block-image size-large is-resized\"><img loading=\"lazy\" decoding=\"async\" src=\"https:\/\/www.irf-europa.com\/wp-content\/uploads\/2022\/03\/winner.svg\" alt=\"\" class=\"wp-image-267\" style=\"width:70px;height:70px\" width=\"70\" height=\"70\"\/><\/figure>\n\n\n\n<p>Qualidade e profissionalismo: gra\u00e7as a uma equipe altamente qualificada, engenheiros com muitos anos de experi\u00eancia internacional no setor e equipamentos espec\u00edficos para reparos quentes.<\/p>\n<\/div>\n<\/div>\n\n\n\n<div class=\"wp-block-columns is-layout-flex wp-container-core-columns-is-layout-9d6595d7 wp-block-columns-is-layout-flex\">\n<div class=\"wp-block-column is-layout-flow wp-block-column-is-layout-flow\" style=\"flex-basis:66.66%\">\n<iframe src=\"https:\/\/www.google.com\/maps\/embed?pb=!4v1647518994813!6m8!1m7!1sGx5cmHNeu3vZ0_XnqOq9Pg!2m2!1d45.6093356651653!2d12.2634156138094!3f343.5238!4f0!5f0.7820865974627469\" style=\"border:0; width: 100%;\" allowfullscreen=\"\" loading=\"lazy\" width=\"600\" height=\"450\"><\/iframe>\n<\/div>\n\n\n\n<div class=\"wp-block-column is-layout-flow wp-block-column-is-layout-flow\" style=\"flex-basis:33.33%\">\n<h2 class=\"wp-block-heading h3 underline mt-0 mb-4\"><strong>Nossas certifica\u00e7\u00f5es<\/strong><\/h2>\n\n\n\n<figure class=\"wp-block-image size-full is-resized\"><img data-recalc-dims=\"1\" loading=\"lazy\" decoding=\"async\" src=\"https:\/\/i0.wp.com\/www.irf-europa.com\/wp-content\/uploads\/2021\/10\/BV-ISO_9001.jpg?resize=280%2C152&#038;ssl=1\" alt=\"\" class=\"wp-image-47\" style=\"width:280px;height:152px\" width=\"280\" height=\"152\"\/><\/figure>\n\n\n\n<figure class=\"wp-block-image size-large is-resized\"><img data-recalc-dims=\"1\" loading=\"lazy\" decoding=\"async\" src=\"https:\/\/i0.wp.com\/www.irf-europa.com\/wp-content\/uploads\/2021\/10\/image.png?resize=278%2C185&#038;ssl=1\" alt=\"\" class=\"wp-image-48\" style=\"width:278px;height:185px\" width=\"278\" height=\"185\" srcset=\"https:\/\/i0.wp.com\/www.irf-europa.com\/wp-content\/uploads\/2021\/10\/image.png?resize=1110%2C740&amp;ssl=1 1110w, https:\/\/i0.wp.com\/www.irf-europa.com\/wp-content\/uploads\/2021\/10\/image.png?resize=730%2C486&amp;ssl=1 730w, https:\/\/i0.wp.com\/www.irf-europa.com\/wp-content\/uploads\/2021\/10\/image.png?resize=768%2C512&amp;ssl=1 768w, https:\/\/i0.wp.com\/www.irf-europa.com\/wp-content\/uploads\/2021\/10\/image.png?w=1205&amp;ssl=1 1205w\" sizes=\"auto, (max-width: 278px) 100vw, 278px\" \/><\/figure>\n<\/div>\n<\/div>\n","protected":false},"excerpt":{"rendered":"<p>A IRF foi fundada em 1990 como uma empresa especializada em solda cer\u00e2mica, composta por pessoal com d\u00e9cadas de experi\u00eancia&hellip;<\/p>\n<p><a class=\"btn btn-dark btn-sm websoup-read-more-link\" href=\"https:\/\/www.irf-europa.com\/pt-br\/quem-somos\/\">Read More&#8230;<\/a><\/p>\n","protected":false},"author":1,"featured_media":0,"parent":0,"menu_order":0,"comment_status":"closed","ping_status":"closed","template":"","meta":{"inline_featured_image":false,"footnotes":""},"class_list":["post-763","page","type-page","status-publish","hentry"],"yoast_head":"<!-- This site is optimized with the Yoast SEO plugin v27.5 - https:\/\/yoast.com\/product\/yoast-seo-wordpress\/ -->\n<title>Quem somos - IRF Europa<\/title>\n<meta name=\"robots\" content=\"index, follow, max-snippet:-1, max-image-preview:large, max-video-preview:-1\" \/>\n<link rel=\"canonical\" href=\"https:\/\/www.irf-europa.com\/pt-br\/quem-somos\/\" \/>\n<meta property=\"og:locale\" content=\"pt_BR\" \/>\n<meta property=\"og:type\" content=\"article\" \/>\n<meta property=\"og:title\" content=\"Quem somos - IRF Europa\" \/>\n<meta property=\"og:description\" content=\"A IRF foi fundada em 1990 como uma empresa especializada em solda cer\u00e2mica, composta por pessoal com d\u00e9cadas de experi\u00eancia&hellip;Read More...\" \/>\n<meta property=\"og:url\" content=\"https:\/\/www.irf-europa.com\/pt-br\/quem-somos\/\" \/>\n<meta property=\"og:site_name\" content=\"IRF Europa\" \/>\n<meta property=\"article:modified_time\" content=\"2023-08-31T12:29:57+00:00\" \/>\n<meta property=\"og:image\" content=\"https:\/\/www.irf-europa.com\/wp-content\/uploads\/2022\/03\/secure-shield.svg\" \/>\n<meta name=\"twitter:card\" content=\"summary_large_image\" \/>\n<meta name=\"twitter:label1\" content=\"Est. tempo de leitura\" \/>\n\t<meta name=\"twitter:data1\" content=\"1 minuto\" \/>\n<script type=\"application\/ld+json\" class=\"yoast-schema-graph\">{\"@context\":\"https:\\\/\\\/schema.org\",\"@graph\":[{\"@type\":\"WebPage\",\"@id\":\"https:\\\/\\\/www.irf-europa.com\\\/pt-br\\\/quem-somos\\\/\",\"url\":\"https:\\\/\\\/www.irf-europa.com\\\/pt-br\\\/quem-somos\\\/\",\"name\":\"Quem somos - IRF Europa\",\"isPartOf\":{\"@id\":\"https:\\\/\\\/www.irf-europa.com\\\/pt-br\\\/#website\"},\"primaryImageOfPage\":{\"@id\":\"https:\\\/\\\/www.irf-europa.com\\\/pt-br\\\/quem-somos\\\/#primaryimage\"},\"image\":{\"@id\":\"https:\\\/\\\/www.irf-europa.com\\\/pt-br\\\/quem-somos\\\/#primaryimage\"},\"thumbnailUrl\":\"https:\\\/\\\/www.irf-europa.com\\\/wp-content\\\/uploads\\\/2022\\\/03\\\/secure-shield.svg\",\"datePublished\":\"2023-05-26T20:51:35+00:00\",\"dateModified\":\"2023-08-31T12:29:57+00:00\",\"breadcrumb\":{\"@id\":\"https:\\\/\\\/www.irf-europa.com\\\/pt-br\\\/quem-somos\\\/#breadcrumb\"},\"inLanguage\":\"pt-BR\",\"potentialAction\":[{\"@type\":\"ReadAction\",\"target\":[\"https:\\\/\\\/www.irf-europa.com\\\/pt-br\\\/quem-somos\\\/\"]}]},{\"@type\":\"ImageObject\",\"inLanguage\":\"pt-BR\",\"@id\":\"https:\\\/\\\/www.irf-europa.com\\\/pt-br\\\/quem-somos\\\/#primaryimage\",\"url\":\"https:\\\/\\\/www.irf-europa.com\\\/wp-content\\\/uploads\\\/2022\\\/03\\\/secure-shield.svg\",\"contentUrl\":\"https:\\\/\\\/www.irf-europa.com\\\/wp-content\\\/uploads\\\/2022\\\/03\\\/secure-shield.svg\"},{\"@type\":\"BreadcrumbList\",\"@id\":\"https:\\\/\\\/www.irf-europa.com\\\/pt-br\\\/quem-somos\\\/#breadcrumb\",\"itemListElement\":[{\"@type\":\"ListItem\",\"position\":1,\"name\":\"Home\",\"item\":\"https:\\\/\\\/www.irf-europa.com\\\/pt-br\\\/\"},{\"@type\":\"ListItem\",\"position\":2,\"name\":\"Quem somos\"}]},{\"@type\":\"WebSite\",\"@id\":\"https:\\\/\\\/www.irf-europa.com\\\/pt-br\\\/#website\",\"url\":\"https:\\\/\\\/www.irf-europa.com\\\/pt-br\\\/\",\"name\":\"IRF Europa\",\"description\":\"Riparazione e manutenzione di forni per la fusione del vetro\",\"publisher\":{\"@id\":\"https:\\\/\\\/www.irf-europa.com\\\/pt-br\\\/#organization\"},\"potentialAction\":[{\"@type\":\"SearchAction\",\"target\":{\"@type\":\"EntryPoint\",\"urlTemplate\":\"https:\\\/\\\/www.irf-europa.com\\\/pt-br\\\/?s={search_term_string}\"},\"query-input\":{\"@type\":\"PropertyValueSpecification\",\"valueRequired\":true,\"valueName\":\"search_term_string\"}}],\"inLanguage\":\"pt-BR\"},{\"@type\":\"Organization\",\"@id\":\"https:\\\/\\\/www.irf-europa.com\\\/pt-br\\\/#organization\",\"name\":\"IRF Europa\",\"url\":\"https:\\\/\\\/www.irf-europa.com\\\/pt-br\\\/\",\"logo\":{\"@type\":\"ImageObject\",\"inLanguage\":\"pt-BR\",\"@id\":\"https:\\\/\\\/www.irf-europa.com\\\/pt-br\\\/#\\\/schema\\\/logo\\\/image\\\/\",\"url\":\"https:\\\/\\\/i0.wp.com\\\/www.irf-europa.com\\\/wp-content\\\/uploads\\\/2021\\\/10\\\/irf-europa.png?fit=752%2C248&ssl=1\",\"contentUrl\":\"https:\\\/\\\/i0.wp.com\\\/www.irf-europa.com\\\/wp-content\\\/uploads\\\/2021\\\/10\\\/irf-europa.png?fit=752%2C248&ssl=1\",\"width\":752,\"height\":248,\"caption\":\"IRF Europa\"},\"image\":{\"@id\":\"https:\\\/\\\/www.irf-europa.com\\\/pt-br\\\/#\\\/schema\\\/logo\\\/image\\\/\"},\"sameAs\":[\"https:\\\/\\\/www.linkedin.com\\\/company\\\/irf-europa-srl\\\/\"]}]}<\/script>\n<!-- \/ Yoast SEO plugin. -->","yoast_head_json":{"title":"Quem somos - IRF Europa","robots":{"index":"index","follow":"follow","max-snippet":"max-snippet:-1","max-image-preview":"max-image-preview:large","max-video-preview":"max-video-preview:-1"},"canonical":"https:\/\/www.irf-europa.com\/pt-br\/quem-somos\/","og_locale":"pt_BR","og_type":"article","og_title":"Quem somos - IRF Europa","og_description":"A IRF foi fundada em 1990 como uma empresa especializada em solda cer\u00e2mica, composta por pessoal com d\u00e9cadas de experi\u00eancia&hellip;Read More...","og_url":"https:\/\/www.irf-europa.com\/pt-br\/quem-somos\/","og_site_name":"IRF Europa","article_modified_time":"2023-08-31T12:29:57+00:00","og_image":[{"url":"https:\/\/www.irf-europa.com\/wp-content\/uploads\/2022\/03\/secure-shield.svg","type":"","width":"","height":""}],"twitter_card":"summary_large_image","twitter_misc":{"Est. tempo de leitura":"1 minuto"},"schema":{"@context":"https:\/\/schema.org","@graph":[{"@type":"WebPage","@id":"https:\/\/www.irf-europa.com\/pt-br\/quem-somos\/","url":"https:\/\/www.irf-europa.com\/pt-br\/quem-somos\/","name":"Quem somos - IRF Europa","isPartOf":{"@id":"https:\/\/www.irf-europa.com\/pt-br\/#website"},"primaryImageOfPage":{"@id":"https:\/\/www.irf-europa.com\/pt-br\/quem-somos\/#primaryimage"},"image":{"@id":"https:\/\/www.irf-europa.com\/pt-br\/quem-somos\/#primaryimage"},"thumbnailUrl":"https:\/\/www.irf-europa.com\/wp-content\/uploads\/2022\/03\/secure-shield.svg","datePublished":"2023-05-26T20:51:35+00:00","dateModified":"2023-08-31T12:29:57+00:00","breadcrumb":{"@id":"https:\/\/www.irf-europa.com\/pt-br\/quem-somos\/#breadcrumb"},"inLanguage":"pt-BR","potentialAction":[{"@type":"ReadAction","target":["https:\/\/www.irf-europa.com\/pt-br\/quem-somos\/"]}]},{"@type":"ImageObject","inLanguage":"pt-BR","@id":"https:\/\/www.irf-europa.com\/pt-br\/quem-somos\/#primaryimage","url":"https:\/\/www.irf-europa.com\/wp-content\/uploads\/2022\/03\/secure-shield.svg","contentUrl":"https:\/\/www.irf-europa.com\/wp-content\/uploads\/2022\/03\/secure-shield.svg"},{"@type":"BreadcrumbList","@id":"https:\/\/www.irf-europa.com\/pt-br\/quem-somos\/#breadcrumb","itemListElement":[{"@type":"ListItem","position":1,"name":"Home","item":"https:\/\/www.irf-europa.com\/pt-br\/"},{"@type":"ListItem","position":2,"name":"Quem somos"}]},{"@type":"WebSite","@id":"https:\/\/www.irf-europa.com\/pt-br\/#website","url":"https:\/\/www.irf-europa.com\/pt-br\/","name":"IRF Europa","description":"Riparazione e manutenzione di forni per la fusione del vetro","publisher":{"@id":"https:\/\/www.irf-europa.com\/pt-br\/#organization"},"potentialAction":[{"@type":"SearchAction","target":{"@type":"EntryPoint","urlTemplate":"https:\/\/www.irf-europa.com\/pt-br\/?s={search_term_string}"},"query-input":{"@type":"PropertyValueSpecification","valueRequired":true,"valueName":"search_term_string"}}],"inLanguage":"pt-BR"},{"@type":"Organization","@id":"https:\/\/www.irf-europa.com\/pt-br\/#organization","name":"IRF Europa","url":"https:\/\/www.irf-europa.com\/pt-br\/","logo":{"@type":"ImageObject","inLanguage":"pt-BR","@id":"https:\/\/www.irf-europa.com\/pt-br\/#\/schema\/logo\/image\/","url":"https:\/\/i0.wp.com\/www.irf-europa.com\/wp-content\/uploads\/2021\/10\/irf-europa.png?fit=752%2C248&ssl=1","contentUrl":"https:\/\/i0.wp.com\/www.irf-europa.com\/wp-content\/uploads\/2021\/10\/irf-europa.png?fit=752%2C248&ssl=1","width":752,"height":248,"caption":"IRF Europa"},"image":{"@id":"https:\/\/www.irf-europa.com\/pt-br\/#\/schema\/logo\/image\/"},"sameAs":["https:\/\/www.linkedin.com\/company\/irf-europa-srl\/"]}]}},"jetpack_sharing_enabled":true,"_links":{"self":[{"href":"https:\/\/www.irf-europa.com\/pt-br\/wp-json\/wp\/v2\/pages\/763","targetHints":{"allow":["GET"]}}],"collection":[{"href":"https:\/\/www.irf-europa.com\/pt-br\/wp-json\/wp\/v2\/pages"}],"about":[{"href":"https:\/\/www.irf-europa.com\/pt-br\/wp-json\/wp\/v2\/types\/page"}],"author":[{"embeddable":true,"href":"https:\/\/www.irf-europa.com\/pt-br\/wp-json\/wp\/v2\/users\/1"}],"replies":[{"embeddable":true,"href":"https:\/\/www.irf-europa.com\/pt-br\/wp-json\/wp\/v2\/comments?post=763"}],"version-history":[{"count":3,"href":"https:\/\/www.irf-europa.com\/pt-br\/wp-json\/wp\/v2\/pages\/763\/revisions"}],"predecessor-version":[{"id":898,"href":"https:\/\/www.irf-europa.com\/pt-br\/wp-json\/wp\/v2\/pages\/763\/revisions\/898"}],"wp:attachment":[{"href":"https:\/\/www.irf-europa.com\/pt-br\/wp-json\/wp\/v2\/media?parent=763"}],"curies":[{"name":"wp","href":"https:\/\/api.w.org\/{rel}","templated":true}]}}