{"id":771,"date":"2023-05-26T22:52:11","date_gmt":"2023-05-26T20:52:11","guid":{"rendered":"https:\/\/www.irf-europa.com\/servicos\/oficina-de-aco\/"},"modified":"2023-10-10T17:31:22","modified_gmt":"2023-10-10T15:31:22","slug":"oficina-de-serralheria","status":"publish","type":"page","link":"https:\/\/www.irf-europa.com\/pt-br\/servicos\/oficina-de-serralheria\/","title":{"rendered":"OFICINA DE SERRALHERIA"},"content":{"rendered":"\n<div class=\"wp-block-group bglightgrey py-5\"><div class=\"wp-block-group__inner-container is-layout-flow wp-block-group-is-layout-flow\">\n<div class=\"wp-block-group container\"><div class=\"wp-block-group__inner-container is-layout-flow wp-block-group-is-layout-flow\">\n<h1 class=\"wp-block-heading has-text-align-center mb-4\">OFICINA DE SERRALHERIA<\/h1>\n\n\n\n<p class=\"has-text-align-center\">Com o objetivo de oferecer um atendimento cada vez mais r\u00e1pido e pontual aos seus clientes, a IRF est\u00e1 equipada com uma oficina de serralheria. Este departamento emprega pessoal operacional encarregado da produ\u00e7\u00e3o e instala\u00e7\u00e3o de artefatos para opera\u00e7\u00f5es de reparo, reconstru\u00e7\u00f5es e novos projetos. Tamb\u00e9m produz internamente todos os equipamentos ad-hoc para as interven\u00e7\u00f5es.<br>Um escrit\u00f3rio t\u00e9cnico interno deve projetar e auxiliar no comissionamento, desenvolvimento e instala\u00e7\u00e3o de ordens de produ\u00e7\u00e3o, incluindo relat\u00f3rios de c\u00e1lculo estrutural, quando necess\u00e1rio.<br>A IRF Europa \u00e9 certificada EN 1090 \u2013 ISO 3834 possui soldadores qualificados para o processamento e transforma\u00e7\u00e3o de todos os a\u00e7os e outras ligas.<\/p>\n<\/div><\/div>\n<\/div><\/div>\n\n\n\n<div class=\"wp-block-group container py-5\"><div class=\"wp-block-group__inner-container is-layout-flow wp-block-group-is-layout-flow\">\n<div class=\"wp-block-jetpack-tiled-gallery aligncenter is-style-square\"><div class=\"tiled-gallery__gallery\"><div class=\"tiled-gallery__row columns-8\"><div class=\"tiled-gallery__col\"><figure class=\"tiled-gallery__item\"><a href=\"https:\/\/i0.wp.com\/www.irf-europa.com\/wp-content\/uploads\/2022\/12\/orange.jpg?ssl=1\" data-lbwps-width=\"1600\" data-lbwps-height=\"738\" data-lbwps-srcsmall=\"https:\/\/www.irf-europa.com\/wp-content\/uploads\/2022\/12\/orange-730x337.jpg\"><img decoding=\"async\" srcset=\"https:\/\/i2.wp.com\/www.irf-europa.com\/wp-content\/uploads\/2022\/12\/orange-1110x512.jpg?resize=600%2C600&#038;strip=info&#038;ssl=1 600w,https:\/\/i2.wp.com\/www.irf-europa.com\/wp-content\/uploads\/2022\/12\/orange-1110x512.jpg?resize=738%2C738&#038;strip=info&#038;ssl=1 738w\" alt=\"\" data-height=\"738\" data-id=\"402\" data-link=\"https:\/\/www.irf-europa.com\/servizi\/steel-dpt\/orange\/\" data-url=\"https:\/\/www.irf-europa.com\/wp-content\/uploads\/2022\/12\/orange-1110x512.jpg\" data-width=\"1600\" src=\"https:\/\/i2.wp.com\/www.irf-europa.com\/wp-content\/uploads\/2022\/12\/orange-1110x512.jpg?ssl=1&amp;resize=738%2C738\" data-amp-layout=\"responsive\"\/><\/a><\/figure><\/div><div class=\"tiled-gallery__col\"><figure class=\"tiled-gallery__item\"><a href=\"https:\/\/i0.wp.com\/www.irf-europa.com\/wp-content\/uploads\/2022\/12\/Immagine11.jpg?ssl=1\" data-lbwps-width=\"661\" data-lbwps-height=\"498\" data-lbwps-srcsmall=\"https:\/\/www.irf-europa.com\/wp-content\/uploads\/2022\/12\/Immagine11.jpg\"><img decoding=\"async\" srcset=\"https:\/\/i2.wp.com\/www.irf-europa.com\/wp-content\/uploads\/2022\/12\/Immagine11.jpg?resize=498%2C498&#038;strip=info&#038;ssl=1 498w\" alt=\"\" data-height=\"498\" data-id=\"406\" data-link=\"https:\/\/www.irf-europa.com\/servizi\/steel-dpt\/immagine11\/\" data-url=\"https:\/\/www.irf-europa.com\/wp-content\/uploads\/2022\/12\/Immagine11.jpg\" data-width=\"661\" src=\"https:\/\/i2.wp.com\/www.irf-europa.com\/wp-content\/uploads\/2022\/12\/Immagine11.jpg?ssl=1&amp;resize=498%2C498\" data-amp-layout=\"responsive\"\/><\/a><\/figure><\/div><div class=\"tiled-gallery__col\"><figure class=\"tiled-gallery__item\"><a href=\"https:\/\/i0.wp.com\/www.irf-europa.com\/wp-content\/uploads\/2022\/12\/IMG_6847-24-05-19-13-35.jpg?ssl=1\" data-lbwps-width=\"1024\" data-lbwps-height=\"768\" data-lbwps-srcsmall=\"https:\/\/www.irf-europa.com\/wp-content\/uploads\/2022\/12\/IMG_6847-24-05-19-13-35-730x548.jpg\"><img decoding=\"async\" srcset=\"https:\/\/i0.wp.com\/www.irf-europa.com\/wp-content\/uploads\/2022\/12\/IMG_6847-24-05-19-13-35.jpg?resize=600%2C600&#038;strip=info&#038;ssl=1 600w,https:\/\/i0.wp.com\/www.irf-europa.com\/wp-content\/uploads\/2022\/12\/IMG_6847-24-05-19-13-35.jpg?resize=768%2C768&#038;strip=info&#038;ssl=1 768w\" alt=\"\" data-height=\"768\" data-id=\"410\" data-link=\"https:\/\/www.irf-europa.com\/servizi\/steel-dpt\/img_6847-24-05-19-13-35\/\" data-url=\"https:\/\/www.irf-europa.com\/wp-content\/uploads\/2022\/12\/IMG_6847-24-05-19-13-35.jpg\" data-width=\"1024\" src=\"https:\/\/i0.wp.com\/www.irf-europa.com\/wp-content\/uploads\/2022\/12\/IMG_6847-24-05-19-13-35.jpg?ssl=1&amp;resize=768%2C768\" data-amp-layout=\"responsive\"\/><\/a><\/figure><\/div><div class=\"tiled-gallery__col\"><figure class=\"tiled-gallery__item\"><a href=\"https:\/\/i0.wp.com\/www.irf-europa.com\/wp-content\/uploads\/2022\/12\/IMG_20220310_210715.jpg?ssl=1\" data-lbwps-width=\"1440\" data-lbwps-height=\"1920\" data-lbwps-srcsmall=\"https:\/\/www.irf-europa.com\/wp-content\/uploads\/2022\/12\/IMG_20220310_210715-525x700.jpg\"><img decoding=\"async\" srcset=\"https:\/\/i2.wp.com\/www.irf-europa.com\/wp-content\/uploads\/2022\/12\/IMG_20220310_210715-768x1024.jpg?resize=600%2C600&#038;strip=info&#038;ssl=1 600w,https:\/\/i2.wp.com\/www.irf-europa.com\/wp-content\/uploads\/2022\/12\/IMG_20220310_210715-768x1024.jpg?resize=900%2C900&#038;strip=info&#038;ssl=1 900w,https:\/\/i2.wp.com\/www.irf-europa.com\/wp-content\/uploads\/2022\/12\/IMG_20220310_210715-768x1024.jpg?resize=1200%2C1200&#038;strip=info&#038;ssl=1 1200w,https:\/\/i2.wp.com\/www.irf-europa.com\/wp-content\/uploads\/2022\/12\/IMG_20220310_210715-768x1024.jpg?resize=1440%2C1440&#038;strip=info&#038;ssl=1 1440w\" alt=\"\" data-height=\"1920\" data-id=\"414\" data-link=\"https:\/\/www.irf-europa.com\/servizi\/steel-dpt\/img_20220310_210715\/\" data-url=\"https:\/\/www.irf-europa.com\/wp-content\/uploads\/2022\/12\/IMG_20220310_210715-768x1024.jpg\" data-width=\"1440\" src=\"https:\/\/i2.wp.com\/www.irf-europa.com\/wp-content\/uploads\/2022\/12\/IMG_20220310_210715-768x1024.jpg?ssl=1&amp;resize=1440%2C1440\" data-amp-layout=\"responsive\"\/><\/a><\/figure><\/div><div class=\"tiled-gallery__col\"><figure class=\"tiled-gallery__item\"><a href=\"https:\/\/i0.wp.com\/www.irf-europa.com\/wp-content\/uploads\/2022\/12\/IMG-20220707-WA0008.jpg?ssl=1\" data-lbwps-width=\"1599\" data-lbwps-height=\"738\" data-lbwps-srcsmall=\"https:\/\/www.irf-europa.com\/wp-content\/uploads\/2022\/12\/IMG-20220707-WA0008-730x337.jpg\"><img decoding=\"async\" srcset=\"https:\/\/i0.wp.com\/www.irf-europa.com\/wp-content\/uploads\/2022\/12\/IMG-20220707-WA0008-1110x512.jpg?resize=600%2C600&#038;strip=info&#038;ssl=1 600w,https:\/\/i0.wp.com\/www.irf-europa.com\/wp-content\/uploads\/2022\/12\/IMG-20220707-WA0008-1110x512.jpg?resize=738%2C738&#038;strip=info&#038;ssl=1 738w\" alt=\"\" data-height=\"738\" data-id=\"418\" data-link=\"https:\/\/www.irf-europa.com\/servizi\/steel-dpt\/img-20220707-wa0008\/\" data-url=\"https:\/\/www.irf-europa.com\/wp-content\/uploads\/2022\/12\/IMG-20220707-WA0008-1110x512.jpg\" data-width=\"1599\" src=\"https:\/\/i0.wp.com\/www.irf-europa.com\/wp-content\/uploads\/2022\/12\/IMG-20220707-WA0008-1110x512.jpg?ssl=1&amp;resize=738%2C738\" data-amp-layout=\"responsive\"\/><\/a><\/figure><\/div><div class=\"tiled-gallery__col\"><figure class=\"tiled-gallery__item\"><a href=\"https:\/\/i0.wp.com\/www.irf-europa.com\/wp-content\/uploads\/2022\/12\/IMG-20220126-WA0009.jpeg?ssl=1\" data-lbwps-width=\"1920\" data-lbwps-height=\"1080\" data-lbwps-srcsmall=\"https:\/\/www.irf-europa.com\/wp-content\/uploads\/2022\/12\/IMG-20220126-WA0009-730x411.jpeg\"><img decoding=\"async\" srcset=\"https:\/\/i0.wp.com\/www.irf-europa.com\/wp-content\/uploads\/2022\/12\/IMG-20220126-WA0009-1110x624.jpeg?resize=600%2C600&#038;strip=info&#038;ssl=1 600w,https:\/\/i0.wp.com\/www.irf-europa.com\/wp-content\/uploads\/2022\/12\/IMG-20220126-WA0009-1110x624.jpeg?resize=900%2C900&#038;strip=info&#038;ssl=1 900w,https:\/\/i0.wp.com\/www.irf-europa.com\/wp-content\/uploads\/2022\/12\/IMG-20220126-WA0009-1110x624.jpeg?resize=1080%2C1080&#038;strip=info&#038;ssl=1 1080w\" alt=\"\" data-height=\"1080\" data-id=\"422\" data-link=\"https:\/\/www.irf-europa.com\/servizi\/steel-dpt\/img-20220126-wa0009\/\" data-url=\"https:\/\/www.irf-europa.com\/wp-content\/uploads\/2022\/12\/IMG-20220126-WA0009-1110x624.jpeg\" data-width=\"1920\" src=\"https:\/\/i0.wp.com\/www.irf-europa.com\/wp-content\/uploads\/2022\/12\/IMG-20220126-WA0009-1110x624.jpeg?ssl=1&amp;resize=1080%2C1080\" data-amp-layout=\"responsive\"\/><\/a><\/figure><\/div><div class=\"tiled-gallery__col\"><figure class=\"tiled-gallery__item\"><a href=\"https:\/\/i0.wp.com\/www.irf-europa.com\/wp-content\/uploads\/2022\/12\/IMG-20200611-WA0004.jpg?ssl=1\" data-lbwps-width=\"1024\" data-lbwps-height=\"768\" data-lbwps-srcsmall=\"https:\/\/www.irf-europa.com\/wp-content\/uploads\/2022\/12\/IMG-20200611-WA0004-730x548.jpg\"><img decoding=\"async\" srcset=\"https:\/\/i2.wp.com\/www.irf-europa.com\/wp-content\/uploads\/2022\/12\/IMG-20200611-WA0004.jpg?resize=600%2C600&#038;strip=info&#038;ssl=1 600w,https:\/\/i2.wp.com\/www.irf-europa.com\/wp-content\/uploads\/2022\/12\/IMG-20200611-WA0004.jpg?resize=768%2C768&#038;strip=info&#038;ssl=1 768w\" alt=\"\" data-height=\"768\" data-id=\"426\" data-link=\"https:\/\/www.irf-europa.com\/servizi\/steel-dpt\/img-20200611-wa0004\/\" data-url=\"https:\/\/www.irf-europa.com\/wp-content\/uploads\/2022\/12\/IMG-20200611-WA0004.jpg\" data-width=\"1024\" src=\"https:\/\/i2.wp.com\/www.irf-europa.com\/wp-content\/uploads\/2022\/12\/IMG-20200611-WA0004.jpg?ssl=1&amp;resize=768%2C768\" data-amp-layout=\"responsive\"\/><\/a><\/figure><\/div><div class=\"tiled-gallery__col\"><figure class=\"tiled-gallery__item\"><a href=\"https:\/\/i0.wp.com\/www.irf-europa.com\/wp-content\/uploads\/2022\/12\/20201027_084447.jpg?ssl=1\" data-lbwps-width=\"1920\" data-lbwps-height=\"887\" data-lbwps-srcsmall=\"https:\/\/www.irf-europa.com\/wp-content\/uploads\/2022\/12\/20201027_084447-730x337.jpg\"><img decoding=\"async\" srcset=\"https:\/\/i1.wp.com\/www.irf-europa.com\/wp-content\/uploads\/2022\/12\/20201027_084447-1110x513.jpg?resize=600%2C600&#038;strip=info&#038;ssl=1 600w,https:\/\/i1.wp.com\/www.irf-europa.com\/wp-content\/uploads\/2022\/12\/20201027_084447-1110x513.jpg?resize=887%2C887&#038;strip=info&#038;ssl=1 887w\" alt=\"\" data-height=\"887\" data-id=\"430\" data-link=\"https:\/\/www.irf-europa.com\/servizi\/steel-dpt\/20201027_084447\/\" data-url=\"https:\/\/www.irf-europa.com\/wp-content\/uploads\/2022\/12\/20201027_084447-1110x513.jpg\" data-width=\"1920\" src=\"https:\/\/i1.wp.com\/www.irf-europa.com\/wp-content\/uploads\/2022\/12\/20201027_084447-1110x513.jpg?ssl=1&amp;resize=887%2C887\" data-amp-layout=\"responsive\"\/><\/a><\/figure><\/div><\/div><\/div><\/div>\n\n\n\n<div style=\"height:0.5rem\" aria-hidden=\"true\" class=\"wp-block-spacer\"><\/div>\n\n\n\n<div class=\"wp-block-columns my-5 is-layout-flex wp-container-core-columns-is-layout-9d6595d7 wp-block-columns-is-layout-flex\">\n<div class=\"wp-block-column is-layout-flow wp-block-column-is-layout-flow\">\n<h2 class=\"wp-block-heading underline h3\">Estruturas de a\u00e7o<\/h2>\n<\/div>\n\n\n\n<div class=\"wp-block-column is-layout-flow wp-block-column-is-layout-flow\">\n<ul class=\"wp-block-list\">\n<li>Camisa d\u2019\u00e1gua (water jacket) em a\u00e7o carbono e inox<\/li>\n\n\n\n<li>Lan\u00e7as e equipamentos refrigerados a \u00e1gua<\/li>\n\n\n\n<li>Passarelas, plataformas, escadas<\/li>\n\n\n\n<li>Sistemas de ventila\u00e7\u00e3o e circuitos de \u00e1gua<\/li>\n\n\n\n<li>Estruturas de suporte de carga em carpintaria pesada<\/li>\n\n\n\n<li>Estribo para i\u00e7amento de blocos refrat\u00e1rios<\/li>\n<\/ul>\n<\/div>\n<\/div>\n\n\n\n<p><\/p>\n<\/div><\/div>\n","protected":false},"excerpt":{"rendered":"<p>OFICINA DE SERRALHERIA Com o objetivo de oferecer um atendimento cada vez mais r\u00e1pido e pontual aos seus clientes, a&hellip;<\/p>\n<p><a class=\"btn btn-dark btn-sm websoup-read-more-link\" href=\"https:\/\/www.irf-europa.com\/pt-br\/servicos\/oficina-de-serralheria\/\">Read More&#8230;<\/a><\/p>\n","protected":false},"author":1,"featured_media":657,"parent":765,"menu_order":0,"comment_status":"closed","ping_status":"closed","template":"page-templates\/empty.php","meta":{"inline_featured_image":false,"footnotes":""},"class_list":["post-771","page","type-page","status-publish","has-post-thumbnail","hentry"],"yoast_head":"<!-- This site is optimized with the Yoast SEO plugin v27.5 - https:\/\/yoast.com\/product\/yoast-seo-wordpress\/ -->\n<title>OFICINA DE SERRALHERIA - IRF Europa<\/title>\n<meta name=\"robots\" content=\"index, follow, max-snippet:-1, max-image-preview:large, max-video-preview:-1\" \/>\n<link rel=\"canonical\" href=\"https:\/\/www.irf-europa.com\/pt-br\/servicos\/oficina-de-serralheria\/\" \/>\n<meta property=\"og:locale\" content=\"pt_BR\" \/>\n<meta property=\"og:type\" content=\"article\" \/>\n<meta property=\"og:title\" content=\"OFICINA DE SERRALHERIA - IRF Europa\" \/>\n<meta property=\"og:description\" content=\"OFICINA DE SERRALHERIA Com o objetivo de oferecer um atendimento cada vez mais r\u00e1pido e pontual aos seus clientes, a&hellip;Read More...\" \/>\n<meta property=\"og:url\" content=\"https:\/\/www.irf-europa.com\/pt-br\/servicos\/oficina-de-serralheria\/\" \/>\n<meta property=\"og:site_name\" content=\"IRF Europa\" \/>\n<meta property=\"article:modified_time\" content=\"2023-10-10T15:31:22+00:00\" \/>\n<meta property=\"og:image\" content=\"https:\/\/www.irf-europa.com\/wp-content\/uploads\/2021\/10\/steel-workshop.jpg\" \/>\n\t<meta property=\"og:image:width\" content=\"1920\" \/>\n\t<meta property=\"og:image:height\" content=\"1431\" \/>\n\t<meta property=\"og:image:type\" content=\"image\/jpeg\" \/>\n<meta name=\"twitter:card\" content=\"summary_large_image\" \/>\n<meta name=\"twitter:label1\" content=\"Est. tempo de leitura\" \/>\n\t<meta name=\"twitter:data1\" content=\"3 minutos\" \/>\n<script type=\"application\/ld+json\" class=\"yoast-schema-graph\">{\"@context\":\"https:\\\/\\\/schema.org\",\"@graph\":[{\"@type\":\"WebPage\",\"@id\":\"https:\\\/\\\/www.irf-europa.com\\\/pt-br\\\/servicos\\\/oficina-de-serralheria\\\/\",\"url\":\"https:\\\/\\\/www.irf-europa.com\\\/pt-br\\\/servicos\\\/oficina-de-serralheria\\\/\",\"name\":\"OFICINA DE SERRALHERIA - IRF Europa\",\"isPartOf\":{\"@id\":\"https:\\\/\\\/www.irf-europa.com\\\/pt-br\\\/#website\"},\"primaryImageOfPage\":{\"@id\":\"https:\\\/\\\/www.irf-europa.com\\\/pt-br\\\/servicos\\\/oficina-de-serralheria\\\/#primaryimage\"},\"image\":{\"@id\":\"https:\\\/\\\/www.irf-europa.com\\\/pt-br\\\/servicos\\\/oficina-de-serralheria\\\/#primaryimage\"},\"thumbnailUrl\":\"https:\\\/\\\/i0.wp.com\\\/www.irf-europa.com\\\/wp-content\\\/uploads\\\/2021\\\/10\\\/steel-workshop.jpg?fit=1920%2C1431&ssl=1\",\"datePublished\":\"2023-05-26T20:52:11+00:00\",\"dateModified\":\"2023-10-10T15:31:22+00:00\",\"breadcrumb\":{\"@id\":\"https:\\\/\\\/www.irf-europa.com\\\/pt-br\\\/servicos\\\/oficina-de-serralheria\\\/#breadcrumb\"},\"inLanguage\":\"pt-BR\",\"potentialAction\":[{\"@type\":\"ReadAction\",\"target\":[\"https:\\\/\\\/www.irf-europa.com\\\/pt-br\\\/servicos\\\/oficina-de-serralheria\\\/\"]}]},{\"@type\":\"ImageObject\",\"inLanguage\":\"pt-BR\",\"@id\":\"https:\\\/\\\/www.irf-europa.com\\\/pt-br\\\/servicos\\\/oficina-de-serralheria\\\/#primaryimage\",\"url\":\"https:\\\/\\\/i0.wp.com\\\/www.irf-europa.com\\\/wp-content\\\/uploads\\\/2021\\\/10\\\/steel-workshop.jpg?fit=1920%2C1431&ssl=1\",\"contentUrl\":\"https:\\\/\\\/i0.wp.com\\\/www.irf-europa.com\\\/wp-content\\\/uploads\\\/2021\\\/10\\\/steel-workshop.jpg?fit=1920%2C1431&ssl=1\",\"width\":1920,\"height\":1431},{\"@type\":\"BreadcrumbList\",\"@id\":\"https:\\\/\\\/www.irf-europa.com\\\/pt-br\\\/servicos\\\/oficina-de-serralheria\\\/#breadcrumb\",\"itemListElement\":[{\"@type\":\"ListItem\",\"position\":1,\"name\":\"Home\",\"item\":\"https:\\\/\\\/www.irf-europa.com\\\/pt-br\\\/\"},{\"@type\":\"ListItem\",\"position\":2,\"name\":\"Servi\u00e7os\",\"item\":\"https:\\\/\\\/www.irf-europa.com\\\/pt-br\\\/servicos\\\/?lang=pt-br\"},{\"@type\":\"ListItem\",\"position\":3,\"name\":\"OFICINA DE SERRALHERIA\"}]},{\"@type\":\"WebSite\",\"@id\":\"https:\\\/\\\/www.irf-europa.com\\\/pt-br\\\/#website\",\"url\":\"https:\\\/\\\/www.irf-europa.com\\\/pt-br\\\/\",\"name\":\"IRF Europa\",\"description\":\"Riparazione e manutenzione di forni per la fusione del vetro\",\"publisher\":{\"@id\":\"https:\\\/\\\/www.irf-europa.com\\\/pt-br\\\/#organization\"},\"potentialAction\":[{\"@type\":\"SearchAction\",\"target\":{\"@type\":\"EntryPoint\",\"urlTemplate\":\"https:\\\/\\\/www.irf-europa.com\\\/pt-br\\\/?s={search_term_string}\"},\"query-input\":{\"@type\":\"PropertyValueSpecification\",\"valueRequired\":true,\"valueName\":\"search_term_string\"}}],\"inLanguage\":\"pt-BR\"},{\"@type\":\"Organization\",\"@id\":\"https:\\\/\\\/www.irf-europa.com\\\/pt-br\\\/#organization\",\"name\":\"IRF Europa\",\"url\":\"https:\\\/\\\/www.irf-europa.com\\\/pt-br\\\/\",\"logo\":{\"@type\":\"ImageObject\",\"inLanguage\":\"pt-BR\",\"@id\":\"https:\\\/\\\/www.irf-europa.com\\\/pt-br\\\/#\\\/schema\\\/logo\\\/image\\\/\",\"url\":\"https:\\\/\\\/i0.wp.com\\\/www.irf-europa.com\\\/wp-content\\\/uploads\\\/2021\\\/10\\\/irf-europa.png?fit=752%2C248&ssl=1\",\"contentUrl\":\"https:\\\/\\\/i0.wp.com\\\/www.irf-europa.com\\\/wp-content\\\/uploads\\\/2021\\\/10\\\/irf-europa.png?fit=752%2C248&ssl=1\",\"width\":752,\"height\":248,\"caption\":\"IRF Europa\"},\"image\":{\"@id\":\"https:\\\/\\\/www.irf-europa.com\\\/pt-br\\\/#\\\/schema\\\/logo\\\/image\\\/\"},\"sameAs\":[\"https:\\\/\\\/www.linkedin.com\\\/company\\\/irf-europa-srl\\\/\"]}]}<\/script>\n<!-- \/ Yoast SEO plugin. -->","yoast_head_json":{"title":"OFICINA DE SERRALHERIA - IRF Europa","robots":{"index":"index","follow":"follow","max-snippet":"max-snippet:-1","max-image-preview":"max-image-preview:large","max-video-preview":"max-video-preview:-1"},"canonical":"https:\/\/www.irf-europa.com\/pt-br\/servicos\/oficina-de-serralheria\/","og_locale":"pt_BR","og_type":"article","og_title":"OFICINA DE SERRALHERIA - IRF Europa","og_description":"OFICINA DE SERRALHERIA Com o objetivo de oferecer um atendimento cada vez mais r\u00e1pido e pontual aos seus clientes, a&hellip;Read More...","og_url":"https:\/\/www.irf-europa.com\/pt-br\/servicos\/oficina-de-serralheria\/","og_site_name":"IRF Europa","article_modified_time":"2023-10-10T15:31:22+00:00","og_image":[{"width":1920,"height":1431,"url":"https:\/\/www.irf-europa.com\/wp-content\/uploads\/2021\/10\/steel-workshop.jpg","type":"image\/jpeg"}],"twitter_card":"summary_large_image","twitter_misc":{"Est. tempo de leitura":"3 minutos"},"schema":{"@context":"https:\/\/schema.org","@graph":[{"@type":"WebPage","@id":"https:\/\/www.irf-europa.com\/pt-br\/servicos\/oficina-de-serralheria\/","url":"https:\/\/www.irf-europa.com\/pt-br\/servicos\/oficina-de-serralheria\/","name":"OFICINA DE SERRALHERIA - IRF Europa","isPartOf":{"@id":"https:\/\/www.irf-europa.com\/pt-br\/#website"},"primaryImageOfPage":{"@id":"https:\/\/www.irf-europa.com\/pt-br\/servicos\/oficina-de-serralheria\/#primaryimage"},"image":{"@id":"https:\/\/www.irf-europa.com\/pt-br\/servicos\/oficina-de-serralheria\/#primaryimage"},"thumbnailUrl":"https:\/\/i0.wp.com\/www.irf-europa.com\/wp-content\/uploads\/2021\/10\/steel-workshop.jpg?fit=1920%2C1431&ssl=1","datePublished":"2023-05-26T20:52:11+00:00","dateModified":"2023-10-10T15:31:22+00:00","breadcrumb":{"@id":"https:\/\/www.irf-europa.com\/pt-br\/servicos\/oficina-de-serralheria\/#breadcrumb"},"inLanguage":"pt-BR","potentialAction":[{"@type":"ReadAction","target":["https:\/\/www.irf-europa.com\/pt-br\/servicos\/oficina-de-serralheria\/"]}]},{"@type":"ImageObject","inLanguage":"pt-BR","@id":"https:\/\/www.irf-europa.com\/pt-br\/servicos\/oficina-de-serralheria\/#primaryimage","url":"https:\/\/i0.wp.com\/www.irf-europa.com\/wp-content\/uploads\/2021\/10\/steel-workshop.jpg?fit=1920%2C1431&ssl=1","contentUrl":"https:\/\/i0.wp.com\/www.irf-europa.com\/wp-content\/uploads\/2021\/10\/steel-workshop.jpg?fit=1920%2C1431&ssl=1","width":1920,"height":1431},{"@type":"BreadcrumbList","@id":"https:\/\/www.irf-europa.com\/pt-br\/servicos\/oficina-de-serralheria\/#breadcrumb","itemListElement":[{"@type":"ListItem","position":1,"name":"Home","item":"https:\/\/www.irf-europa.com\/pt-br\/"},{"@type":"ListItem","position":2,"name":"Servi\u00e7os","item":"https:\/\/www.irf-europa.com\/pt-br\/servicos\/?lang=pt-br"},{"@type":"ListItem","position":3,"name":"OFICINA DE SERRALHERIA"}]},{"@type":"WebSite","@id":"https:\/\/www.irf-europa.com\/pt-br\/#website","url":"https:\/\/www.irf-europa.com\/pt-br\/","name":"IRF Europa","description":"Riparazione e manutenzione di forni per la fusione del vetro","publisher":{"@id":"https:\/\/www.irf-europa.com\/pt-br\/#organization"},"potentialAction":[{"@type":"SearchAction","target":{"@type":"EntryPoint","urlTemplate":"https:\/\/www.irf-europa.com\/pt-br\/?s={search_term_string}"},"query-input":{"@type":"PropertyValueSpecification","valueRequired":true,"valueName":"search_term_string"}}],"inLanguage":"pt-BR"},{"@type":"Organization","@id":"https:\/\/www.irf-europa.com\/pt-br\/#organization","name":"IRF Europa","url":"https:\/\/www.irf-europa.com\/pt-br\/","logo":{"@type":"ImageObject","inLanguage":"pt-BR","@id":"https:\/\/www.irf-europa.com\/pt-br\/#\/schema\/logo\/image\/","url":"https:\/\/i0.wp.com\/www.irf-europa.com\/wp-content\/uploads\/2021\/10\/irf-europa.png?fit=752%2C248&ssl=1","contentUrl":"https:\/\/i0.wp.com\/www.irf-europa.com\/wp-content\/uploads\/2021\/10\/irf-europa.png?fit=752%2C248&ssl=1","width":752,"height":248,"caption":"IRF Europa"},"image":{"@id":"https:\/\/www.irf-europa.com\/pt-br\/#\/schema\/logo\/image\/"},"sameAs":["https:\/\/www.linkedin.com\/company\/irf-europa-srl\/"]}]}},"jetpack_sharing_enabled":true,"_links":{"self":[{"href":"https:\/\/www.irf-europa.com\/pt-br\/wp-json\/wp\/v2\/pages\/771","targetHints":{"allow":["GET"]}}],"collection":[{"href":"https:\/\/www.irf-europa.com\/pt-br\/wp-json\/wp\/v2\/pages"}],"about":[{"href":"https:\/\/www.irf-europa.com\/pt-br\/wp-json\/wp\/v2\/types\/page"}],"author":[{"embeddable":true,"href":"https:\/\/www.irf-europa.com\/pt-br\/wp-json\/wp\/v2\/users\/1"}],"replies":[{"embeddable":true,"href":"https:\/\/www.irf-europa.com\/pt-br\/wp-json\/wp\/v2\/comments?post=771"}],"version-history":[{"count":5,"href":"https:\/\/www.irf-europa.com\/pt-br\/wp-json\/wp\/v2\/pages\/771\/revisions"}],"predecessor-version":[{"id":965,"href":"https:\/\/www.irf-europa.com\/pt-br\/wp-json\/wp\/v2\/pages\/771\/revisions\/965"}],"up":[{"embeddable":true,"href":"https:\/\/www.irf-europa.com\/pt-br\/wp-json\/wp\/v2\/pages\/765"}],"wp:featuredmedia":[{"embeddable":true,"href":"https:\/\/www.irf-europa.com\/pt-br\/wp-json\/wp\/v2\/media\/657"}],"wp:attachment":[{"href":"https:\/\/www.irf-europa.com\/pt-br\/wp-json\/wp\/v2\/media?parent=771"}],"curies":[{"name":"wp","href":"https:\/\/api.w.org\/{rel}","templated":true}]}}