{"id":775,"date":"2023-05-26T22:52:30","date_gmt":"2023-05-26T20:52:30","guid":{"rendered":"https:\/\/www.irf-europa.com\/servicos\/auditoria\/"},"modified":"2023-10-10T17:29:43","modified_gmt":"2023-10-10T15:29:43","slug":"auditoria","status":"publish","type":"page","link":"https:\/\/www.irf-europa.com\/pt-br\/servicos\/auditoria\/","title":{"rendered":"Auditoria"},"content":{"rendered":"\n<div class=\"wp-block-group bglightgrey py-5\"><div class=\"wp-block-group__inner-container is-layout-flow wp-block-group-is-layout-flow\">\n<div class=\"wp-block-group container\"><div class=\"wp-block-group__inner-container is-layout-flow wp-block-group-is-layout-flow\">\n<h1 class=\"wp-block-heading has-text-align-center mb-4\">Auditoria<\/h1>\n\n\n\n<p class=\"has-text-align-center\">Inspe\u00e7\u00f5es internas e externas regulares permitem avaliar o estado do forno e fazer uma an\u00e1lise preditiva dos poss\u00edveis problemas que poderiam impactar tanto a dura\u00e7\u00e3o da campanha de produ\u00e7\u00e3o quanto a qualidade da produ\u00e7\u00e3o, o consumo de energia e os aspectos de seguran\u00e7a da planta. A IRF fornece um servi\u00e7o de auditoria abrangente para manter a condi\u00e7\u00e3o do forno sob controle e planejar as interven\u00e7\u00f5es necess\u00e1rias a curto, m\u00e9dio e longo prazo.<\/p>\n<\/div><\/div>\n<\/div><\/div>\n\n\n\n<div class=\"wp-block-group container py-5\"><div class=\"wp-block-group__inner-container is-layout-flow wp-block-group-is-layout-flow\">\n<div class=\"wp-block-jetpack-tiled-gallery aligncenter is-style-square\"><div class=\"tiled-gallery__gallery\"><div class=\"tiled-gallery__row columns-7\"><div class=\"tiled-gallery__col\"><figure class=\"tiled-gallery__item\"><a href=\"https:\/\/i0.wp.com\/www.irf-europa.com\/wp-content\/uploads\/2022\/12\/FLIR1313.jpg?ssl=1\" data-lbwps-width=\"464\" data-lbwps-height=\"348\" data-lbwps-srcsmall=\"https:\/\/www.irf-europa.com\/wp-content\/uploads\/2022\/12\/FLIR1313.jpg\"><img decoding=\"async\" srcset=\"https:\/\/i2.wp.com\/www.irf-europa.com\/wp-content\/uploads\/2022\/12\/FLIR1313.jpg?resize=348%2C348&#038;strip=info&#038;ssl=1 348w\" alt=\"\" data-height=\"348\" data-id=\"354\" data-link=\"https:\/\/www.irf-europa.com\/servizi\/inspection\/flir1313\/\" data-url=\"https:\/\/www.irf-europa.com\/wp-content\/uploads\/2022\/12\/FLIR1313.jpg\" data-width=\"464\" src=\"https:\/\/i2.wp.com\/www.irf-europa.com\/wp-content\/uploads\/2022\/12\/FLIR1313.jpg?ssl=1&amp;resize=348%2C348\" data-amp-layout=\"responsive\"\/><\/a><\/figure><\/div><div class=\"tiled-gallery__col\"><figure class=\"tiled-gallery__item\"><a href=\"https:\/\/i0.wp.com\/www.irf-europa.com\/wp-content\/uploads\/2022\/12\/FLIR1685.jpg?ssl=1\" data-lbwps-width=\"464\" data-lbwps-height=\"348\" data-lbwps-srcsmall=\"https:\/\/www.irf-europa.com\/wp-content\/uploads\/2022\/12\/FLIR1685.jpg\"><img decoding=\"async\" srcset=\"https:\/\/i0.wp.com\/www.irf-europa.com\/wp-content\/uploads\/2022\/12\/FLIR1685.jpg?resize=348%2C348&#038;strip=info&#038;ssl=1 348w\" alt=\"\" data-height=\"348\" data-id=\"350\" data-link=\"https:\/\/www.irf-europa.com\/servizi\/inspection\/flir1685\/\" data-url=\"https:\/\/www.irf-europa.com\/wp-content\/uploads\/2022\/12\/FLIR1685.jpg\" data-width=\"464\" src=\"https:\/\/i0.wp.com\/www.irf-europa.com\/wp-content\/uploads\/2022\/12\/FLIR1685.jpg?ssl=1&amp;resize=348%2C348\" data-amp-layout=\"responsive\"\/><\/a><\/figure><\/div><div class=\"tiled-gallery__col\"><figure class=\"tiled-gallery__item\"><a href=\"https:\/\/i0.wp.com\/www.irf-europa.com\/wp-content\/uploads\/2022\/12\/IMG_6833.jpg?ssl=1\" data-lbwps-width=\"1920\" data-lbwps-height=\"1440\" data-lbwps-srcsmall=\"https:\/\/www.irf-europa.com\/wp-content\/uploads\/2022\/12\/IMG_6833-730x548.jpg\"><img decoding=\"async\" srcset=\"https:\/\/i0.wp.com\/www.irf-europa.com\/wp-content\/uploads\/2022\/12\/IMG_6833-1110x833.jpg?resize=600%2C600&#038;strip=info&#038;ssl=1 600w,https:\/\/i0.wp.com\/www.irf-europa.com\/wp-content\/uploads\/2022\/12\/IMG_6833-1110x833.jpg?resize=900%2C900&#038;strip=info&#038;ssl=1 900w,https:\/\/i0.wp.com\/www.irf-europa.com\/wp-content\/uploads\/2022\/12\/IMG_6833-1110x833.jpg?resize=1200%2C1200&#038;strip=info&#038;ssl=1 1200w,https:\/\/i0.wp.com\/www.irf-europa.com\/wp-content\/uploads\/2022\/12\/IMG_6833-1110x833.jpg?resize=1440%2C1440&#038;strip=info&#038;ssl=1 1440w\" alt=\"\" data-height=\"1440\" data-id=\"346\" data-link=\"https:\/\/www.irf-europa.com\/servizi\/inspection\/img_6833\/\" data-url=\"https:\/\/www.irf-europa.com\/wp-content\/uploads\/2022\/12\/IMG_6833-1110x833.jpg\" data-width=\"1920\" src=\"https:\/\/i0.wp.com\/www.irf-europa.com\/wp-content\/uploads\/2022\/12\/IMG_6833-1110x833.jpg?ssl=1&amp;resize=1440%2C1440\" data-amp-layout=\"responsive\"\/><\/a><\/figure><\/div><div class=\"tiled-gallery__col\"><figure class=\"tiled-gallery__item\"><a href=\"https:\/\/i0.wp.com\/www.irf-europa.com\/wp-content\/uploads\/2022\/12\/Immagine10.png?ssl=1\" data-lbwps-width=\"639\" data-lbwps-height=\"410\" data-lbwps-srcsmall=\"https:\/\/www.irf-europa.com\/wp-content\/uploads\/2022\/12\/Immagine10.png\"><img decoding=\"async\" srcset=\"https:\/\/i0.wp.com\/www.irf-europa.com\/wp-content\/uploads\/2022\/12\/Immagine10.png?resize=410%2C410&#038;strip=info&#038;ssl=1 410w\" alt=\"\" data-height=\"410\" data-id=\"342\" data-link=\"https:\/\/www.irf-europa.com\/servizi\/inspection\/immagine10\/\" data-url=\"https:\/\/www.irf-europa.com\/wp-content\/uploads\/2022\/12\/Immagine10.png\" data-width=\"639\" src=\"https:\/\/i0.wp.com\/www.irf-europa.com\/wp-content\/uploads\/2022\/12\/Immagine10.png?ssl=1&amp;resize=410%2C410\" data-amp-layout=\"responsive\"\/><\/a><\/figure><\/div><div class=\"tiled-gallery__col\"><figure class=\"tiled-gallery__item\"><a href=\"https:\/\/i0.wp.com\/www.irf-europa.com\/wp-content\/uploads\/2022\/12\/Immagine7.jpg?ssl=1\" data-lbwps-width=\"470\" data-lbwps-height=\"414\" data-lbwps-srcsmall=\"https:\/\/www.irf-europa.com\/wp-content\/uploads\/2022\/12\/Immagine7.jpg\"><img decoding=\"async\" srcset=\"https:\/\/i0.wp.com\/www.irf-europa.com\/wp-content\/uploads\/2022\/12\/Immagine7.jpg?resize=414%2C414&#038;strip=info&#038;ssl=1 414w\" alt=\"\" data-height=\"414\" data-id=\"338\" data-link=\"https:\/\/www.irf-europa.com\/servizi\/inspection\/immagine7\/\" data-url=\"https:\/\/www.irf-europa.com\/wp-content\/uploads\/2022\/12\/Immagine7.jpg\" data-width=\"470\" src=\"https:\/\/i0.wp.com\/www.irf-europa.com\/wp-content\/uploads\/2022\/12\/Immagine7.jpg?ssl=1&amp;resize=414%2C414\" data-amp-layout=\"responsive\"\/><\/a><\/figure><\/div><div class=\"tiled-gallery__col\"><figure class=\"tiled-gallery__item\"><a href=\"https:\/\/i0.wp.com\/www.irf-europa.com\/wp-content\/uploads\/2022\/12\/Immagine8.jpg?ssl=1\" data-lbwps-width=\"683\" data-lbwps-height=\"850\" data-lbwps-srcsmall=\"https:\/\/www.irf-europa.com\/wp-content\/uploads\/2022\/12\/Immagine8-562x700.jpg\"><img decoding=\"async\" srcset=\"https:\/\/i1.wp.com\/www.irf-europa.com\/wp-content\/uploads\/2022\/12\/Immagine8.jpg?resize=600%2C600&#038;strip=info&#038;ssl=1 600w,https:\/\/i1.wp.com\/www.irf-europa.com\/wp-content\/uploads\/2022\/12\/Immagine8.jpg?resize=683%2C683&#038;strip=info&#038;ssl=1 683w\" alt=\"\" data-height=\"850\" data-id=\"334\" data-link=\"https:\/\/www.irf-europa.com\/servizi\/inspection\/immagine8\/\" data-url=\"https:\/\/www.irf-europa.com\/wp-content\/uploads\/2022\/12\/Immagine8.jpg\" data-width=\"683\" src=\"https:\/\/i1.wp.com\/www.irf-europa.com\/wp-content\/uploads\/2022\/12\/Immagine8.jpg?ssl=1&amp;resize=683%2C683\" data-amp-layout=\"responsive\"\/><\/a><\/figure><\/div><div class=\"tiled-gallery__col\"><figure class=\"tiled-gallery__item\"><a href=\"https:\/\/i0.wp.com\/www.irf-europa.com\/wp-content\/uploads\/2022\/12\/Immagine9.jpg?ssl=1\" data-lbwps-width=\"644\" data-lbwps-height=\"413\" data-lbwps-srcsmall=\"https:\/\/www.irf-europa.com\/wp-content\/uploads\/2022\/12\/Immagine9.jpg\"><img decoding=\"async\" srcset=\"https:\/\/i2.wp.com\/www.irf-europa.com\/wp-content\/uploads\/2022\/12\/Immagine9.jpg?resize=413%2C413&#038;strip=info&#038;ssl=1 413w\" alt=\"\" data-height=\"413\" data-id=\"330\" data-link=\"https:\/\/www.irf-europa.com\/servizi\/inspection\/immagine9\/\" data-url=\"https:\/\/www.irf-europa.com\/wp-content\/uploads\/2022\/12\/Immagine9.jpg\" data-width=\"644\" src=\"https:\/\/i2.wp.com\/www.irf-europa.com\/wp-content\/uploads\/2022\/12\/Immagine9.jpg?ssl=1&amp;resize=413%2C413\" data-amp-layout=\"responsive\"\/><\/a><\/figure><\/div><\/div><\/div><\/div>\n\n\n\n<div style=\"height:0.5rem\" aria-hidden=\"true\" class=\"wp-block-spacer\"><\/div>\n\n\n\n<div class=\"wp-block-columns my-5 is-layout-flex wp-container-core-columns-is-layout-9d6595d7 wp-block-columns-is-layout-flex\">\n<div class=\"wp-block-column is-layout-flow wp-block-column-is-layout-flow\">\n<h2 class=\"wp-block-heading underline h3\"><strong><strong><strong><strong>Endoscopia<\/strong><\/strong><\/strong><\/strong><\/h2>\n<\/div>\n\n\n\n<div class=\"wp-block-column is-layout-flow wp-block-column-is-layout-flow\">\n<p>Atrav\u00e9s de um sistema fotogr\u00e1fico equipado com um endosc\u00f3pio refrigerado a \u00e1gua, s\u00e3o realizadas inspe\u00e7\u00f5es em cada \u00e1rea do forno, incluindo aquelas n\u00e3o vis\u00edveis diretamente das vigias de inspe\u00e7\u00e3o. O endosc\u00f3pio \u00e9 equipado com lentes especiais que permitem observar tanto as \u00e1reas em linha axial ao endosc\u00f3pio quanto aquelas colocadas a 90 graus.<\/p>\n<\/div>\n<\/div>\n\n\n\n<hr class=\"wp-block-separator has-css-opacity my-xl\"\/>\n\n\n\n<div class=\"wp-block-columns my-5 is-layout-flex wp-container-core-columns-is-layout-9d6595d7 wp-block-columns-is-layout-flex\">\n<div class=\"wp-block-column is-layout-flow wp-block-column-is-layout-flow\">\n<h2 class=\"wp-block-heading underline h3\"><strong><strong><strong><strong>Videoendoscopia<\/strong><\/strong><\/strong><\/strong><\/h2>\n<\/div>\n\n\n\n<div class=\"wp-block-column is-layout-flow wp-block-column-is-layout-flow\">\n<p>O videoendosc\u00f3pio \u00e9 um endosc\u00f3pio de nossa produ\u00e7\u00e3o que permite observar \u00e1reas de dif\u00edcil acesso com t\u00e9cnicas cl\u00e1ssicas (por exemplo, o estado dos cruciformes na base das c\u00e2maras regeneradoras).<\/p>\n\n\n\n<p>Sendo um produto IRF, o v\u00eddeo-endosc\u00f3pio pode ser feito ad-hoc com comprimentos e \u00e2ngulos de vis\u00e3o espec\u00edficos, tornando-se assim uma ferramenta fundamental que pode ser estudada de acordo com os diferentes ambientes do forno e os espa\u00e7os externos dispon\u00edveis.<\/p>\n<\/div>\n<\/div>\n\n\n\n<hr class=\"wp-block-separator has-css-opacity my-xl\"\/>\n\n\n\n<div class=\"wp-block-columns my-5 is-layout-flex wp-container-core-columns-is-layout-9d6595d7 wp-block-columns-is-layout-flex\">\n<div class=\"wp-block-column is-layout-flow wp-block-column-is-layout-flow\">\n<h2 class=\"wp-block-heading underline h3\"><strong><strong><strong><strong><strong>Termografia<\/strong><\/strong><\/strong><\/strong><\/strong><\/h2>\n<\/div>\n\n\n\n<div class=\"wp-block-column is-layout-flow wp-block-column-is-layout-flow\">\n<p>Usando uma c\u00e2mera t\u00e9rmica \u00e9 poss\u00edvel verificar o estado dos refrat\u00e1rios tanto do contato vidro quanto da superestrutura, prevendo antecipadamente as poss\u00edveis situa\u00e7\u00f5es cr\u00edticas e planejando interven\u00e7\u00f5es adequadas.<\/p>\n<\/div>\n<\/div>\n\n\n\n<hr class=\"wp-block-separator has-css-opacity my-xl\"\/>\n\n\n\n<div class=\"wp-block-columns my-5 is-layout-flex wp-container-core-columns-is-layout-9d6595d7 wp-block-columns-is-layout-flex\">\n<div class=\"wp-block-column is-layout-flow wp-block-column-is-layout-flow\">\n<h2 class=\"wp-block-heading underline h3\"><strong><strong><strong><strong><strong><strong>Auditoria completa<\/strong><\/strong><\/strong><\/strong><\/strong><\/strong><\/h2>\n<\/div>\n\n\n\n<div class=\"wp-block-column is-layout-flow wp-block-column-is-layout-flow\">\n<p>Um servi\u00e7o completo que combina endoscopia, termografia e a expertise de nossos engenheiros. A auditoria completa permite que voc\u00ea elabore um relat\u00f3rio sobre o estado estrutural do forno, portanto, \u00e9 poss\u00edvel identificar as interven\u00e7\u00f5es de manuten\u00e7\u00e3o mais adequadas para minimizar problemas imprevistos e continuar na campanha de produ\u00e7\u00e3o do forno.<\/p>\n<\/div>\n<\/div>\n\n\n\n<p><\/p>\n<\/div><\/div>\n","protected":false},"excerpt":{"rendered":"<p>Auditoria Inspe\u00e7\u00f5es internas e externas regulares permitem avaliar o estado do forno e fazer uma an\u00e1lise preditiva dos poss\u00edveis problemas&hellip;<\/p>\n<p><a class=\"btn btn-dark btn-sm websoup-read-more-link\" href=\"https:\/\/www.irf-europa.com\/pt-br\/servicos\/auditoria\/\">Read More&#8230;<\/a><\/p>\n","protected":false},"author":1,"featured_media":649,"parent":765,"menu_order":0,"comment_status":"closed","ping_status":"closed","template":"page-templates\/empty.php","meta":{"inline_featured_image":false,"footnotes":""},"class_list":["post-775","page","type-page","status-publish","has-post-thumbnail","hentry"],"yoast_head":"<!-- This site is optimized with the Yoast SEO plugin v27.5 - https:\/\/yoast.com\/product\/yoast-seo-wordpress\/ -->\n<title>Auditoria - IRF Europa<\/title>\n<meta name=\"robots\" content=\"index, follow, max-snippet:-1, max-image-preview:large, max-video-preview:-1\" \/>\n<link rel=\"canonical\" href=\"https:\/\/www.irf-europa.com\/pt-br\/servicos\/auditoria\/\" \/>\n<meta property=\"og:locale\" content=\"pt_BR\" \/>\n<meta property=\"og:type\" content=\"article\" \/>\n<meta property=\"og:title\" content=\"Auditoria - IRF Europa\" \/>\n<meta property=\"og:description\" content=\"Auditoria Inspe\u00e7\u00f5es internas e externas regulares permitem avaliar o estado do forno e fazer uma an\u00e1lise preditiva dos poss\u00edveis problemas&hellip;Read More...\" \/>\n<meta property=\"og:url\" content=\"https:\/\/www.irf-europa.com\/pt-br\/servicos\/auditoria\/\" \/>\n<meta property=\"og:site_name\" content=\"IRF Europa\" \/>\n<meta property=\"article:modified_time\" content=\"2023-10-10T15:29:43+00:00\" \/>\n<meta property=\"og:image\" content=\"https:\/\/www.irf-europa.com\/wp-content\/uploads\/2021\/10\/auditing.jpg\" \/>\n\t<meta property=\"og:image:width\" content=\"2048\" \/>\n\t<meta property=\"og:image:height\" content=\"2048\" \/>\n\t<meta property=\"og:image:type\" content=\"image\/jpeg\" \/>\n<meta name=\"twitter:card\" content=\"summary_large_image\" \/>\n<meta name=\"twitter:label1\" content=\"Est. tempo de leitura\" \/>\n\t<meta name=\"twitter:data1\" content=\"3 minutos\" \/>\n<script type=\"application\/ld+json\" class=\"yoast-schema-graph\">{\"@context\":\"https:\\\/\\\/schema.org\",\"@graph\":[{\"@type\":\"WebPage\",\"@id\":\"https:\\\/\\\/www.irf-europa.com\\\/pt-br\\\/servicos\\\/auditoria\\\/\",\"url\":\"https:\\\/\\\/www.irf-europa.com\\\/pt-br\\\/servicos\\\/auditoria\\\/\",\"name\":\"Auditoria - IRF Europa\",\"isPartOf\":{\"@id\":\"https:\\\/\\\/www.irf-europa.com\\\/pt-br\\\/#website\"},\"primaryImageOfPage\":{\"@id\":\"https:\\\/\\\/www.irf-europa.com\\\/pt-br\\\/servicos\\\/auditoria\\\/#primaryimage\"},\"image\":{\"@id\":\"https:\\\/\\\/www.irf-europa.com\\\/pt-br\\\/servicos\\\/auditoria\\\/#primaryimage\"},\"thumbnailUrl\":\"https:\\\/\\\/i0.wp.com\\\/www.irf-europa.com\\\/wp-content\\\/uploads\\\/2021\\\/10\\\/auditing.jpg?fit=2048%2C2048&ssl=1\",\"datePublished\":\"2023-05-26T20:52:30+00:00\",\"dateModified\":\"2023-10-10T15:29:43+00:00\",\"breadcrumb\":{\"@id\":\"https:\\\/\\\/www.irf-europa.com\\\/pt-br\\\/servicos\\\/auditoria\\\/#breadcrumb\"},\"inLanguage\":\"pt-BR\",\"potentialAction\":[{\"@type\":\"ReadAction\",\"target\":[\"https:\\\/\\\/www.irf-europa.com\\\/pt-br\\\/servicos\\\/auditoria\\\/\"]}]},{\"@type\":\"ImageObject\",\"inLanguage\":\"pt-BR\",\"@id\":\"https:\\\/\\\/www.irf-europa.com\\\/pt-br\\\/servicos\\\/auditoria\\\/#primaryimage\",\"url\":\"https:\\\/\\\/i0.wp.com\\\/www.irf-europa.com\\\/wp-content\\\/uploads\\\/2021\\\/10\\\/auditing.jpg?fit=2048%2C2048&ssl=1\",\"contentUrl\":\"https:\\\/\\\/i0.wp.com\\\/www.irf-europa.com\\\/wp-content\\\/uploads\\\/2021\\\/10\\\/auditing.jpg?fit=2048%2C2048&ssl=1\",\"width\":2048,\"height\":2048},{\"@type\":\"BreadcrumbList\",\"@id\":\"https:\\\/\\\/www.irf-europa.com\\\/pt-br\\\/servicos\\\/auditoria\\\/#breadcrumb\",\"itemListElement\":[{\"@type\":\"ListItem\",\"position\":1,\"name\":\"Home\",\"item\":\"https:\\\/\\\/www.irf-europa.com\\\/pt-br\\\/\"},{\"@type\":\"ListItem\",\"position\":2,\"name\":\"Servi\u00e7os\",\"item\":\"https:\\\/\\\/www.irf-europa.com\\\/pt-br\\\/servicos\\\/?lang=pt-br\"},{\"@type\":\"ListItem\",\"position\":3,\"name\":\"Auditoria\"}]},{\"@type\":\"WebSite\",\"@id\":\"https:\\\/\\\/www.irf-europa.com\\\/pt-br\\\/#website\",\"url\":\"https:\\\/\\\/www.irf-europa.com\\\/pt-br\\\/\",\"name\":\"IRF Europa\",\"description\":\"Riparazione e manutenzione di forni per la fusione del vetro\",\"publisher\":{\"@id\":\"https:\\\/\\\/www.irf-europa.com\\\/pt-br\\\/#organization\"},\"potentialAction\":[{\"@type\":\"SearchAction\",\"target\":{\"@type\":\"EntryPoint\",\"urlTemplate\":\"https:\\\/\\\/www.irf-europa.com\\\/pt-br\\\/?s={search_term_string}\"},\"query-input\":{\"@type\":\"PropertyValueSpecification\",\"valueRequired\":true,\"valueName\":\"search_term_string\"}}],\"inLanguage\":\"pt-BR\"},{\"@type\":\"Organization\",\"@id\":\"https:\\\/\\\/www.irf-europa.com\\\/pt-br\\\/#organization\",\"name\":\"IRF Europa\",\"url\":\"https:\\\/\\\/www.irf-europa.com\\\/pt-br\\\/\",\"logo\":{\"@type\":\"ImageObject\",\"inLanguage\":\"pt-BR\",\"@id\":\"https:\\\/\\\/www.irf-europa.com\\\/pt-br\\\/#\\\/schema\\\/logo\\\/image\\\/\",\"url\":\"https:\\\/\\\/i0.wp.com\\\/www.irf-europa.com\\\/wp-content\\\/uploads\\\/2021\\\/10\\\/irf-europa.png?fit=752%2C248&ssl=1\",\"contentUrl\":\"https:\\\/\\\/i0.wp.com\\\/www.irf-europa.com\\\/wp-content\\\/uploads\\\/2021\\\/10\\\/irf-europa.png?fit=752%2C248&ssl=1\",\"width\":752,\"height\":248,\"caption\":\"IRF Europa\"},\"image\":{\"@id\":\"https:\\\/\\\/www.irf-europa.com\\\/pt-br\\\/#\\\/schema\\\/logo\\\/image\\\/\"},\"sameAs\":[\"https:\\\/\\\/www.linkedin.com\\\/company\\\/irf-europa-srl\\\/\"]}]}<\/script>\n<!-- \/ Yoast SEO plugin. -->","yoast_head_json":{"title":"Auditoria - IRF Europa","robots":{"index":"index","follow":"follow","max-snippet":"max-snippet:-1","max-image-preview":"max-image-preview:large","max-video-preview":"max-video-preview:-1"},"canonical":"https:\/\/www.irf-europa.com\/pt-br\/servicos\/auditoria\/","og_locale":"pt_BR","og_type":"article","og_title":"Auditoria - IRF Europa","og_description":"Auditoria Inspe\u00e7\u00f5es internas e externas regulares permitem avaliar o estado do forno e fazer uma an\u00e1lise preditiva dos poss\u00edveis problemas&hellip;Read More...","og_url":"https:\/\/www.irf-europa.com\/pt-br\/servicos\/auditoria\/","og_site_name":"IRF Europa","article_modified_time":"2023-10-10T15:29:43+00:00","og_image":[{"width":2048,"height":2048,"url":"https:\/\/www.irf-europa.com\/wp-content\/uploads\/2021\/10\/auditing.jpg","type":"image\/jpeg"}],"twitter_card":"summary_large_image","twitter_misc":{"Est. tempo de leitura":"3 minutos"},"schema":{"@context":"https:\/\/schema.org","@graph":[{"@type":"WebPage","@id":"https:\/\/www.irf-europa.com\/pt-br\/servicos\/auditoria\/","url":"https:\/\/www.irf-europa.com\/pt-br\/servicos\/auditoria\/","name":"Auditoria - IRF Europa","isPartOf":{"@id":"https:\/\/www.irf-europa.com\/pt-br\/#website"},"primaryImageOfPage":{"@id":"https:\/\/www.irf-europa.com\/pt-br\/servicos\/auditoria\/#primaryimage"},"image":{"@id":"https:\/\/www.irf-europa.com\/pt-br\/servicos\/auditoria\/#primaryimage"},"thumbnailUrl":"https:\/\/i0.wp.com\/www.irf-europa.com\/wp-content\/uploads\/2021\/10\/auditing.jpg?fit=2048%2C2048&ssl=1","datePublished":"2023-05-26T20:52:30+00:00","dateModified":"2023-10-10T15:29:43+00:00","breadcrumb":{"@id":"https:\/\/www.irf-europa.com\/pt-br\/servicos\/auditoria\/#breadcrumb"},"inLanguage":"pt-BR","potentialAction":[{"@type":"ReadAction","target":["https:\/\/www.irf-europa.com\/pt-br\/servicos\/auditoria\/"]}]},{"@type":"ImageObject","inLanguage":"pt-BR","@id":"https:\/\/www.irf-europa.com\/pt-br\/servicos\/auditoria\/#primaryimage","url":"https:\/\/i0.wp.com\/www.irf-europa.com\/wp-content\/uploads\/2021\/10\/auditing.jpg?fit=2048%2C2048&ssl=1","contentUrl":"https:\/\/i0.wp.com\/www.irf-europa.com\/wp-content\/uploads\/2021\/10\/auditing.jpg?fit=2048%2C2048&ssl=1","width":2048,"height":2048},{"@type":"BreadcrumbList","@id":"https:\/\/www.irf-europa.com\/pt-br\/servicos\/auditoria\/#breadcrumb","itemListElement":[{"@type":"ListItem","position":1,"name":"Home","item":"https:\/\/www.irf-europa.com\/pt-br\/"},{"@type":"ListItem","position":2,"name":"Servi\u00e7os","item":"https:\/\/www.irf-europa.com\/pt-br\/servicos\/?lang=pt-br"},{"@type":"ListItem","position":3,"name":"Auditoria"}]},{"@type":"WebSite","@id":"https:\/\/www.irf-europa.com\/pt-br\/#website","url":"https:\/\/www.irf-europa.com\/pt-br\/","name":"IRF Europa","description":"Riparazione e manutenzione di forni per la fusione del vetro","publisher":{"@id":"https:\/\/www.irf-europa.com\/pt-br\/#organization"},"potentialAction":[{"@type":"SearchAction","target":{"@type":"EntryPoint","urlTemplate":"https:\/\/www.irf-europa.com\/pt-br\/?s={search_term_string}"},"query-input":{"@type":"PropertyValueSpecification","valueRequired":true,"valueName":"search_term_string"}}],"inLanguage":"pt-BR"},{"@type":"Organization","@id":"https:\/\/www.irf-europa.com\/pt-br\/#organization","name":"IRF Europa","url":"https:\/\/www.irf-europa.com\/pt-br\/","logo":{"@type":"ImageObject","inLanguage":"pt-BR","@id":"https:\/\/www.irf-europa.com\/pt-br\/#\/schema\/logo\/image\/","url":"https:\/\/i0.wp.com\/www.irf-europa.com\/wp-content\/uploads\/2021\/10\/irf-europa.png?fit=752%2C248&ssl=1","contentUrl":"https:\/\/i0.wp.com\/www.irf-europa.com\/wp-content\/uploads\/2021\/10\/irf-europa.png?fit=752%2C248&ssl=1","width":752,"height":248,"caption":"IRF Europa"},"image":{"@id":"https:\/\/www.irf-europa.com\/pt-br\/#\/schema\/logo\/image\/"},"sameAs":["https:\/\/www.linkedin.com\/company\/irf-europa-srl\/"]}]}},"jetpack_sharing_enabled":true,"_links":{"self":[{"href":"https:\/\/www.irf-europa.com\/pt-br\/wp-json\/wp\/v2\/pages\/775","targetHints":{"allow":["GET"]}}],"collection":[{"href":"https:\/\/www.irf-europa.com\/pt-br\/wp-json\/wp\/v2\/pages"}],"about":[{"href":"https:\/\/www.irf-europa.com\/pt-br\/wp-json\/wp\/v2\/types\/page"}],"author":[{"embeddable":true,"href":"https:\/\/www.irf-europa.com\/pt-br\/wp-json\/wp\/v2\/users\/1"}],"replies":[{"embeddable":true,"href":"https:\/\/www.irf-europa.com\/pt-br\/wp-json\/wp\/v2\/comments?post=775"}],"version-history":[{"count":4,"href":"https:\/\/www.irf-europa.com\/pt-br\/wp-json\/wp\/v2\/pages\/775\/revisions"}],"predecessor-version":[{"id":956,"href":"https:\/\/www.irf-europa.com\/pt-br\/wp-json\/wp\/v2\/pages\/775\/revisions\/956"}],"up":[{"embeddable":true,"href":"https:\/\/www.irf-europa.com\/pt-br\/wp-json\/wp\/v2\/pages\/765"}],"wp:featuredmedia":[{"embeddable":true,"href":"https:\/\/www.irf-europa.com\/pt-br\/wp-json\/wp\/v2\/media\/649"}],"wp:attachment":[{"href":"https:\/\/www.irf-europa.com\/pt-br\/wp-json\/wp\/v2\/media?parent=775"}],"curies":[{"name":"wp","href":"https:\/\/api.w.org\/{rel}","templated":true}]}}